{"id":4219,"date":"2024-05-30T13:53:32","date_gmt":"2024-05-30T11:53:32","guid":{"rendered":"https:\/\/www.lama-bfc.sk\/?post_type=product&#038;p=4219"},"modified":"2025-10-01T10:56:14","modified_gmt":"2025-10-01T08:56:14","slug":"hana-coral","status":"publish","type":"product","link":"https:\/\/www.lama-bfc.sk\/sk\/produkt\/hana-coral\/","title":{"rendered":"Hana Coral"},"content":{"rendered":"","protected":false},"excerpt":{"rendered":"<p class=\"p1\"><span class=\"s1\">Do t\u00fdchto \u0161iat som sa zamilovala na prv\u00fd poh\u013ead. Ver\u00edm, \u017ee n\u00e1s bude viac. Vo\u013en\u00fd, pred\u013a\u017een\u00fd strih \u0161iat, efektn\u00e9 vol\u00e1ny okolo ruk\u00e1vov, u\u0161it\u00e9 z jedine\u010dn\u00e9ho materi\u00e1lu v spojen\u00ed mu\u0161el\u00ednu a bambusu. Bud\u00fa v\u00e1s hladka\u0165 a obj\u00edma\u0165. \u263a\ufe0f<\/span><\/p>\n<p class=\"p1\"><span class=\"s1\">Pohodln\u00e9 a disk\u00e9tne doj\u010denie zabezpe\u010dia dva zvisl\u00e9 zipsy na prednej strane \u0161iat. A ke\u010f\u017ee tieto \u0161aty nie s\u00fa iba kr\u00e1sne ale aj super praktick\u00e9, nesm\u00fa na nich ch\u00fdba\u0165 vreck\u00e1. <\/span><\/p>\n<p class=\"p1\"><span class=\"s1\">Tak po\u010fte sa zamilova\u0165 tie\u017e.<\/span><\/p>\n","protected":false},"featured_media":4188,"template":"","meta":[],"product_brand":[],"product_cat":[151,62],"product_tag":[149],"class_list":{"0":"post-4219","1":"product","2":"type-product","3":"status-publish","4":"has-post-thumbnail","6":"product_cat-rozkvitnuta","7":"product_cat-saty","8":"product_tag-muselinbambus","9":"","11":"first","12":"outofstock","13":"sale","14":"shipping-taxable","15":"purchasable","16":"product-type-variable"},"jetpack_sharing_enabled":true,"_links":{"self":[{"href":"https:\/\/www.lama-bfc.sk\/sk\/wp-json\/wp\/v2\/product\/4219","targetHints":{"allow":["GET"]}}],"collection":[{"href":"https:\/\/www.lama-bfc.sk\/sk\/wp-json\/wp\/v2\/product"}],"about":[{"href":"https:\/\/www.lama-bfc.sk\/sk\/wp-json\/wp\/v2\/types\/product"}],"wp:featuredmedia":[{"embeddable":true,"href":"https:\/\/www.lama-bfc.sk\/sk\/wp-json\/wp\/v2\/media\/4188"}],"wp:attachment":[{"href":"https:\/\/www.lama-bfc.sk\/sk\/wp-json\/wp\/v2\/media?parent=4219"}],"wp:term":[{"taxonomy":"product_brand","embeddable":true,"href":"https:\/\/www.lama-bfc.sk\/sk\/wp-json\/wp\/v2\/product_brand?post=4219"},{"taxonomy":"product_cat","embeddable":true,"href":"https:\/\/www.lama-bfc.sk\/sk\/wp-json\/wp\/v2\/product_cat?post=4219"},{"taxonomy":"product_tag","embeddable":true,"href":"https:\/\/www.lama-bfc.sk\/sk\/wp-json\/wp\/v2\/product_tag?post=4219"}],"curies":[{"name":"wp","href":"https:\/\/api.w.org\/{rel}","templated":true}]}}