{"id":4113,"date":"2024-05-26T22:00:40","date_gmt":"2024-05-26T20:00:40","guid":{"rendered":"https:\/\/www.lama-bfc.sk\/?post_type=product&#038;p=4113"},"modified":"2025-09-30T13:44:40","modified_gmt":"2025-09-30T11:44:40","slug":"penelope-meadow","status":"publish","type":"product","link":"https:\/\/www.lama-bfc.sk\/sk\/produkt\/penelope-meadow\/","title":{"rendered":"Penelope Meadow"},"content":{"rendered":"","protected":false},"excerpt":{"rendered":"<p class=\"p1\"><span class=\"s1\">V\u00fdnimo\u010dn\u00e9 zavinovacie \u0161aty z na\u0161ej dielne. S\u00fa na tenk\u00e9 ramienka, tak\u017ee \u00faplne skvel\u00e9 na hor\u00face letn\u00e9 dni, kedy ich skuto\u010dne ocen\u00edte. Doj\u010denie zabezpe\u010duje dostato\u010dne hlbok\u00fd v\u00fdstrih \u0161iat a zavinovanie, ktor\u00e9 sa d\u00e1 v pr\u00edpade potreby jednoducho povoli\u0165. Strih \u0161iat Penelope vyzdvihne va\u0161u \u017eenskos\u0165 a kr\u00e1su. U\u0161it\u00e9 z jedine\u010dn\u00e9ho kvetinov\u00e9ho vzoru z jemnej visk\u00f3zy, pod\u0161it\u00e9 bavlnou. <\/span><\/p>\n<p class=\"p1\"><span class=\"s1\">Navrhnut\u00e9 a vyroben\u00e9 na Slovensku.<\/span><\/p>\n","protected":false},"featured_media":4179,"template":"","meta":[],"product_brand":[],"product_cat":[151,62],"product_tag":[142],"class_list":{"0":"post-4113","1":"product","2":"type-product","3":"status-publish","4":"has-post-thumbnail","6":"product_cat-rozkvitnuta","7":"product_cat-saty","8":"product_tag-viscose","9":"","11":"first","12":"instock","13":"sale","14":"shipping-taxable","15":"purchasable","16":"product-type-variable"},"jetpack_sharing_enabled":true,"_links":{"self":[{"href":"https:\/\/www.lama-bfc.sk\/sk\/wp-json\/wp\/v2\/product\/4113","targetHints":{"allow":["GET"]}}],"collection":[{"href":"https:\/\/www.lama-bfc.sk\/sk\/wp-json\/wp\/v2\/product"}],"about":[{"href":"https:\/\/www.lama-bfc.sk\/sk\/wp-json\/wp\/v2\/types\/product"}],"wp:featuredmedia":[{"embeddable":true,"href":"https:\/\/www.lama-bfc.sk\/sk\/wp-json\/wp\/v2\/media\/4179"}],"wp:attachment":[{"href":"https:\/\/www.lama-bfc.sk\/sk\/wp-json\/wp\/v2\/media?parent=4113"}],"wp:term":[{"taxonomy":"product_brand","embeddable":true,"href":"https:\/\/www.lama-bfc.sk\/sk\/wp-json\/wp\/v2\/product_brand?post=4113"},{"taxonomy":"product_cat","embeddable":true,"href":"https:\/\/www.lama-bfc.sk\/sk\/wp-json\/wp\/v2\/product_cat?post=4113"},{"taxonomy":"product_tag","embeddable":true,"href":"https:\/\/www.lama-bfc.sk\/sk\/wp-json\/wp\/v2\/product_tag?post=4113"}],"curies":[{"name":"wp","href":"https:\/\/api.w.org\/{rel}","templated":true}]}}