{"id":4108,"date":"2024-05-26T13:52:56","date_gmt":"2024-05-26T11:52:56","guid":{"rendered":"https:\/\/www.lama-bfc.sk\/?post_type=product&#038;p=4108"},"modified":"2026-04-22T20:18:31","modified_gmt":"2026-04-22T18:18:31","slug":"hana-meadow","status":"publish","type":"product","link":"https:\/\/www.lama-bfc.sk\/sk\/produkt\/hana-meadow\/","title":{"rendered":"Hana Meadow"},"content":{"rendered":"","protected":false},"excerpt":{"rendered":"<p class=\"p1\">Do t\u00fdchto \u0161iat som sa zamilovala na prv\u00fd poh\u013ead. Ver\u00edm, \u017ee n\u00e1s bude viac. Vo\u013en\u00fd, pred\u013a\u017een\u00fd strih \u0161iat, efektn\u00e9 vol\u00e1ny okolo ruk\u00e1vov, u\u0161it\u00e9 v kr\u00e1snom a jedine\u010dnom kvetinovom vzore z tej najjemnej\u0161ej visk\u00f3zy. Bud\u00fa v\u00e1s hladka\u0165 a obj\u00edma\u0165. \u263a\ufe0f<\/p>\n<p class=\"p1\">Pohodln\u00e9 a disk\u00e9tne doj\u010denie zabezpe\u010dia dva zvisl\u00e9 zipsy na prednej strane \u0161iat. A ke\u010f\u017ee tieto \u0161aty nie s\u00fa iba kr\u00e1sne ale aj super praktick\u00e9, nesm\u00fa na nich ch\u00fdba\u0165 vreck\u00e1.<\/p>\n<p class=\"p1\"><span class=\"s1\">Tak sa po\u010fte zamilova\u0165 tie\u017e. <\/span><\/p>\n<p class=\"p1\"><span class=\"s1\">Navrhnut\u00e9 a vyroben\u00e9 na Slovensku.<\/span><\/p>\n","protected":false},"featured_media":4204,"template":"","meta":[],"product_brand":[],"product_cat":[151,62],"product_tag":[142],"class_list":{"0":"post-4108","1":"product","2":"type-product","3":"status-publish","4":"has-post-thumbnail","6":"product_cat-rozkvitnuta","7":"product_cat-saty","8":"product_tag-viscose","9":"","11":"first","12":"instock","13":"sale","14":"shipping-taxable","15":"purchasable","16":"product-type-variable"},"jetpack_sharing_enabled":true,"_links":{"self":[{"href":"https:\/\/www.lama-bfc.sk\/sk\/wp-json\/wp\/v2\/product\/4108","targetHints":{"allow":["GET"]}}],"collection":[{"href":"https:\/\/www.lama-bfc.sk\/sk\/wp-json\/wp\/v2\/product"}],"about":[{"href":"https:\/\/www.lama-bfc.sk\/sk\/wp-json\/wp\/v2\/types\/product"}],"wp:featuredmedia":[{"embeddable":true,"href":"https:\/\/www.lama-bfc.sk\/sk\/wp-json\/wp\/v2\/media\/4204"}],"wp:attachment":[{"href":"https:\/\/www.lama-bfc.sk\/sk\/wp-json\/wp\/v2\/media?parent=4108"}],"wp:term":[{"taxonomy":"product_brand","embeddable":true,"href":"https:\/\/www.lama-bfc.sk\/sk\/wp-json\/wp\/v2\/product_brand?post=4108"},{"taxonomy":"product_cat","embeddable":true,"href":"https:\/\/www.lama-bfc.sk\/sk\/wp-json\/wp\/v2\/product_cat?post=4108"},{"taxonomy":"product_tag","embeddable":true,"href":"https:\/\/www.lama-bfc.sk\/sk\/wp-json\/wp\/v2\/product_tag?post=4108"}],"curies":[{"name":"wp","href":"https:\/\/api.w.org\/{rel}","templated":true}]}}