{"id":4103,"date":"2024-05-25T22:10:14","date_gmt":"2024-05-25T20:10:14","guid":{"rendered":"https:\/\/www.lama-bfc.sk\/?post_type=product&#038;p=4103"},"modified":"2025-09-30T13:50:51","modified_gmt":"2025-09-30T11:50:51","slug":"sara-powder-pink","status":"publish","type":"product","link":"https:\/\/www.lama-bfc.sk\/sk\/produkt\/sara-powder-pink\/","title":{"rendered":"S\u00e1ra powder pink"},"content":{"rendered":"","protected":false},"excerpt":{"rendered":"<p class=\"p1\"><span class=\"s1\">Romantick\u00e9 \u0161aty na doj\u010denie S\u00e1ra, s\u00fa vhodn\u00e9 na ak\u00fako\u013evek pr\u00edle\u017eitos\u0165. \u010ci u\u017e sa idete prejs\u0165 do mesta, na zmrzlinu, alebo sa vyberiete na rodinn\u00fa oslavu \u010di dovolenku, bud\u00fa neodmyslite\u013enou s\u00fa\u010das\u0165ou va\u0161ich letn\u00fdch dn\u00ed. S\u00fa z tej najjemnej\u0161ej visk\u00f3zy v kr\u00e1snom kvetinkovom dizajne. Zipsy priamo pod prsiami zabezpe\u010dia jednoduch\u00e9 a ve\u013emi komfortn\u00e9 doj\u010denie v\u00e1\u0161ho b\u00e1b\u00e4tka. Zvon\u010dekov\u00fd strih ruk\u00e1vov dokonale \u00a0dop\u013a\u0148a celkov\u00fd vzh\u013ead t\u00fdchto jedine\u010dn\u00fdch \u0161iat. <\/span><\/p>\n<p class=\"p2\"><span class=\"s2\">Navrhnut\u00e9 a vyroben\u00e9 na Slovensku.<\/span><\/p>\n","protected":false},"featured_media":4213,"template":"","meta":[],"product_brand":[],"product_cat":[151,62],"product_tag":[142],"class_list":{"0":"post-4103","1":"product","2":"type-product","3":"status-publish","4":"has-post-thumbnail","6":"product_cat-rozkvitnuta","7":"product_cat-saty","8":"product_tag-viscose","9":"","11":"first","12":"instock","13":"sale","14":"shipping-taxable","15":"purchasable","16":"product-type-variable","17":"has-default-attributes"},"jetpack_sharing_enabled":true,"_links":{"self":[{"href":"https:\/\/www.lama-bfc.sk\/sk\/wp-json\/wp\/v2\/product\/4103","targetHints":{"allow":["GET"]}}],"collection":[{"href":"https:\/\/www.lama-bfc.sk\/sk\/wp-json\/wp\/v2\/product"}],"about":[{"href":"https:\/\/www.lama-bfc.sk\/sk\/wp-json\/wp\/v2\/types\/product"}],"wp:featuredmedia":[{"embeddable":true,"href":"https:\/\/www.lama-bfc.sk\/sk\/wp-json\/wp\/v2\/media\/4213"}],"wp:attachment":[{"href":"https:\/\/www.lama-bfc.sk\/sk\/wp-json\/wp\/v2\/media?parent=4103"}],"wp:term":[{"taxonomy":"product_brand","embeddable":true,"href":"https:\/\/www.lama-bfc.sk\/sk\/wp-json\/wp\/v2\/product_brand?post=4103"},{"taxonomy":"product_cat","embeddable":true,"href":"https:\/\/www.lama-bfc.sk\/sk\/wp-json\/wp\/v2\/product_cat?post=4103"},{"taxonomy":"product_tag","embeddable":true,"href":"https:\/\/www.lama-bfc.sk\/sk\/wp-json\/wp\/v2\/product_tag?post=4103"}],"curies":[{"name":"wp","href":"https:\/\/api.w.org\/{rel}","templated":true}]}}