{"id":3809,"date":"2023-07-03T07:55:25","date_gmt":"2023-07-03T05:55:25","guid":{"rendered":"https:\/\/www.lama-bfc.sk\/?post_type=product&#038;p=3809"},"modified":"2025-12-05T23:06:47","modified_gmt":"2025-12-05T22:06:47","slug":"detske-tricko-juicy","status":"publish","type":"product","link":"https:\/\/www.lama-bfc.sk\/sk\/produkt\/detske-tricko-juicy\/","title":{"rendered":"Detsk\u00e9 tri\u010dko JUICY"},"content":{"rendered":"","protected":false},"excerpt":{"rendered":"<p>\u010co nesmie ch\u00fdba\u0165 \u017eiadnemu mal\u00e9mu letn\u00e9mu objavite\u013eovi? No predsa tri\u010dko pohodln\u00e9ho strihu, bez zbyto\u010dn\u00fdch \u0161vov na ramen\u00e1ch, vyroben\u00e9 z recyklovan\u00fdch materi\u00e1lov, ktor\u00e9 u\u0161etrili mno\u017estvo vody, CO2 aj energi\u00ed. Tri\u010dko je doplnen\u00e9 o \u0161\u0165avnat\u00fa autorsk\u00fa potla\u010d z na\u0161ej dielne. Sta\u010d\u00ed si u\u017e len vybra\u0165 t\u00fa svoju kombin\u00e1ciu. \ud83d\ude42<\/p>\n","protected":false},"featured_media":3902,"template":"","meta":[],"product_brand":[],"product_cat":[103,99],"product_tag":[98],"class_list":{"0":"post-3809","1":"product","2":"type-product","3":"status-publish","4":"has-post-thumbnail","6":"product_cat-detske-oblecenie","7":"product_cat-lama-kids","8":"product_tag-recycled","9":"","11":"first","12":"instock","13":"sale","14":"shipping-taxable","15":"purchasable","16":"product-type-variable"},"jetpack_sharing_enabled":true,"_links":{"self":[{"href":"https:\/\/www.lama-bfc.sk\/sk\/wp-json\/wp\/v2\/product\/3809","targetHints":{"allow":["GET"]}}],"collection":[{"href":"https:\/\/www.lama-bfc.sk\/sk\/wp-json\/wp\/v2\/product"}],"about":[{"href":"https:\/\/www.lama-bfc.sk\/sk\/wp-json\/wp\/v2\/types\/product"}],"wp:featuredmedia":[{"embeddable":true,"href":"https:\/\/www.lama-bfc.sk\/sk\/wp-json\/wp\/v2\/media\/3902"}],"wp:attachment":[{"href":"https:\/\/www.lama-bfc.sk\/sk\/wp-json\/wp\/v2\/media?parent=3809"}],"wp:term":[{"taxonomy":"product_brand","embeddable":true,"href":"https:\/\/www.lama-bfc.sk\/sk\/wp-json\/wp\/v2\/product_brand?post=3809"},{"taxonomy":"product_cat","embeddable":true,"href":"https:\/\/www.lama-bfc.sk\/sk\/wp-json\/wp\/v2\/product_cat?post=3809"},{"taxonomy":"product_tag","embeddable":true,"href":"https:\/\/www.lama-bfc.sk\/sk\/wp-json\/wp\/v2\/product_tag?post=3809"}],"curies":[{"name":"wp","href":"https:\/\/api.w.org\/{rel}","templated":true}]}}