{"id":3790,"date":"2023-07-03T07:54:42","date_gmt":"2023-07-03T05:54:42","guid":{"rendered":"https:\/\/www.lama-bfc.sk\/?post_type=product&#038;p=3790"},"modified":"2025-08-17T10:03:33","modified_gmt":"2025-08-17T08:03:33","slug":"detsky-set","status":"publish","type":"product","link":"https:\/\/www.lama-bfc.sk\/sk\/produkt\/detsky-set\/","title":{"rendered":"Detsk\u00fd set"},"content":{"rendered":"","protected":false},"excerpt":{"rendered":"<p>Pri novej kolekcii sme mysleli aj na t\u00fdch najmen\u0161\u00edch. Set obsahuje tielko a kra\u0165asky, ktor\u00e9 dokonale sadn\u00fa. Tielko je doplnen\u00e9 o gomb\u00edky pre pohodln\u00e9 obliekanie, preto\u017ee ve\u013emi dobre vieme, \u017ee pre deti ni\u010d otravnej\u0161ie neexistuje, \u017ee? Tromfne to u\u017e len v\u00fdmena plienky \ud83d\ude00 Set je u\u0161it\u00fd z recyklovan\u00fdch materi\u00e1lov, kde sa pri v\u00fdrobe tejto l\u00e1tky spotrebovalo nieko\u013eko n\u00e1sobne menej vody, CO2 a energi\u00ed ako pri konven\u010dn\u00fdch materi\u00e1loch. Kolekcia JUICY je svie\u017ea, \u0161\u0165avnat\u00e1, hrav\u00e1 a na\u0161a autorsk\u00e1 potla\u010d to \u00faplne definuje. Sta\u010d\u00ed si u\u017e len vybra\u0165. \ud83d\ude42<\/p>\n","protected":false},"featured_media":3853,"template":"","meta":[],"product_brand":[],"product_cat":[103,99],"product_tag":[98],"class_list":{"0":"post-3790","1":"product","2":"type-product","3":"status-publish","4":"has-post-thumbnail","6":"product_cat-detske-oblecenie","7":"product_cat-lama-kids","8":"product_tag-recycled","9":"","11":"first","12":"instock","13":"sale","14":"shipping-taxable","15":"purchasable","16":"product-type-variable"},"jetpack_sharing_enabled":true,"_links":{"self":[{"href":"https:\/\/www.lama-bfc.sk\/sk\/wp-json\/wp\/v2\/product\/3790","targetHints":{"allow":["GET"]}}],"collection":[{"href":"https:\/\/www.lama-bfc.sk\/sk\/wp-json\/wp\/v2\/product"}],"about":[{"href":"https:\/\/www.lama-bfc.sk\/sk\/wp-json\/wp\/v2\/types\/product"}],"wp:featuredmedia":[{"embeddable":true,"href":"https:\/\/www.lama-bfc.sk\/sk\/wp-json\/wp\/v2\/media\/3853"}],"wp:attachment":[{"href":"https:\/\/www.lama-bfc.sk\/sk\/wp-json\/wp\/v2\/media?parent=3790"}],"wp:term":[{"taxonomy":"product_brand","embeddable":true,"href":"https:\/\/www.lama-bfc.sk\/sk\/wp-json\/wp\/v2\/product_brand?post=3790"},{"taxonomy":"product_cat","embeddable":true,"href":"https:\/\/www.lama-bfc.sk\/sk\/wp-json\/wp\/v2\/product_cat?post=3790"},{"taxonomy":"product_tag","embeddable":true,"href":"https:\/\/www.lama-bfc.sk\/sk\/wp-json\/wp\/v2\/product_tag?post=3790"}],"curies":[{"name":"wp","href":"https:\/\/api.w.org\/{rel}","templated":true}]}}