{"id":3765,"date":"2023-06-27T17:36:31","date_gmt":"2023-06-27T15:36:31","guid":{"rendered":"https:\/\/www.lama-bfc.sk\/?post_type=product&#038;p=3765"},"modified":"2025-11-23T15:54:56","modified_gmt":"2025-11-23T14:54:56","slug":"detske-trakace","status":"publish","type":"product","link":"https:\/\/www.lama-bfc.sk\/sk\/produkt\/detske-trakace\/","title":{"rendered":"Detsk\u00e9 trak\u00e1\u010de"},"content":{"rendered":"","protected":false},"excerpt":{"rendered":"<p>Na\u0161e st\u00e1lice trak\u00e1\u010de sme trochu vylep\u0161ili, u\u0161ili zo skvel\u00e9ho materi\u00e1lu z recyklovan\u00fdch priadz\u00ed a doplnili o autorsk\u00fa \u0161\u0165avnat\u00fa potla\u010d broskyne, figy a pitahaye. Hol\u00fd chrb\u00e1tik v lete ve\u013emi pote\u0161\u00ed, no a v chladnej\u0161ie dni trak\u00e1\u010de dopln\u00ed\u0161 tri\u010dkom a je to \ud83d\ude42 Traky maj\u00fa a\u017e 3 rady dierok, aby sa dokonale prisp\u00f4sobili a mohli r\u00e1s\u0165 s va\u0161imi de\u0165mi.<\/p>\n","protected":false},"featured_media":3858,"template":"","meta":[],"product_brand":[],"product_cat":[103,99],"product_tag":[98],"class_list":{"0":"post-3765","1":"product","2":"type-product","3":"status-publish","4":"has-post-thumbnail","6":"product_cat-detske-oblecenie","7":"product_cat-lama-kids","8":"product_tag-recycled","9":"","11":"first","12":"instock","13":"sale","14":"shipping-taxable","15":"purchasable","16":"product-type-variable"},"jetpack_sharing_enabled":true,"_links":{"self":[{"href":"https:\/\/www.lama-bfc.sk\/sk\/wp-json\/wp\/v2\/product\/3765","targetHints":{"allow":["GET"]}}],"collection":[{"href":"https:\/\/www.lama-bfc.sk\/sk\/wp-json\/wp\/v2\/product"}],"about":[{"href":"https:\/\/www.lama-bfc.sk\/sk\/wp-json\/wp\/v2\/types\/product"}],"wp:featuredmedia":[{"embeddable":true,"href":"https:\/\/www.lama-bfc.sk\/sk\/wp-json\/wp\/v2\/media\/3858"}],"wp:attachment":[{"href":"https:\/\/www.lama-bfc.sk\/sk\/wp-json\/wp\/v2\/media?parent=3765"}],"wp:term":[{"taxonomy":"product_brand","embeddable":true,"href":"https:\/\/www.lama-bfc.sk\/sk\/wp-json\/wp\/v2\/product_brand?post=3765"},{"taxonomy":"product_cat","embeddable":true,"href":"https:\/\/www.lama-bfc.sk\/sk\/wp-json\/wp\/v2\/product_cat?post=3765"},{"taxonomy":"product_tag","embeddable":true,"href":"https:\/\/www.lama-bfc.sk\/sk\/wp-json\/wp\/v2\/product_tag?post=3765"}],"curies":[{"name":"wp","href":"https:\/\/api.w.org\/{rel}","templated":true}]}}