{"id":3763,"date":"2023-07-03T07:57:31","date_gmt":"2023-07-03T05:57:31","guid":{"rendered":"https:\/\/www.lama-bfc.sk\/?post_type=product&#038;p=3763"},"modified":"2025-08-17T09:57:11","modified_gmt":"2025-08-17T07:57:11","slug":"detske-saty","status":"publish","type":"product","link":"https:\/\/www.lama-bfc.sk\/sk\/produkt\/detske-saty\/","title":{"rendered":"Detsk\u00e9 \u0161aty"},"content":{"rendered":"","protected":false},"excerpt":{"rendered":"<p>Diev\u010datk\u00e1 + leto = \u0161aty&#8230;a nie len tak hocijak\u00e9 \ud83d\ude42 Hol\u00fd chrb\u00e1t v lete pote\u0161\u00ed a v chladnej\u0161ie dni ich m\u00f4\u017eete doplni\u0165 tri\u010dkom \u010di dokonca aj leg\u00ednami. Takto z\u00edska\u0161 k\u00fasok, ktor\u00fd m\u00f4\u017ee nosi\u0165 po cel\u00fd rok \ud83d\ude42 Traky maj\u00fa 2 rady dierok, aby sa \u0161aty dokonale prisp\u00f4sobili a mohli r\u00e1s\u0165 s va\u0161imi princeznami. \u0160ati\u010dky s\u00fa vyroben\u00e9 z recyklovan\u00fdch materi\u00e1lov, ktor\u00e9 u\u0161etrili mno\u017estvo vody, CO2 a energi\u00ed.<\/p>\n","protected":false},"featured_media":3865,"template":"","meta":[],"product_brand":[],"product_cat":[103,99],"product_tag":[98],"class_list":{"0":"post-3763","1":"product","2":"type-product","3":"status-publish","4":"has-post-thumbnail","6":"product_cat-detske-oblecenie","7":"product_cat-lama-kids","8":"product_tag-recycled","9":"","11":"first","12":"instock","13":"sale","14":"shipping-taxable","15":"purchasable","16":"product-type-variable"},"jetpack_sharing_enabled":true,"_links":{"self":[{"href":"https:\/\/www.lama-bfc.sk\/sk\/wp-json\/wp\/v2\/product\/3763","targetHints":{"allow":["GET"]}}],"collection":[{"href":"https:\/\/www.lama-bfc.sk\/sk\/wp-json\/wp\/v2\/product"}],"about":[{"href":"https:\/\/www.lama-bfc.sk\/sk\/wp-json\/wp\/v2\/types\/product"}],"wp:featuredmedia":[{"embeddable":true,"href":"https:\/\/www.lama-bfc.sk\/sk\/wp-json\/wp\/v2\/media\/3865"}],"wp:attachment":[{"href":"https:\/\/www.lama-bfc.sk\/sk\/wp-json\/wp\/v2\/media?parent=3763"}],"wp:term":[{"taxonomy":"product_brand","embeddable":true,"href":"https:\/\/www.lama-bfc.sk\/sk\/wp-json\/wp\/v2\/product_brand?post=3763"},{"taxonomy":"product_cat","embeddable":true,"href":"https:\/\/www.lama-bfc.sk\/sk\/wp-json\/wp\/v2\/product_cat?post=3763"},{"taxonomy":"product_tag","embeddable":true,"href":"https:\/\/www.lama-bfc.sk\/sk\/wp-json\/wp\/v2\/product_tag?post=3763"}],"curies":[{"name":"wp","href":"https:\/\/api.w.org\/{rel}","templated":true}]}}