{"id":3299,"date":"2022-05-27T09:47:05","date_gmt":"2022-05-27T07:47:05","guid":{"rendered":"https:\/\/www.lama-bfc.sk\/?post_type=product&#038;p=3299"},"modified":"2025-12-10T17:36:02","modified_gmt":"2025-12-10T16:36:02","slug":"saty-sunny-wolf","status":"publish","type":"product","link":"https:\/\/www.lama-bfc.sk\/sk\/produkt\/saty-sunny-wolf\/","title":{"rendered":"\u0160aty Sunny Wolf"},"content":{"rendered":"<p>Vl\u00e1kno Tencel sa extrahuje zo surov\u00e9ho materi\u00e1lu eukalyptov\u00e9ho dreva a vznik\u00e1 tak jedine\u010dn\u00fd materi\u00e1l, ktor\u00fd je m\u00e4k\u0161\u00ed ako hodv\u00e1b a je schopn\u00fd absorbova\u0165 vodu ove\u013ea r\u00fdchlej\u0161ie ako bavlnen\u00e9 vl\u00e1kno a spotreba vody na tento materi\u00e1l je 10 a\u017e 20 n\u00e1sobne ni\u017e\u0161ia ako napr\u00edklad pri bavlne.<br \/>\nTenclov\u00e9 \u0161aty s\u00fa vyroben\u00e9 v univerz\u00e1lnej ve\u013ekosti a s\u00fa unik\u00e1tneho strihu. Pomocou s\u0165ahovania gumi\u010dkami si viete jednoducho prisp\u00f4sobi\u0165 d\u013a\u017eku \u0161iat, \u0161\u00edrku, dokonca aj d\u013a\u017eku ruk\u00e1vov a doj\u010denie v t\u00fdchto \u0161at\u00e1ch u\u017e nem\u00f4\u017ee by\u0165 jednoduch\u0161ie. Pri kolekcii Femme sme spolupracovali s talentovanou ilustr\u00e1torkou a tatt\u00e9rkou Pe\u0165kou \u017dia\u010dkovou, ktor\u00e1 vytvorila kr\u00e1sne ilustr\u00e1cie na potla\u010d t\u00fdchto \u0161iat a ostatn\u00fdch k\u00faskov z kolekcie.<\/p>\n","protected":false},"excerpt":{"rendered":"<p><strong>UNI ve\u013ekos\u0165<\/strong><\/p>\n[video width=\"1080\" height=\"1920\" mp4=\"https:\/\/www.lama-bfc.sk\/wp-content\/uploads\/2022\/05\/Lama_2-V.1.1.mp4\"][\/video]\n","protected":false},"featured_media":3251,"template":"","meta":[],"product_brand":[],"product_cat":[115,62],"product_tag":[],"class_list":{"0":"post-3299","1":"product","2":"type-product","3":"status-publish","4":"has-post-thumbnail","6":"product_cat-femme","7":"product_cat-saty","8":"","10":"first","11":"outofstock","12":"sale","13":"shipping-taxable","14":"purchasable","15":"product-type-simple"},"jetpack_sharing_enabled":true,"_links":{"self":[{"href":"https:\/\/www.lama-bfc.sk\/sk\/wp-json\/wp\/v2\/product\/3299","targetHints":{"allow":["GET"]}}],"collection":[{"href":"https:\/\/www.lama-bfc.sk\/sk\/wp-json\/wp\/v2\/product"}],"about":[{"href":"https:\/\/www.lama-bfc.sk\/sk\/wp-json\/wp\/v2\/types\/product"}],"wp:featuredmedia":[{"embeddable":true,"href":"https:\/\/www.lama-bfc.sk\/sk\/wp-json\/wp\/v2\/media\/3251"}],"wp:attachment":[{"href":"https:\/\/www.lama-bfc.sk\/sk\/wp-json\/wp\/v2\/media?parent=3299"}],"wp:term":[{"taxonomy":"product_brand","embeddable":true,"href":"https:\/\/www.lama-bfc.sk\/sk\/wp-json\/wp\/v2\/product_brand?post=3299"},{"taxonomy":"product_cat","embeddable":true,"href":"https:\/\/www.lama-bfc.sk\/sk\/wp-json\/wp\/v2\/product_cat?post=3299"},{"taxonomy":"product_tag","embeddable":true,"href":"https:\/\/www.lama-bfc.sk\/sk\/wp-json\/wp\/v2\/product_tag?post=3299"}],"curies":[{"name":"wp","href":"https:\/\/api.w.org\/{rel}","templated":true}]}}