{"id":3201,"date":"2022-05-24T18:59:50","date_gmt":"2022-05-24T16:59:50","guid":{"rendered":"https:\/\/www.lama-bfc.sk\/?post_type=product&#038;p=3201"},"modified":"2026-03-08T18:35:13","modified_gmt":"2026-03-08T17:35:13","slug":"overal-liza","status":"publish","type":"product","link":"https:\/\/www.lama-bfc.sk\/sk\/produkt\/overal-liza\/","title":{"rendered":"Overal L\u00edza"},"content":{"rendered":"<p>N\u00e1\u0161 a hlavne v\u00e1\u0161 ob\u013e\u00faben\u00fd k\u00fasok z minul\u00e9ho roka sme zaradili aj do tohtoro\u010dnej kolekcie FEMME by Lama. Strih sme mierne upravili a ramienka prerobili na viaza\u010dku, aby si ho vedela prisp\u00f4sobi\u0165 ka\u017ed\u00e1 z v\u00e1s. Ide o univerz\u00e1lnu ve\u013ekos\u0165. Je strihan\u00fd z celej \u0161\u00edrky l\u00e1tky a v p\u00e1se sa s\u0165ahuje opaskom. Doplnen\u00fd o v\u00fd\u0161ivku na hrudi. Mu\u0161el\u00edn je ve\u013emi pr\u00edjemn\u00fd a vzdu\u0161n\u00fd materi\u00e1l na leto a samozrejme je to organick\u00e1 bavlna s certifik\u00e1tom GOTS. \ud83d\ude42<\/p>\n","protected":false},"excerpt":{"rendered":"<p><strong>UNI ve\u013ekos\u0165<\/strong><\/p>\n[video width=\"1080\" height=\"1920\" mp4=\"https:\/\/www.lama-bfc.sk\/wp-content\/uploads\/2022\/05\/Lama_1-V.1.1.mp4\"][\/video]\n","protected":false},"featured_media":3226,"template":"","meta":[],"product_brand":[],"product_cat":[115,72],"product_tag":[95],"class_list":{"0":"post-3201","1":"product","2":"type-product","3":"status-publish","4":"has-post-thumbnail","6":"product_cat-femme","7":"product_cat-overaly","8":"product_tag-organiccotton","9":"","11":"first","12":"instock","13":"sale","14":"shipping-taxable","15":"purchasable","16":"product-type-simple"},"jetpack_sharing_enabled":true,"_links":{"self":[{"href":"https:\/\/www.lama-bfc.sk\/sk\/wp-json\/wp\/v2\/product\/3201","targetHints":{"allow":["GET"]}}],"collection":[{"href":"https:\/\/www.lama-bfc.sk\/sk\/wp-json\/wp\/v2\/product"}],"about":[{"href":"https:\/\/www.lama-bfc.sk\/sk\/wp-json\/wp\/v2\/types\/product"}],"wp:featuredmedia":[{"embeddable":true,"href":"https:\/\/www.lama-bfc.sk\/sk\/wp-json\/wp\/v2\/media\/3226"}],"wp:attachment":[{"href":"https:\/\/www.lama-bfc.sk\/sk\/wp-json\/wp\/v2\/media?parent=3201"}],"wp:term":[{"taxonomy":"product_brand","embeddable":true,"href":"https:\/\/www.lama-bfc.sk\/sk\/wp-json\/wp\/v2\/product_brand?post=3201"},{"taxonomy":"product_cat","embeddable":true,"href":"https:\/\/www.lama-bfc.sk\/sk\/wp-json\/wp\/v2\/product_cat?post=3201"},{"taxonomy":"product_tag","embeddable":true,"href":"https:\/\/www.lama-bfc.sk\/sk\/wp-json\/wp\/v2\/product_tag?post=3201"}],"curies":[{"name":"wp","href":"https:\/\/api.w.org\/{rel}","templated":true}]}}