{"id":3176,"date":"2022-05-24T19:02:33","date_gmt":"2022-05-24T17:02:33","guid":{"rendered":"https:\/\/www.lama-bfc.sk\/?post_type=product&#038;p=3176"},"modified":"2026-04-26T18:53:34","modified_gmt":"2026-04-26T16:53:34","slug":"lanovy-set-femme","status":"publish","type":"product","link":"https:\/\/www.lama-bfc.sk\/sk\/produkt\/lanovy-set-femme\/","title":{"rendered":"\u013danov\u00fd set FEMME"},"content":{"rendered":"<p>Kra\u0165asy s vysok\u00fdm p\u00e1som a k tomu \u0161t\u00fdlov\u00fd Croptop. Tento set vyroben\u00fd z predpran\u00e9ho \u013eanu bude v lete va\u0161ou druhou ko\u017eou. V\u00fdhody \u013eanu asi nemus\u00edme spom\u00edna\u0165&#8230; ale predsa aspo\u0148 zop\u00e1r z nich. \u013dan je pr\u00edrodn\u00fd materi\u00e1l, je antibakteri\u00e1lny, \u013eahk\u00fd, vzdu\u0161n\u00fd a pr\u00edjemne chlad\u00ed. Tento materi\u00e1l dokonale doplnil na\u0161u rodinu udr\u017eate\u013en\u00fdch materi\u00e1lov v novej kolekcii Femme by Lama. Croptop sme vy\u0161perkovali o jedine\u010dn\u00fa v\u00fd\u0161ivku na hrudi a pre pohodln\u00e9 doj\u010denie aj kryt\u00fdmi zipsami pod pazuchami. Kra\u0165asy s\u00fa u\u0161it\u00e9 v pohodlnom, vo\u013enom strihu.<\/p>\n","protected":false},"excerpt":{"rendered":"[video width=\"1080\" height=\"1920\" mp4=\"https:\/\/www.lama-bfc.sk\/wp-content\/uploads\/2022\/05\/Lama_3-V.1.1.mp4\"][\/video]\n","protected":false},"featured_media":3265,"template":"","meta":[],"product_brand":[],"product_cat":[115,116],"product_tag":[],"class_list":{"0":"post-3176","1":"product","2":"type-product","3":"status-publish","4":"has-post-thumbnail","6":"product_cat-femme","7":"product_cat-sety","8":"","10":"first","11":"instock","12":"sale","13":"shipping-taxable","14":"purchasable","15":"product-type-variable"},"jetpack_sharing_enabled":true,"_links":{"self":[{"href":"https:\/\/www.lama-bfc.sk\/sk\/wp-json\/wp\/v2\/product\/3176","targetHints":{"allow":["GET"]}}],"collection":[{"href":"https:\/\/www.lama-bfc.sk\/sk\/wp-json\/wp\/v2\/product"}],"about":[{"href":"https:\/\/www.lama-bfc.sk\/sk\/wp-json\/wp\/v2\/types\/product"}],"wp:featuredmedia":[{"embeddable":true,"href":"https:\/\/www.lama-bfc.sk\/sk\/wp-json\/wp\/v2\/media\/3265"}],"wp:attachment":[{"href":"https:\/\/www.lama-bfc.sk\/sk\/wp-json\/wp\/v2\/media?parent=3176"}],"wp:term":[{"taxonomy":"product_brand","embeddable":true,"href":"https:\/\/www.lama-bfc.sk\/sk\/wp-json\/wp\/v2\/product_brand?post=3176"},{"taxonomy":"product_cat","embeddable":true,"href":"https:\/\/www.lama-bfc.sk\/sk\/wp-json\/wp\/v2\/product_cat?post=3176"},{"taxonomy":"product_tag","embeddable":true,"href":"https:\/\/www.lama-bfc.sk\/sk\/wp-json\/wp\/v2\/product_tag?post=3176"}],"curies":[{"name":"wp","href":"https:\/\/api.w.org\/{rel}","templated":true}]}}