{"id":1873,"date":"2021-03-01T10:39:02","date_gmt":"2021-03-01T09:39:02","guid":{"rendered":"https:\/\/www2.lama-bfc.sk\/?post_type=product&#038;p=1873"},"modified":"2025-08-11T12:58:45","modified_gmt":"2025-08-11T10:58:45","slug":"darcekovy-poukaz","status":"publish","type":"product","link":"https:\/\/www.lama-bfc.sk\/sk\/produkt\/darcekovy-poukaz\/","title":{"rendered":"Dar\u010dekov\u00fd poukaz"},"content":{"rendered":"","protected":false},"excerpt":{"rendered":"<p>Ak m\u00e1\u0161 v pl\u00e1ne niekoho obdarova\u0165 vecou z LAMA dielne, no \u00faplne nevie\u0161 \u010do presne by sa danej osobe p\u00e1\u010dilo, tak pr\u00e1ve pre teba s\u00fa tu na\u0161e dar\u010dekov\u00e9 poukazy. Pote\u0161 svoju polovi\u010dku, kamo\u0161ku \u010di sestru poukazom vo v\u00fd\u0161ke 15, 30, 50 alebo 100 EUR!<\/p>\n","protected":false},"featured_media":1876,"template":"","meta":[],"product_brand":[],"product_cat":[86],"product_tag":[],"class_list":{"0":"post-1873","1":"product","2":"type-product","3":"status-publish","4":"has-post-thumbnail","6":"product_cat-darcekove-poukazy","7":"","9":"first","10":"instock","11":"shipping-taxable","12":"purchasable","13":"product-type-variable"},"jetpack_sharing_enabled":true,"_links":{"self":[{"href":"https:\/\/www.lama-bfc.sk\/sk\/wp-json\/wp\/v2\/product\/1873","targetHints":{"allow":["GET"]}}],"collection":[{"href":"https:\/\/www.lama-bfc.sk\/sk\/wp-json\/wp\/v2\/product"}],"about":[{"href":"https:\/\/www.lama-bfc.sk\/sk\/wp-json\/wp\/v2\/types\/product"}],"wp:featuredmedia":[{"embeddable":true,"href":"https:\/\/www.lama-bfc.sk\/sk\/wp-json\/wp\/v2\/media\/1876"}],"wp:attachment":[{"href":"https:\/\/www.lama-bfc.sk\/sk\/wp-json\/wp\/v2\/media?parent=1873"}],"wp:term":[{"taxonomy":"product_brand","embeddable":true,"href":"https:\/\/www.lama-bfc.sk\/sk\/wp-json\/wp\/v2\/product_brand?post=1873"},{"taxonomy":"product_cat","embeddable":true,"href":"https:\/\/www.lama-bfc.sk\/sk\/wp-json\/wp\/v2\/product_cat?post=1873"},{"taxonomy":"product_tag","embeddable":true,"href":"https:\/\/www.lama-bfc.sk\/sk\/wp-json\/wp\/v2\/product_tag?post=1873"}],"curies":[{"name":"wp","href":"https:\/\/api.w.org\/{rel}","templated":true}]}}