{"id":311,"date":"2018-06-01T08:19:29","date_gmt":"2018-06-01T08:19:29","guid":{"rendered":"http:\/\/demo2.drfuri.com\/supro\/?page_id=311"},"modified":"2021-08-11T17:43:43","modified_gmt":"2021-08-11T15:43:43","slug":"o-nas","status":"publish","type":"page","link":"https:\/\/www.lama-bfc.sk\/sk\/o-nas\/","title":{"rendered":"O n\u00e1s"},"content":{"rendered":"<div class=\"wpb-content-wrapper\"><div class=\"vc_row wpb_row vc_row-fluid\"><div class=\"container\"><div class=\"row\"><div class=\"wpb_column vc_column_container vc_col-sm-12\"><div class=\"vc_column-inner\"><div class=\"wpb_wrapper\"><div class=\"supro-empty-space \" style=\"\"><div class=\"supro_empty_space_lg\"  style=\"height: 150px\"><\/div><div class=\"supro_empty_space_md\"  style=\"height: 100px\"><\/div><div class=\"supro_empty_space_xs\"  style=\"height: 50px\"><\/div><\/div><\/div><\/div><\/div><\/div><\/div><\/div><div class=\"vc_row wpb_row vc_row-fluid\"><div class=\"container\"><div class=\"row\"><div class=\"wpb_column vc_column_container vc_col-sm-12 vc_col-lg-6 vc_col-md-6\"><div class=\"vc_column-inner\"><div class=\"wpb_wrapper\"><div class=\"supro-empty-space \" style=\"\"><div class=\"supro_empty_space_lg\"  style=\"height: 30px\"><\/div><div class=\"supro_empty_space_md\"  style=\"height: 30px\"><\/div><div class=\"supro_empty_space_xs\"  style=\"height: 30px\"><\/div><\/div><h5 style=\"font-size: 14px;text-align: left;letter-spacing:1px;\" class=\"vc_custom_heading primary-color supro-vc_custom_heading__1 vc_custom_1615102331964\" >O N\u00c1S<\/h5><style type=\"text\/css\">@media( max-width: 1024px ) {.supro-vc_custom_heading__2 { font-size : 36px !important; }}<\/style><h1 style=\"font-size: 48px;text-align: left\" class=\"vc_custom_heading remove_br_tag supro-vc_custom_heading__2 vc_custom_1628696607680\" >LAMA je kvalitn\u00e9 a dizajnov\u00e9<br \/>\noble\u010denie pre doj\u010diace mami\u010dky<\/h1><div class=\"supro-empty-space \" style=\"\"><div class=\"supro_empty_space_lg\"  style=\"height: 60px\"><\/div><div class=\"supro_empty_space_md\"  style=\"height: 60px\"><\/div><div class=\"supro_empty_space_xs\"  style=\"height: 60px\"><\/div><\/div><div class=\"vc_row wpb_row vc_inner vc_row-fluid\"><div class=\"wpb_column vc_column_container vc_col-sm-12 vc_col-lg-2 vc_hidden-md vc_hidden-sm vc_hidden-xs\"><div class=\"vc_column-inner\"><div class=\"wpb_wrapper\">\n\t<div class=\"wpb_text_column wpb_content_element\" >\n\t\t<div class=\"wpb_wrapper\">\n\t\t\t<div style=\"background-color: #eaeaea; width: 50px; height: 2px; margin-left: 15px;\"><\/div>\n\n\t\t<\/div>\n\t<\/div>\n<\/div><\/div><\/div><div class=\"wpb_column vc_column_container vc_col-sm-12 vc_col-lg-10 vc_col-md-12\"><div class=\"vc_column-inner\"><div class=\"wpb_wrapper\">\n\t<div class=\"wpb_text_column wpb_content_element vc_custom_1615102408828 remove_br_tag\" >\n\t\t<div class=\"wpb_wrapper\">\n\t\t\t<div style=\"line-height: 1.9;\">Slovensk\u00e1 zna\u010dka , ktor\u00fa sme v roku 2018\u00a0zalo\u017eili s\u00a0v\u00edziou podpori\u0165 lok\u00e1lnu v\u00fdrobu. Od jej zalo\u017eenia ka\u017ed\u00fd de\u0148 tvrdo pracujeme na tom, aby sme v\u00e1m prin\u00e1\u0161ali nov\u00e9 a\u00a0kvalitn\u00e9 produkty.<\/div>\n\n\t\t<\/div>\n\t<\/div>\n<\/div><\/div><\/div><\/div><div class=\"supro-empty-space \" style=\"\"><div class=\"supro_empty_space_lg\"  style=\"height: 0px\"><\/div><div class=\"supro_empty_space_md\"  style=\"height: 0px\"><\/div><div class=\"supro_empty_space_xs\"  style=\"height: 60px\"><\/div><\/div><\/div><\/div><\/div><div class=\"wpb_column vc_column_container vc_col-sm-12 vc_col-lg-6 vc_col-md-6\"><div class=\"vc_column-inner\"><div class=\"wpb_wrapper\"><div class=\"supro-single-image supro-photo-swipe supro-right-offset  text-right\"><a href=\"https:\/\/www.lama-bfc.sk\/wp-content\/uploads\/2021\/03\/Onas_mikce.jpg\" class=\"photoswipe\" data-width=\"845\" data-height=\"500\"><img decoding=\"async\" class=\"\" src=\"https:\/\/www.lama-bfc.sk\/wp-content\/uploads\/2021\/03\/Onas_mikce.jpg\" width=\"845\" height=\"500\" alt=\"Onas_mikce\" title=\"Onas_mikce\" loading=\"lazy\" \/><\/a><\/div><\/div><\/div><\/div><\/div><\/div><\/div><div class=\"vc_row wpb_row vc_row-fluid\"><div class=\"container\"><div class=\"row\"><div class=\"wpb_column vc_column_container vc_col-sm-12\"><div class=\"vc_column-inner\"><div class=\"wpb_wrapper\"><div class=\"supro-empty-space \" style=\"\"><div class=\"supro_empty_space_lg\"  style=\"height: 150px\"><\/div><div class=\"supro_empty_space_md\"  style=\"height: 100px\"><\/div><div class=\"supro_empty_space_xs\"  style=\"height: 50px\"><\/div><\/div><\/div><\/div><\/div><\/div><\/div><\/div><div class=\"vc_row wpb_row vc_row-fluid\"><div class=\"container\"><div class=\"row\"><div class=\"wpb_column vc_column_container vc_col-sm-12 vc_col-lg-5 vc_col-md-6\"><div class=\"vc_column-inner\"><div class=\"wpb_wrapper\"><div class=\"supro-single-image supro-photo-swipe   text-left\"><a href=\"https:\/\/www.lama-bfc.sk\/wp-content\/uploads\/2021\/03\/Ada.jpg\" class=\"photoswipe\" data-width=\"470\" data-height=\"500\"><img decoding=\"async\" class=\"\" src=\"https:\/\/www.lama-bfc.sk\/wp-content\/uploads\/2021\/03\/Ada.jpg\" width=\"470\" height=\"500\" alt=\"Ada\" title=\"Ada\" loading=\"lazy\" \/><\/a><\/div><div class=\"supro-empty-space \" style=\"\"><div class=\"supro_empty_space_lg\"  style=\"height: 150px\"><\/div><div class=\"supro_empty_space_md\"  style=\"height: 100px\"><\/div><div class=\"supro_empty_space_xs\"  style=\"height: 50px\"><\/div><\/div><div class=\"supro-empty-space \" style=\"\"><div class=\"supro_empty_space_lg\"  style=\"height: 40px\"><\/div><div class=\"supro_empty_space_md\"  style=\"height: 40px\"><\/div><div class=\"supro_empty_space_xs\"  style=\"height: 40px\"><\/div><\/div><\/div><\/div><\/div><div class=\"wpb_column vc_column_container vc_col-sm-12 vc_col-lg-1 vc_col-md-12\"><div class=\"vc_column-inner\"><div class=\"wpb_wrapper\"><\/div><\/div><\/div><div class=\"wpb_column vc_column_container vc_col-sm-12 vc_col-lg-6 vc_col-md-6\"><div class=\"vc_column-inner\"><div class=\"wpb_wrapper\">\n\t<div class=\"wpb_text_column wpb_content_element\" >\n\t\t<div class=\"wpb_wrapper\">\n\t\t\t<blockquote><p>\n<cite>A\u010eA<\/cite><span class=\"job\">Zakladate\u013eka<\/span>\n<\/p><\/blockquote>\n\n\t\t<\/div>\n\t<\/div>\n<div class=\"supro-empty-space \" style=\"\"><div class=\"supro_empty_space_lg\"  style=\"height: 17px\"><\/div><div class=\"supro_empty_space_md\"  style=\"height: 17px\"><\/div><div class=\"supro_empty_space_xs\"  style=\"height: 17px\"><\/div><\/div>\n\t<div class=\"wpb_text_column wpb_content_element remove_br_tag\" >\n\t\t<div class=\"wpb_wrapper\">\n\t\t\t<div style=\"line-height: 1.9;\">Ahojte, cel\u00e1 idea Lamy vznikla naroden\u00edm m\u00f4jho syna Timona. T\u00fdm, \u017ee som sama syna doj\u010dila, h\u013eadala som to najpohodlnej\u0161ie rie\u0161enie pre seba aj pre neho. Nikdy predt\u00fdm som sa nezam\u00fd\u0161\u013eala nad t\u00fdm, \u017ee existuje nejak\u00e9 \u0161peci\u00e1lne oble\u010denie, ktor\u00e9 m\u00f4\u017ee pom\u00f4c\u0165 mam\u00e1m doj\u010di\u0165 pohodlne, r\u00fdchlo a\u00a0diskr\u00e9tne. Ke\u010f\u017ee zna\u010dky, ktor\u00e9 boli v tej dobe na trhu dostupn\u00e9 neboli tak \u00faplne pod\u013ea m\u00f4jho vkusu, dostala som n\u00e1pad, \u017ee si sk\u00fasim navrhn\u00fa\u0165 nejak\u00fa mikinu sama pre seba. Nezostalo to v\u0161ak iba pri pokuse a\u00a0tak sme spolu s\u00a0mlad\u0161ou sestrou Leou zalo\u017eili zna\u010dku Lama.<\/div>\n\n\t\t<\/div>\n\t<\/div>\n<div class=\"supro-empty-space \" style=\"\"><div class=\"supro_empty_space_lg\"  style=\"height: 40px\"><\/div><div class=\"supro_empty_space_md\"  style=\"height: 40px\"><\/div><div class=\"supro_empty_space_xs\"  style=\"height: 40px\"><\/div><\/div>\n\t<div class=\"wpb_text_column wpb_content_element\" >\n\t\t<div class=\"wpb_wrapper\">\n\t\t\t<div style=\"background-color: #eaeaea; width: 50px; height: 2px;\"><\/div>\n\n\t\t<\/div>\n\t<\/div>\n<div class=\"supro-empty-space \" style=\"\"><div class=\"supro_empty_space_lg\"  style=\"height: 40px\"><\/div><div class=\"supro_empty_space_md\"  style=\"height: 40px\"><\/div><div class=\"supro_empty_space_xs\"  style=\"height: 40px\"><\/div><\/div><\/div><\/div><\/div><\/div><\/div><\/div><div class=\"vc_row wpb_row vc_row-fluid\"><div class=\"container\"><div class=\"row\"><div class=\"wpb_column vc_column_container vc_col-sm-12 vc_col-lg-5 vc_col-md-6\"><div class=\"vc_column-inner\"><div class=\"wpb_wrapper\">\n\t<div class=\"wpb_text_column wpb_content_element\" >\n\t\t<div class=\"wpb_wrapper\">\n\t\t\t<blockquote><p>\n<cite>Lea<\/cite>Spoluzakladate\u013eka\n<\/p><\/blockquote>\n\n\t\t<\/div>\n\t<\/div>\n<div class=\"supro-empty-space \" style=\"\"><div class=\"supro_empty_space_lg\"  style=\"height: 17px\"><\/div><div class=\"supro_empty_space_md\"  style=\"height: 17px\"><\/div><div class=\"supro_empty_space_xs\"  style=\"height: 17px\"><\/div><\/div>\n\t<div class=\"wpb_text_column wpb_content_element remove_br_tag\" >\n\t\t<div class=\"wpb_wrapper\">\n\t\t\t<div style=\"line-height: 1.9;\">\u010caute, ja s\u00edce mamou e\u0161te nie som, no ke\u010f\u017ee som dos\u0165 kreat\u00edvna du\u0161a a\u00a0p\u00e1\u010dil sa mi n\u00e1pad navrhova\u0165 oble\u010denie pod\u013ea vlastn\u00e9ho \u0161t\u00fdlu, ktor\u00e9 v\u00a0bud\u00facnosti sama vyu\u017eijem, pustila som sa do tohto dobrodru\u017estva spolu so sestrou. Na\u0161a zna\u010dka zrkadl\u00ed n\u00e1\u0161 \u0161t\u00fdl oble\u010denia, ktor\u00fd rady nos\u00edme. Ide zv\u00e4\u010d\u0161a o pohodln\u00e9, vo\u013en\u00e9, streetov\u00e9 oble\u010denie.<\/div>\n\n\t\t<\/div>\n\t<\/div>\n<div class=\"supro-empty-space \" style=\"\"><div class=\"supro_empty_space_lg\"  style=\"height: 40px\"><\/div><div class=\"supro_empty_space_md\"  style=\"height: 40px\"><\/div><div class=\"supro_empty_space_xs\"  style=\"height: 40px\"><\/div><\/div>\n\t<div class=\"wpb_text_column wpb_content_element\" >\n\t\t<div class=\"wpb_wrapper\">\n\t\t\t<div style=\"background-color: #eaeaea; width: 50px; height: 2px;\"><\/div>\n\n\t\t<\/div>\n\t<\/div>\n<div class=\"supro-empty-space \" style=\"\"><div class=\"supro_empty_space_lg\"  style=\"height: 40px\"><\/div><div class=\"supro_empty_space_md\"  style=\"height: 40px\"><\/div><div class=\"supro_empty_space_xs\"  style=\"height: 40px\"><\/div><\/div><\/div><\/div><\/div><div class=\"wpb_column vc_column_container vc_col-sm-12 vc_col-lg-1 vc_col-md-12\"><div class=\"vc_column-inner\"><div class=\"wpb_wrapper\"><\/div><\/div><\/div><div class=\"wpb_column vc_column_container vc_col-sm-12 vc_col-lg-6 vc_col-md-6\"><div class=\"vc_column-inner\"><div class=\"wpb_wrapper\"><div class=\"supro-single-image supro-photo-swipe   text-left\"><a href=\"https:\/\/www.lama-bfc.sk\/wp-content\/uploads\/2021\/07\/LAMA-24.jpg\" class=\"photoswipe\" data-width=\"1024\" data-height=\"1536\"><img decoding=\"async\" class=\"\" src=\"https:\/\/www.lama-bfc.sk\/wp-content\/uploads\/2021\/07\/LAMA-24-470x500.jpg\" width=\"470\" height=\"500\" alt=\"LAMA-24\" title=\"LAMA-24\" loading=\"lazy\" \/><\/a><\/div><div class=\"supro-empty-space \" style=\"\"><div class=\"supro_empty_space_lg\"  style=\"height: 40px\"><\/div><div class=\"supro_empty_space_md\"  style=\"height: 40px\"><\/div><div class=\"supro_empty_space_xs\"  style=\"height: 40px\"><\/div><\/div><\/div><\/div><\/div><\/div><\/div><\/div><div class=\"vc_row wpb_row vc_row-fluid\"><div class=\"container\"><div class=\"row\"><div class=\"wpb_column vc_column_container vc_col-sm-12\"><div class=\"vc_column-inner\"><div class=\"wpb_wrapper\"><div class=\"supro-empty-space \" style=\"\"><div class=\"supro_empty_space_lg\"  style=\"height: 95px\"><\/div><div class=\"supro_empty_space_md\"  style=\"height: 60px\"><\/div><div class=\"supro_empty_space_xs\"  style=\"height: 20px\"><\/div><\/div><\/div><\/div><\/div><\/div><\/div><\/div><div class=\"vc_row wpb_row vc_row-fluid\"><div class=\"container\"><div class=\"row\"><div class=\"wpb_column vc_column_container vc_col-sm-12 vc_col-lg-6 vc_col-md-6\"><div class=\"vc_column-inner\"><div class=\"wpb_wrapper\"><style type=\"text\/css\">@media( max-width: 1024px ) {.supro-vc_custom_heading__3 { font-size : 36px !important; }}<\/style><h2 style=\"font-size: 48px;text-align: left\" class=\"vc_custom_heading supro-vc_custom_heading__3 vc_custom_1615107300906\" >Zodpovedn\u00e1 Lama<\/h2>\n\t<div class=\"wpb_text_column wpb_content_element remove_br_tag\" >\n\t\t<div class=\"wpb_wrapper\">\n\t\t\t<div style=\"line-height: 1.9;\">\n<p>N\u00e1m v\u00a0Lame ve\u013emi z\u00e1le\u017e\u00ed na pr\u00edrode a\u00a0preto sa aj sna\u017e\u00edme cel\u00fa zna\u010dku vies\u0165 ekologickou cestou. Kto sa pohybuje v\u00a0odevnom priemysle ve\u013emi dobre vie, \u017ee tak\u00e1to v\u00fdroba sa nezaob\u00edde bez odpadu, av\u0161ak my sa pri v\u00fdrobe sna\u017e\u00edme vyu\u017e\u00edva\u0165 v\u0161etky zdroje a\u00a0materi\u00e1ly na maximum a\u00a0taktie\u017e n\u00e1\u0161 e-shop je \u00faplne bezplastov\u00fd.<\/p>\n<p>Sna\u017e\u00edme sa podporova\u0165 lok\u00e1lnu v\u00fdrobu, a\u00a0preto s\u00fa v\u0161etky na\u0161e produkty \u0161it\u00e9 u\u00a0n\u00e1s, na Slovensku. L\u00e1tky vyber\u00e1me d\u00f4kladne, sna\u017e\u00edme sa nakupova\u0165 pr\u00edrodn\u00e9 a udr\u017eate\u013en\u00e9 materi\u00e1ly, ktor\u00e9 nemaj\u00fa ve\u013ek\u00fd dopad na \u017eivotn\u00e9 prostredie.<\/p>\n<\/div>\n\n\t\t<\/div>\n\t<\/div>\n<div class=\"supro-empty-space \" style=\"\"><div class=\"supro_empty_space_lg\"  style=\"height: 45px\"><\/div><div class=\"supro_empty_space_md\"  style=\"height: 45px\"><\/div><div class=\"supro_empty_space_xs\"  style=\"height: 45px\"><\/div><\/div>\n\t<div class=\"wpb_text_column wpb_content_element\" >\n\t\t<div class=\"wpb_wrapper\">\n\t\t\t<div style=\"background-color: #eaeaea; width: 50px; height: 2px;\"><\/div>\n\n\t\t<\/div>\n\t<\/div>\n<\/div><\/div><\/div><div class=\"wpb_column vc_column_container vc_col-sm-12 vc_col-lg-6 vc_col-md-6\"><div class=\"vc_column-inner\"><div class=\"wpb_wrapper\"><div class=\"vc_row wpb_row vc_inner vc_row-fluid\"><div class=\"wpb_column vc_column_container vc_col-sm-12 vc_col-lg-6 vc_col-md-12\"><div class=\"vc_column-inner\"><div class=\"wpb_wrapper\"><div class=\"supro-empty-space \" style=\"\"><div class=\"supro_empty_space_lg\"  style=\"height: 25px\"><\/div><div class=\"supro_empty_space_md\"  style=\"height: 10px\"><\/div><div class=\"supro_empty_space_xs\"  style=\"height: 10px\"><\/div><\/div>\n\t<div  class=\"wpb_single_image wpb_content_element vc_align_center wpb_content_element\">\n\t\t\n\t\t<figure class=\"wpb_wrapper vc_figure\">\n\t\t\t<div class=\"vc_single_image-wrapper   vc_box_border_grey\"><img decoding=\"async\" class=\"vc_single_image-img \" src=\"https:\/\/www.lama-bfc.sk\/wp-content\/uploads\/2021\/03\/eco_plastAsset-6@2x-130x130.png\" width=\"130\" height=\"130\" alt=\"eco_plastAsset 6@2x\" title=\"eco_plastAsset 6@2x\" loading=\"lazy\" \/><\/div>\n\t\t<\/figure>\n\t<\/div>\n\n\t<div class=\"wpb_text_column wpb_content_element\" >\n\t\t<div class=\"wpb_wrapper\">\n\t\t\t<p style=\"text-align: center;\"><strong>Zodpovedne<\/strong><\/p>\n\n\t\t<\/div>\n\t<\/div>\n<div class=\"supro-empty-space \" style=\"\"><div class=\"supro_empty_space_lg\"  style=\"height: 25px\"><\/div><div class=\"supro_empty_space_md\"  style=\"height: 10px\"><\/div><div class=\"supro_empty_space_xs\"  style=\"height: 10px\"><\/div><\/div>\n\t<div  class=\"wpb_single_image wpb_content_element vc_align_center wpb_content_element\">\n\t\t\n\t\t<figure class=\"wpb_wrapper vc_figure\">\n\t\t\t<div class=\"vc_single_image-wrapper   vc_box_border_grey\"><img decoding=\"async\" class=\"vc_single_image-img \" src=\"https:\/\/www.lama-bfc.sk\/wp-content\/uploads\/2021\/03\/eco_friendlyAsset-2@2x-130x130.png\" width=\"130\" height=\"130\" alt=\"eco_friendlyAsset 2@2x\" title=\"eco_friendlyAsset 2@2x\" loading=\"lazy\" \/><\/div>\n\t\t<\/figure>\n\t<\/div>\n\n\t<div class=\"wpb_text_column wpb_content_element\" >\n\t\t<div class=\"wpb_wrapper\">\n\t\t\t<p style=\"text-align: center;\"><strong>Ekologicky<\/strong><\/p>\n\n\t\t<\/div>\n\t<\/div>\n<\/div><\/div><\/div><div class=\"wpb_column vc_column_container vc_col-sm-12 vc_col-lg-6 vc_col-md-12\"><div class=\"vc_column-inner\"><div class=\"wpb_wrapper\"><div class=\"supro-empty-space \" style=\"\"><div class=\"supro_empty_space_lg\"  style=\"height: 25px\"><\/div><div class=\"supro_empty_space_md\"  style=\"height: 10px\"><\/div><div class=\"supro_empty_space_xs\"  style=\"height: 10px\"><\/div><\/div>\n\t<div  class=\"wpb_single_image wpb_content_element vc_align_center wpb_content_element\">\n\t\t\n\t\t<figure class=\"wpb_wrapper vc_figure\">\n\t\t\t<div class=\"vc_single_image-wrapper   vc_box_border_grey\"><img decoding=\"async\" class=\"vc_single_image-img \" src=\"https:\/\/www.lama-bfc.sk\/wp-content\/uploads\/2021\/03\/eco_slowAsset-5@2x-130x130.png\" width=\"130\" height=\"130\" alt=\"eco_slowAsset 5@2x\" title=\"eco_slowAsset 5@2x\" loading=\"lazy\" \/><\/div>\n\t\t<\/figure>\n\t<\/div>\n\n\t<div class=\"wpb_text_column wpb_content_element\" >\n\t\t<div class=\"wpb_wrapper\">\n\t\t\t<p style=\"text-align: center;\"><strong>Aby vydr\u017ealo<\/strong><\/p>\n\n\t\t<\/div>\n\t<\/div>\n<div class=\"supro-empty-space \" style=\"\"><div class=\"supro_empty_space_lg\"  style=\"height: 25px\"><\/div><div class=\"supro_empty_space_md\"  style=\"height: 10px\"><\/div><div class=\"supro_empty_space_xs\"  style=\"height: 10px\"><\/div><\/div>\n\t<div  class=\"wpb_single_image wpb_content_element vc_align_center wpb_content_element\">\n\t\t\n\t\t<figure class=\"wpb_wrapper vc_figure\">\n\t\t\t<div class=\"vc_single_image-wrapper   vc_box_border_grey\"><img decoding=\"async\" class=\"vc_single_image-img \" src=\"https:\/\/www.lama-bfc.sk\/wp-content\/uploads\/2021\/03\/eco_localAsset-4@2x-130x130.png\" width=\"130\" height=\"130\" alt=\"eco_localAsset 4@2x\" title=\"eco_localAsset 4@2x\" loading=\"lazy\" \/><\/div>\n\t\t<\/figure>\n\t<\/div>\n\n\t<div class=\"wpb_text_column wpb_content_element\" >\n\t\t<div class=\"wpb_wrapper\">\n\t\t\t<p style=\"text-align: center;\"><strong>Lok\u00e1lne<\/strong><\/p>\n\n\t\t<\/div>\n\t<\/div>\n<\/div><\/div><\/div><\/div><div class=\"supro-empty-space \" style=\"\"><div class=\"supro_empty_space_lg\"  style=\"height: 50px\"><\/div><div class=\"supro_empty_space_md\"  style=\"height: 0px\"><\/div><div class=\"supro_empty_space_xs\"  style=\"height: 0px\"><\/div><\/div><\/div><\/div><\/div><\/div><\/div><\/div><div class=\"vc_row wpb_row vc_row-fluid\"><div class=\"container\"><div class=\"row\"><div class=\"wpb_column vc_column_container vc_col-sm-12\"><div class=\"vc_column-inner\"><div class=\"wpb_wrapper\"><div class=\"supro-empty-space \" style=\"\"><div class=\"supro_empty_space_lg\"  style=\"height: 50px\"><\/div><div class=\"supro_empty_space_md\"  style=\"height: 50px\"><\/div><div class=\"supro_empty_space_xs\"  style=\"height: 50px\"><\/div><\/div><style type=\"text\/css\">@media( max-width: 1024px ) {.supro-vc_custom_heading__4 { line-height : 1.3 !important; }}<\/style><h2 style=\"font-size: 30px;line-height: 1.6;text-align: center;font-weight:600;\" class=\"vc_custom_heading remove_br_tag supro-vc_custom_heading__4 vc_custom_1615103897668\" >A v\u00e1m sa chceme po\u010fakova\u0165, \u017ee na\u0161a zna\u010dka nezostala iba pri prvom prototype a \u017ee sa v\u010faka v\u00e1m m\u00f4\u017eeme na\u010falej rozrasta\u0165.<\/p>\n<p>Va\u0161a L\u2022A\u2022MA<\/h2><\/div><\/div><\/div><\/div><\/div><\/div><div class=\"vc_row wpb_row vc_row-fluid\"><div class=\"container\"><div class=\"row\"><div class=\"wpb_column vc_column_container vc_col-sm-12\"><div class=\"vc_column-inner\"><div class=\"wpb_wrapper\"><div class=\"supro-empty-space \" style=\"\"><div class=\"supro_empty_space_lg\"  style=\"height: 50px\"><\/div><div class=\"supro_empty_space_md\"  style=\"height: 50px\"><\/div><div class=\"supro_empty_space_xs\"  style=\"height: 50px\"><\/div><\/div><\/div><\/div><\/div><\/div><\/div><\/div>\n<\/div>","protected":false},"excerpt":{"rendered":"O N\u00c1SLAMA je kvalitn\u00e9 a dizajnov\u00e9 oble\u010denie pre doj\u010diace mami\u010dky Slovensk\u00e1 zna\u010dka , ktor\u00fa sme v roku 2018\u00a0zalo\u017eili s\u00a0v\u00edziou podpori\u0165 lok\u00e1lnu v\u00fdrobu. Od jej zalo\u017eenia ka\u017ed\u00fd de\u0148 tvrdo pracujeme na tom, aby sme v\u00e1m prin\u00e1\u0161ali nov\u00e9 a\u00a0kvalitn\u00e9 produkty. A\u010eAZakladate\u013eka Ahojte, cel\u00e1 idea Lamy vznikla naroden\u00edm m\u00f4jho syna Timona. T\u00fdm, \u017ee som sama syna doj\u010dila, h\u013eadala [...]","protected":false},"author":24,"featured_media":0,"parent":0,"menu_order":0,"comment_status":"closed","ping_status":"closed","template":"template-fullwidth.php","meta":{"footnotes":""},"class_list":["post-311","page","type-page","status-publish","hentry","no-thumb"],"jetpack_sharing_enabled":true,"_links":{"self":[{"href":"https:\/\/www.lama-bfc.sk\/sk\/wp-json\/wp\/v2\/pages\/311","targetHints":{"allow":["GET"]}}],"collection":[{"href":"https:\/\/www.lama-bfc.sk\/sk\/wp-json\/wp\/v2\/pages"}],"about":[{"href":"https:\/\/www.lama-bfc.sk\/sk\/wp-json\/wp\/v2\/types\/page"}],"author":[{"embeddable":true,"href":"https:\/\/www.lama-bfc.sk\/sk\/wp-json\/wp\/v2\/users\/24"}],"replies":[{"embeddable":true,"href":"https:\/\/www.lama-bfc.sk\/sk\/wp-json\/wp\/v2\/comments?post=311"}],"version-history":[{"count":17,"href":"https:\/\/www.lama-bfc.sk\/sk\/wp-json\/wp\/v2\/pages\/311\/revisions"}],"predecessor-version":[{"id":2836,"href":"https:\/\/www.lama-bfc.sk\/sk\/wp-json\/wp\/v2\/pages\/311\/revisions\/2836"}],"wp:attachment":[{"href":"https:\/\/www.lama-bfc.sk\/sk\/wp-json\/wp\/v2\/media?parent=311"}],"curies":[{"name":"wp","href":"https:\/\/api.w.org\/{rel}","templated":true}]}}