{"id":1233,"date":"2021-03-04T12:32:51","date_gmt":"2021-03-04T11:32:51","guid":{"rendered":"https:\/\/www2.lama-bfc.sk\/?page_id=1233"},"modified":"2021-03-04T12:32:51","modified_gmt":"2021-03-04T11:32:51","slug":"zrusenie-spracovania-osobnych-udajov","status":"publish","type":"page","link":"https:\/\/www.lama-bfc.sk\/sk\/zrusenie-spracovania-osobnych-udajov\/","title":{"rendered":"Zru\u0161enie spracovania osobn\u00fdch \u00fadajov"},"content":{"rendered":"\n<div class=\"wpcf7 no-js\" id=\"wpcf7-f1232-o1\" lang=\"sk-SK\" dir=\"ltr\" data-wpcf7-id=\"1232\">\n<div class=\"screen-reader-response\"><p role=\"status\" aria-live=\"polite\" aria-atomic=\"true\"><\/p> <ul><\/ul><\/div>\n<form action=\"\/sk\/wp-json\/wp\/v2\/pages\/1233#wpcf7-f1232-o1\" method=\"post\" class=\"wpcf7-form init\" aria-label=\"Kontaktn\u00fd formul\u00e1r\" novalidate=\"novalidate\" data-status=\"init\">\n<fieldset class=\"hidden-fields-container\"><input type=\"hidden\" name=\"_wpcf7\" value=\"1232\" \/><input type=\"hidden\" name=\"_wpcf7_version\" value=\"6.1.5\" \/><input type=\"hidden\" name=\"_wpcf7_locale\" value=\"sk_SK\" \/><input type=\"hidden\" name=\"_wpcf7_unit_tag\" value=\"wpcf7-f1232-o1\" \/><input type=\"hidden\" name=\"_wpcf7_container_post\" value=\"0\" \/><input type=\"hidden\" name=\"_wpcf7_posted_data_hash\" value=\"\" \/>\n<\/fieldset>\n<div class=\"wpcf7-turnstile cf-turnstile\" data-sitekey=\"0x4AAAAAABi8VppYGs8AJ3rf\" data-response-field-name=\"_wpcf7_turnstile_response\"><\/div>\n\n<p>Formul\u00e1r na zru\u0161enie spracovania osobn\u00fdch \u00fadajov\n<\/p>\n<p><label>Meno:<\/label><br \/>\n<span class=\"wpcf7-form-control-wrap\" data-name=\"meno\"><input size=\"40\" maxlength=\"400\" class=\"wpcf7-form-control wpcf7-text wpcf7-validates-as-required\" aria-required=\"true\" aria-invalid=\"false\" value=\"\" type=\"text\" name=\"meno\" \/><\/span>\n<\/p>\n<p><label>Priezvisko:<\/label><br \/>\n<span class=\"wpcf7-form-control-wrap\" data-name=\"priezvisko\"><input size=\"40\" maxlength=\"400\" class=\"wpcf7-form-control wpcf7-text wpcf7-validates-as-required\" aria-required=\"true\" aria-invalid=\"false\" value=\"\" type=\"text\" name=\"priezvisko\" \/><\/span>\n<\/p>\n<p><label>Adresa:<\/label><br \/>\n<span class=\"wpcf7-form-control-wrap\" data-name=\"adresa\"><textarea cols=\"40\" rows=\"10\" maxlength=\"2000\" class=\"wpcf7-form-control wpcf7-textarea wpcf7-validates-as-required\" aria-required=\"true\" aria-invalid=\"false\" name=\"adresa\"><\/textarea><\/span>\n<\/p>\n<p><label>E-mail spotrebite\u013ea:<\/label><br \/>\n<span class=\"wpcf7-form-control-wrap\" data-name=\"your-email\"><input size=\"40\" maxlength=\"400\" class=\"wpcf7-form-control wpcf7-email wpcf7-validates-as-required wpcf7-text wpcf7-validates-as-email\" aria-required=\"true\" aria-invalid=\"false\" value=\"\" type=\"email\" name=\"your-email\" \/><\/span>\n<\/p>\n<p><label>D\u0148a:<\/label><br \/>\n<span class=\"wpcf7-form-control-wrap\" data-name=\"dna\"><input class=\"wpcf7-form-control wpcf7-date wpcf7-validates-as-required wpcf7-validates-as-date\" aria-required=\"true\" aria-invalid=\"false\" value=\"\" type=\"date\" name=\"dna\" \/><\/span>\n<\/p>\n<p><label>Ide o tieto \u00fadaje:<\/label><br \/>\n<span class=\"wpcf7-form-control-wrap\" data-name=\"Ideotietoudaje:\"><textarea cols=\"40\" rows=\"10\" maxlength=\"2000\" class=\"wpcf7-form-control wpcf7-textarea wpcf7-validates-as-required\" aria-required=\"true\" aria-invalid=\"false\" name=\"Ideotietoudaje:\"><\/textarea><\/span>\n<\/p>\n<p><label>Ak ste \u010dlovek tak:<\/label><br \/>\n<span class=\"wpcf7-form-control-wrap\" data-name=\"clovek\"><label><span class=\"wpcf7-quiz-label\">Ak\u00fd je opak \u010diernej?<\/span> <input size=\"40\" class=\"wpcf7-form-control wpcf7-quiz\" autocomplete=\"off\" aria-required=\"true\" aria-invalid=\"false\" type=\"text\" name=\"clovek\" \/><\/label><input type=\"hidden\" name=\"_wpcf7_quiz_answer_clovek\" value=\"3fbb15a611269caca93d3af8d7326675\" \/><\/span>\n<\/p>\n<p><input class=\"wpcf7-form-control wpcf7-submit has-spinner\" type=\"submit\" value=\"Odosla\u0165\" \/>\n<\/p><div class=\"wpcf7-response-output\" aria-hidden=\"true\"><\/div>\n<\/form>\n<\/div>\n\n","protected":false},"excerpt":{"rendered":"Formul\u00e1r na zru\u0161enie spracovania osobn\u00fdch \u00fadajov Meno: Priezvisko: Adresa: E-mail spotrebite\u013ea: D\u0148a: Ide o tieto \u00fadaje: Ak ste \u010dlovek tak: Ak\u00fd je opak \u010diernej?","protected":false},"author":24,"featured_media":0,"parent":0,"menu_order":0,"comment_status":"closed","ping_status":"closed","template":"","meta":{"footnotes":""},"class_list":["post-1233","page","type-page","status-publish","hentry","no-thumb"],"jetpack_sharing_enabled":true,"_links":{"self":[{"href":"https:\/\/www.lama-bfc.sk\/sk\/wp-json\/wp\/v2\/pages\/1233","targetHints":{"allow":["GET"]}}],"collection":[{"href":"https:\/\/www.lama-bfc.sk\/sk\/wp-json\/wp\/v2\/pages"}],"about":[{"href":"https:\/\/www.lama-bfc.sk\/sk\/wp-json\/wp\/v2\/types\/page"}],"author":[{"embeddable":true,"href":"https:\/\/www.lama-bfc.sk\/sk\/wp-json\/wp\/v2\/users\/24"}],"replies":[{"embeddable":true,"href":"https:\/\/www.lama-bfc.sk\/sk\/wp-json\/wp\/v2\/comments?post=1233"}],"version-history":[{"count":1,"href":"https:\/\/www.lama-bfc.sk\/sk\/wp-json\/wp\/v2\/pages\/1233\/revisions"}],"predecessor-version":[{"id":1234,"href":"https:\/\/www.lama-bfc.sk\/sk\/wp-json\/wp\/v2\/pages\/1233\/revisions\/1234"}],"wp:attachment":[{"href":"https:\/\/www.lama-bfc.sk\/sk\/wp-json\/wp\/v2\/media?parent=1233"}],"curies":[{"name":"wp","href":"https:\/\/api.w.org\/{rel}","templated":true}]}}