{"id":4219,"date":"2024-05-30T13:53:32","date_gmt":"2024-05-30T11:53:32","guid":{"rendered":"https:\/\/www.lama-bfc.sk\/?post_type=product&#038;p=4219"},"modified":"2025-10-01T10:56:14","modified_gmt":"2025-10-01T08:56:14","slug":"hana-coral","status":"publish","type":"product","link":"https:\/\/www.lama-bfc.sk\/pl\/produkt\/koralowiec-hana\/","title":{"rendered":"Hana Coral"},"content":{"rendered":"","protected":false},"excerpt":{"rendered":"<p class=\"p1\"><span class=\"s1\">Zakocha\u0142am si\u0119 w tej sukience od pierwszego wejrzenia. Mam nadziej\u0119, \u017ce b\u0119dzie nas wi\u0119cej. Lu\u017any, wyd\u0142u\u017cony kr\u00f3j sukienki, fantazyjne falbany wok\u00f3\u0142 r\u0119kaw\u00f3w, wykonana z wyj\u0105tkowego materia\u0142u w po\u0142\u0105czeniu mu\u015blinu i bambusa. B\u0119d\u0105 pie\u015bci\u0107 i obejmowa\u0107. \u263a\ufe0f<\/span><\/p>\n<p class=\"p1\"><span class=\"s1\">Wygodne i dyskretne karmienie piersi\u0105 zapewniaj\u0105 dwa pionowe zamki z przodu sukienki. A poniewa\u017c ta sukienka jest nie tylko pi\u0119kna, ale i super praktyczna, nie mo\u017ce w niej zabrakn\u0105\u0107 kieszeni. <\/span><\/p>\n<p class=\"p1\"><span class=\"s1\">Wi\u0119c przyjd\u017a i te\u017c si\u0119 zakochaj.<\/span><\/p>","protected":false},"featured_media":4188,"template":"","meta":[],"product_brand":[],"product_cat":[151,62],"product_tag":[149],"class_list":{"0":"post-4219","1":"product","2":"type-product","3":"status-publish","4":"has-post-thumbnail","6":"product_cat-rozkvitnuta","7":"product_cat-saty","8":"product_tag-muselinbambus","9":"","11":"first","12":"outofstock","13":"sale","14":"shipping-taxable","15":"purchasable","16":"product-type-variable"},"jetpack_sharing_enabled":true,"_links":{"self":[{"href":"https:\/\/www.lama-bfc.sk\/pl\/wp-json\/wp\/v2\/product\/4219","targetHints":{"allow":["GET"]}}],"collection":[{"href":"https:\/\/www.lama-bfc.sk\/pl\/wp-json\/wp\/v2\/product"}],"about":[{"href":"https:\/\/www.lama-bfc.sk\/pl\/wp-json\/wp\/v2\/types\/product"}],"wp:featuredmedia":[{"embeddable":true,"href":"https:\/\/www.lama-bfc.sk\/pl\/wp-json\/wp\/v2\/media\/4188"}],"wp:attachment":[{"href":"https:\/\/www.lama-bfc.sk\/pl\/wp-json\/wp\/v2\/media?parent=4219"}],"wp:term":[{"taxonomy":"product_brand","embeddable":true,"href":"https:\/\/www.lama-bfc.sk\/pl\/wp-json\/wp\/v2\/product_brand?post=4219"},{"taxonomy":"product_cat","embeddable":true,"href":"https:\/\/www.lama-bfc.sk\/pl\/wp-json\/wp\/v2\/product_cat?post=4219"},{"taxonomy":"product_tag","embeddable":true,"href":"https:\/\/www.lama-bfc.sk\/pl\/wp-json\/wp\/v2\/product_tag?post=4219"}],"curies":[{"name":"wp","href":"https:\/\/api.w.org\/{rel}","templated":true}]}}