{"id":4114,"date":"2024-05-26T22:02:46","date_gmt":"2024-05-26T20:02:46","guid":{"rendered":"https:\/\/www.lama-bfc.sk\/?post_type=product&#038;p=4114"},"modified":"2026-03-13T19:16:10","modified_gmt":"2026-03-13T18:16:10","slug":"penelope-cobalt","status":"publish","type":"product","link":"https:\/\/www.lama-bfc.sk\/pl\/produkt\/penelope-cobalt\/","title":{"rendered":"Penelope Cobalt"},"content":{"rendered":"","protected":false},"excerpt":{"rendered":"<p class=\"p1\"><span class=\"s1\">Wyj\u0105tkowa sukienka kopertowa z naszej pracowni. Jest na cienkich rami\u0105czkach, dzi\u0119ki czemu \u015bwietnie nadaje si\u0119 na gor\u0105ce letnie dni, kiedy naprawd\u0119 j\u0105 docenisz. Karmienie piersi\u0105 zapewnia wystarczaj\u0105co g\u0142\u0119boki dekolt sukienki i chusta, kt\u00f3r\u0105 w razie potrzeby mo\u017cna \u0142atwo poluzowa\u0107. Kr\u00f3j sukienki Penelope podkre\u015bli Twoj\u0105 kobieco\u015b\u0107 i urod\u0119. Wykonana z mi\u0119kkiej wiskozy, podszyta bawe\u0142n\u0105. <\/span><\/p>\n<p class=\"p1\" style=\"padding-left: 40px;\"><span class=\"s1\">Zaprojektowany i wyprodukowany na S\u0142owacji.<\/span><\/p>","protected":false},"featured_media":4173,"template":"","meta":[],"product_brand":[],"product_cat":[151,62],"product_tag":[142],"class_list":{"0":"post-4114","1":"product","2":"type-product","3":"status-publish","4":"has-post-thumbnail","6":"product_cat-rozkvitnuta","7":"product_cat-saty","8":"product_tag-viscose","9":"","11":"first","12":"instock","13":"sale","14":"shipping-taxable","15":"purchasable","16":"product-type-variable"},"jetpack_sharing_enabled":true,"_links":{"self":[{"href":"https:\/\/www.lama-bfc.sk\/pl\/wp-json\/wp\/v2\/product\/4114","targetHints":{"allow":["GET"]}}],"collection":[{"href":"https:\/\/www.lama-bfc.sk\/pl\/wp-json\/wp\/v2\/product"}],"about":[{"href":"https:\/\/www.lama-bfc.sk\/pl\/wp-json\/wp\/v2\/types\/product"}],"wp:featuredmedia":[{"embeddable":true,"href":"https:\/\/www.lama-bfc.sk\/pl\/wp-json\/wp\/v2\/media\/4173"}],"wp:attachment":[{"href":"https:\/\/www.lama-bfc.sk\/pl\/wp-json\/wp\/v2\/media?parent=4114"}],"wp:term":[{"taxonomy":"product_brand","embeddable":true,"href":"https:\/\/www.lama-bfc.sk\/pl\/wp-json\/wp\/v2\/product_brand?post=4114"},{"taxonomy":"product_cat","embeddable":true,"href":"https:\/\/www.lama-bfc.sk\/pl\/wp-json\/wp\/v2\/product_cat?post=4114"},{"taxonomy":"product_tag","embeddable":true,"href":"https:\/\/www.lama-bfc.sk\/pl\/wp-json\/wp\/v2\/product_tag?post=4114"}],"curies":[{"name":"wp","href":"https:\/\/api.w.org\/{rel}","templated":true}]}}