{"id":4113,"date":"2024-05-26T22:00:40","date_gmt":"2024-05-26T20:00:40","guid":{"rendered":"https:\/\/www.lama-bfc.sk\/?post_type=product&#038;p=4113"},"modified":"2025-09-30T13:44:40","modified_gmt":"2025-09-30T11:44:40","slug":"penelope-meadow","status":"publish","type":"product","link":"https:\/\/www.lama-bfc.sk\/pl\/produkt\/laka-penelopy\/","title":{"rendered":"Penelope Meadow"},"content":{"rendered":"","protected":false},"excerpt":{"rendered":"<p class=\"p1\"><span class=\"s1\">Wyj\u0105tkowa sukienka kopertowa z naszej pracowni. Jest na cienkich rami\u0105czkach, dzi\u0119ki czemu \u015bwietnie nadaje si\u0119 na gor\u0105ce letnie dni, kiedy naprawd\u0119 j\u0105 docenisz. Karmienie piersi\u0105 zapewnia wystarczaj\u0105co g\u0142\u0119boki dekolt sukienki i chusta, kt\u00f3r\u0105 w razie potrzeby mo\u017cna \u0142atwo poluzowa\u0107. Kr\u00f3j sukienki Penelope podkre\u015bli Twoj\u0105 kobieco\u015b\u0107 i urod\u0119. Uszyta z mi\u0119kkiej wiskozy w unikalny kwiatowy wz\u00f3r, podszyta bawe\u0142n\u0105. <\/span><\/p>\n<p class=\"p1\"><span class=\"s1\">Zaprojektowany i wyprodukowany na S\u0142owacji.<\/span><\/p>","protected":false},"featured_media":4179,"template":"","meta":[],"product_brand":[],"product_cat":[151,62],"product_tag":[142],"class_list":{"0":"post-4113","1":"product","2":"type-product","3":"status-publish","4":"has-post-thumbnail","6":"product_cat-rozkvitnuta","7":"product_cat-saty","8":"product_tag-viscose","9":"","11":"first","12":"instock","13":"sale","14":"shipping-taxable","15":"purchasable","16":"product-type-variable"},"jetpack_sharing_enabled":true,"_links":{"self":[{"href":"https:\/\/www.lama-bfc.sk\/pl\/wp-json\/wp\/v2\/product\/4113","targetHints":{"allow":["GET"]}}],"collection":[{"href":"https:\/\/www.lama-bfc.sk\/pl\/wp-json\/wp\/v2\/product"}],"about":[{"href":"https:\/\/www.lama-bfc.sk\/pl\/wp-json\/wp\/v2\/types\/product"}],"wp:featuredmedia":[{"embeddable":true,"href":"https:\/\/www.lama-bfc.sk\/pl\/wp-json\/wp\/v2\/media\/4179"}],"wp:attachment":[{"href":"https:\/\/www.lama-bfc.sk\/pl\/wp-json\/wp\/v2\/media?parent=4113"}],"wp:term":[{"taxonomy":"product_brand","embeddable":true,"href":"https:\/\/www.lama-bfc.sk\/pl\/wp-json\/wp\/v2\/product_brand?post=4113"},{"taxonomy":"product_cat","embeddable":true,"href":"https:\/\/www.lama-bfc.sk\/pl\/wp-json\/wp\/v2\/product_cat?post=4113"},{"taxonomy":"product_tag","embeddable":true,"href":"https:\/\/www.lama-bfc.sk\/pl\/wp-json\/wp\/v2\/product_tag?post=4113"}],"curies":[{"name":"wp","href":"https:\/\/api.w.org\/{rel}","templated":true}]}}