{"id":4108,"date":"2024-05-26T13:52:56","date_gmt":"2024-05-26T11:52:56","guid":{"rendered":"https:\/\/www.lama-bfc.sk\/?post_type=product&#038;p=4108"},"modified":"2026-04-22T20:18:31","modified_gmt":"2026-04-22T18:18:31","slug":"hana-meadow","status":"publish","type":"product","link":"https:\/\/www.lama-bfc.sk\/pl\/produkt\/laka-hana\/","title":{"rendered":"Hana Meadow"},"content":{"rendered":"","protected":false},"excerpt":{"rendered":"<p class=\"p1\">Zakocha\u0142am si\u0119 w tej sukience od pierwszego wejrzenia. Mam nadziej\u0119, \u017ce b\u0119dzie nas wi\u0119cej. Lu\u017any, wyd\u0142u\u017cony kr\u00f3j sukienki, fantazyjne falbany wok\u00f3\u0142 r\u0119kaw\u00f3w, uszyta w pi\u0119kny i niepowtarzalny kwiatowy wz\u00f3r z najdelikatniejszej wiskozy. B\u0119d\u0105 Ci\u0119 pie\u015bci\u0107 i obejmowa\u0107. \u263a\ufe0f<\/p>\n<p class=\"p1\">Wygodne i dyskretne karmienie piersi\u0105 zapewniaj\u0105 dwa pionowe zamki z przodu sukienki. A poniewa\u017c ta sukienka jest nie tylko pi\u0119kna, ale i super praktyczna, nie mo\u017ce w niej zabrakn\u0105\u0107 kieszeni.<\/p>\n<p class=\"p1\"><span class=\"s1\">Wi\u0119c przyjd\u017a i te\u017c si\u0119 zakochaj. <\/span><\/p>\n<p class=\"p1\"><span class=\"s1\">Zaprojektowany i wyprodukowany na S\u0142owacji.<\/span><\/p>","protected":false},"featured_media":4204,"template":"","meta":[],"product_brand":[],"product_cat":[151,62],"product_tag":[142],"class_list":{"0":"post-4108","1":"product","2":"type-product","3":"status-publish","4":"has-post-thumbnail","6":"product_cat-rozkvitnuta","7":"product_cat-saty","8":"product_tag-viscose","9":"","11":"first","12":"instock","13":"sale","14":"shipping-taxable","15":"purchasable","16":"product-type-variable"},"jetpack_sharing_enabled":true,"_links":{"self":[{"href":"https:\/\/www.lama-bfc.sk\/pl\/wp-json\/wp\/v2\/product\/4108","targetHints":{"allow":["GET"]}}],"collection":[{"href":"https:\/\/www.lama-bfc.sk\/pl\/wp-json\/wp\/v2\/product"}],"about":[{"href":"https:\/\/www.lama-bfc.sk\/pl\/wp-json\/wp\/v2\/types\/product"}],"wp:featuredmedia":[{"embeddable":true,"href":"https:\/\/www.lama-bfc.sk\/pl\/wp-json\/wp\/v2\/media\/4204"}],"wp:attachment":[{"href":"https:\/\/www.lama-bfc.sk\/pl\/wp-json\/wp\/v2\/media?parent=4108"}],"wp:term":[{"taxonomy":"product_brand","embeddable":true,"href":"https:\/\/www.lama-bfc.sk\/pl\/wp-json\/wp\/v2\/product_brand?post=4108"},{"taxonomy":"product_cat","embeddable":true,"href":"https:\/\/www.lama-bfc.sk\/pl\/wp-json\/wp\/v2\/product_cat?post=4108"},{"taxonomy":"product_tag","embeddable":true,"href":"https:\/\/www.lama-bfc.sk\/pl\/wp-json\/wp\/v2\/product_tag?post=4108"}],"curies":[{"name":"wp","href":"https:\/\/api.w.org\/{rel}","templated":true}]}}