{"id":4107,"date":"2024-05-25T22:42:55","date_gmt":"2024-05-25T20:42:55","guid":{"rendered":"https:\/\/www.lama-bfc.sk\/?post_type=product&#038;p=4107"},"modified":"2025-09-30T13:48:52","modified_gmt":"2025-09-30T11:48:52","slug":"sara-mint","status":"publish","type":"product","link":"https:\/\/www.lama-bfc.sk\/pl\/produkt\/sara-mint\/","title":{"rendered":"Sara Mint"},"content":{"rendered":"","protected":false},"excerpt":{"rendered":"<p class=\"p1\"><span class=\"s1\">Romantyczna sukienka piel\u0119gnacyjna Sara jest odpowiednia na ka\u017cd\u0105 okazj\u0119. Niezale\u017cnie od tego, czy wybierasz si\u0119 na spacer po mie\u015bcie, na lody, czy na imprez\u0119 rodzinn\u0105 lub wakacje, b\u0119dzie to niezb\u0119dny element Twoich letnich dni. Wykonane s\u0105 z najdelikatniejszej wiskozy, podszytej bawe\u0142n\u0105. Zamki b\u0142yskawiczne tu\u017c pod biustem zapewniaj\u0105 \u0142atwe i bardzo wygodne karmienie dziecka piersi\u0105. R\u0119kawy dzwony doskonale uzupe\u0142niaj\u0105 og\u00f3lny wygl\u0105d tej wyj\u0105tkowej sukienki. <\/span><\/p>\n<p class=\"p2\"><span class=\"s2\">Zaprojektowany i wyprodukowany na S\u0142owacji.<\/span><\/p>","protected":false},"featured_media":4208,"template":"","meta":[],"product_brand":[],"product_cat":[151,62],"product_tag":[142],"class_list":{"0":"post-4107","1":"product","2":"type-product","3":"status-publish","4":"has-post-thumbnail","6":"product_cat-rozkvitnuta","7":"product_cat-saty","8":"product_tag-viscose","9":"","11":"first","12":"instock","13":"sale","14":"shipping-taxable","15":"purchasable","16":"product-type-variable"},"jetpack_sharing_enabled":true,"_links":{"self":[{"href":"https:\/\/www.lama-bfc.sk\/pl\/wp-json\/wp\/v2\/product\/4107","targetHints":{"allow":["GET"]}}],"collection":[{"href":"https:\/\/www.lama-bfc.sk\/pl\/wp-json\/wp\/v2\/product"}],"about":[{"href":"https:\/\/www.lama-bfc.sk\/pl\/wp-json\/wp\/v2\/types\/product"}],"wp:featuredmedia":[{"embeddable":true,"href":"https:\/\/www.lama-bfc.sk\/pl\/wp-json\/wp\/v2\/media\/4208"}],"wp:attachment":[{"href":"https:\/\/www.lama-bfc.sk\/pl\/wp-json\/wp\/v2\/media?parent=4107"}],"wp:term":[{"taxonomy":"product_brand","embeddable":true,"href":"https:\/\/www.lama-bfc.sk\/pl\/wp-json\/wp\/v2\/product_brand?post=4107"},{"taxonomy":"product_cat","embeddable":true,"href":"https:\/\/www.lama-bfc.sk\/pl\/wp-json\/wp\/v2\/product_cat?post=4107"},{"taxonomy":"product_tag","embeddable":true,"href":"https:\/\/www.lama-bfc.sk\/pl\/wp-json\/wp\/v2\/product_tag?post=4107"}],"curies":[{"name":"wp","href":"https:\/\/api.w.org\/{rel}","templated":true}]}}