{"id":3809,"date":"2023-07-03T07:55:25","date_gmt":"2023-07-03T05:55:25","guid":{"rendered":"https:\/\/www.lama-bfc.sk\/?post_type=product&#038;p=3809"},"modified":"2025-12-05T23:06:47","modified_gmt":"2025-12-05T22:06:47","slug":"detske-tricko-juicy","status":"publish","type":"product","link":"https:\/\/www.lama-bfc.sk\/pl\/produkt\/koszulka-dziecieca-juicy\/","title":{"rendered":"Koszulka dzieci\u0119ca JUICY"},"content":{"rendered":"","protected":false},"excerpt":{"rendered":"<p>Czego nie mo\u017ce zabrakn\u0105\u0107 \u017cadnemu ma\u0142emu letniemu odkrywcy? Koszulki o wygodnym kroju, bez zb\u0119dnych szw\u00f3w na ramionach, wykonanej z materia\u0142\u00f3w pochodz\u0105cych z recyklingu, kt\u00f3re oszcz\u0119dzaj\u0105 du\u017co wody, CO2 i energii. Koszulk\u0119 uzupe\u0142nia soczysty autorski nadruk z naszej pracowni. Wystarczy wybra\u0107 swoj\u0105 kombinacj\u0119. \ud83d\ude42<\/p>","protected":false},"featured_media":3902,"template":"","meta":[],"product_brand":[],"product_cat":[103,99],"product_tag":[98],"class_list":{"0":"post-3809","1":"product","2":"type-product","3":"status-publish","4":"has-post-thumbnail","6":"product_cat-detske-oblecenie","7":"product_cat-lama-kids","8":"product_tag-recycled","9":"","11":"first","12":"instock","13":"sale","14":"shipping-taxable","15":"purchasable","16":"product-type-variable"},"jetpack_sharing_enabled":true,"_links":{"self":[{"href":"https:\/\/www.lama-bfc.sk\/pl\/wp-json\/wp\/v2\/product\/3809","targetHints":{"allow":["GET"]}}],"collection":[{"href":"https:\/\/www.lama-bfc.sk\/pl\/wp-json\/wp\/v2\/product"}],"about":[{"href":"https:\/\/www.lama-bfc.sk\/pl\/wp-json\/wp\/v2\/types\/product"}],"wp:featuredmedia":[{"embeddable":true,"href":"https:\/\/www.lama-bfc.sk\/pl\/wp-json\/wp\/v2\/media\/3902"}],"wp:attachment":[{"href":"https:\/\/www.lama-bfc.sk\/pl\/wp-json\/wp\/v2\/media?parent=3809"}],"wp:term":[{"taxonomy":"product_brand","embeddable":true,"href":"https:\/\/www.lama-bfc.sk\/pl\/wp-json\/wp\/v2\/product_brand?post=3809"},{"taxonomy":"product_cat","embeddable":true,"href":"https:\/\/www.lama-bfc.sk\/pl\/wp-json\/wp\/v2\/product_cat?post=3809"},{"taxonomy":"product_tag","embeddable":true,"href":"https:\/\/www.lama-bfc.sk\/pl\/wp-json\/wp\/v2\/product_tag?post=3809"}],"curies":[{"name":"wp","href":"https:\/\/api.w.org\/{rel}","templated":true}]}}