{"id":3790,"date":"2023-07-03T07:54:42","date_gmt":"2023-07-03T05:54:42","guid":{"rendered":"https:\/\/www.lama-bfc.sk\/?post_type=product&#038;p=3790"},"modified":"2025-08-17T10:03:33","modified_gmt":"2025-08-17T08:03:33","slug":"detsky-set","status":"publish","type":"product","link":"https:\/\/www.lama-bfc.sk\/pl\/produkt\/zestaw-dla-dzieci\/","title":{"rendered":"Zestaw dla dzieci"},"content":{"rendered":"","protected":false},"excerpt":{"rendered":"<p>W nowej kolekcji pomy\u015bleli\u015bmy r\u00f3wnie\u017c o najm\u0142odszych. Zestaw zawiera podkoszulek i szorty, kt\u00f3re idealnie pasuj\u0105. Podkoszulek jest zapinany na guziki, co zapewnia wygodne ubieranie, poniewa\u017c doskonale wiemy, \u017ce nie ma nic bardziej irytuj\u0105cego dla dzieci, prawda? Wystarczy zmiana pieluszki, aby to zniwelowa\u0107 \ud83d\ude00 Zestaw wykonany jest z materia\u0142\u00f3w pochodz\u0105cych z recyklingu, gdzie do produkcji tej tkaniny zu\u017cywa si\u0119 kilkakrotnie mniej wody, CO2 i energii ni\u017c w przypadku konwencjonalnych materia\u0142\u00f3w. Kolekcja JUICY jest \u015bwie\u017ca, soczysta, zabawna, a nasz oryginalny nadruk ca\u0142kowicie j\u0105 definiuje. Po prostu wybierz. \ud83d\ude42<\/p>","protected":false},"featured_media":3853,"template":"","meta":[],"product_brand":[],"product_cat":[103,99],"product_tag":[98],"class_list":{"0":"post-3790","1":"product","2":"type-product","3":"status-publish","4":"has-post-thumbnail","6":"product_cat-detske-oblecenie","7":"product_cat-lama-kids","8":"product_tag-recycled","9":"","11":"first","12":"instock","13":"sale","14":"shipping-taxable","15":"purchasable","16":"product-type-variable"},"jetpack_sharing_enabled":true,"_links":{"self":[{"href":"https:\/\/www.lama-bfc.sk\/pl\/wp-json\/wp\/v2\/product\/3790","targetHints":{"allow":["GET"]}}],"collection":[{"href":"https:\/\/www.lama-bfc.sk\/pl\/wp-json\/wp\/v2\/product"}],"about":[{"href":"https:\/\/www.lama-bfc.sk\/pl\/wp-json\/wp\/v2\/types\/product"}],"wp:featuredmedia":[{"embeddable":true,"href":"https:\/\/www.lama-bfc.sk\/pl\/wp-json\/wp\/v2\/media\/3853"}],"wp:attachment":[{"href":"https:\/\/www.lama-bfc.sk\/pl\/wp-json\/wp\/v2\/media?parent=3790"}],"wp:term":[{"taxonomy":"product_brand","embeddable":true,"href":"https:\/\/www.lama-bfc.sk\/pl\/wp-json\/wp\/v2\/product_brand?post=3790"},{"taxonomy":"product_cat","embeddable":true,"href":"https:\/\/www.lama-bfc.sk\/pl\/wp-json\/wp\/v2\/product_cat?post=3790"},{"taxonomy":"product_tag","embeddable":true,"href":"https:\/\/www.lama-bfc.sk\/pl\/wp-json\/wp\/v2\/product_tag?post=3790"}],"curies":[{"name":"wp","href":"https:\/\/api.w.org\/{rel}","templated":true}]}}