{"id":3765,"date":"2023-06-27T17:36:31","date_gmt":"2023-06-27T15:36:31","guid":{"rendered":"https:\/\/www.lama-bfc.sk\/?post_type=product&#038;p=3765"},"modified":"2025-11-23T15:54:56","modified_gmt":"2025-11-23T14:54:56","slug":"detske-trakace","status":"publish","type":"product","link":"https:\/\/www.lama-bfc.sk\/pl\/produkt\/aparaty-ortodontyczne-dla-dzieci\/","title":{"rendered":"Taczki dla dzieci"},"content":{"rendered":"","protected":false},"excerpt":{"rendered":"<p>Poddali\u015bmy nasze solidne taczki pewnej metamorfozie, szyj\u0105c je ze \u015bwietnej prz\u0119dzy z recyklingu i dodaj\u0105c nasze charakterystyczne soczyste nadruki brzoskwini, fig i pitahaya. Go\u0142e plecy s\u0105 bardzo przyjemne w lecie, a w ch\u0142odniejsze dni mo\u017cna je uzupe\u0142ni\u0107 t-shirtem i gotowe \ud83d\ude42 Szelki maj\u0105 do 3 rz\u0119d\u00f3w otwor\u00f3w, aby zapewni\u0107 idealne dopasowanie i rosn\u0105\u0107 wraz z dzie\u0107mi.<\/p>","protected":false},"featured_media":3858,"template":"","meta":[],"product_brand":[],"product_cat":[103,99],"product_tag":[98],"class_list":{"0":"post-3765","1":"product","2":"type-product","3":"status-publish","4":"has-post-thumbnail","6":"product_cat-detske-oblecenie","7":"product_cat-lama-kids","8":"product_tag-recycled","9":"","11":"first","12":"instock","13":"sale","14":"shipping-taxable","15":"purchasable","16":"product-type-variable"},"jetpack_sharing_enabled":true,"_links":{"self":[{"href":"https:\/\/www.lama-bfc.sk\/pl\/wp-json\/wp\/v2\/product\/3765","targetHints":{"allow":["GET"]}}],"collection":[{"href":"https:\/\/www.lama-bfc.sk\/pl\/wp-json\/wp\/v2\/product"}],"about":[{"href":"https:\/\/www.lama-bfc.sk\/pl\/wp-json\/wp\/v2\/types\/product"}],"wp:featuredmedia":[{"embeddable":true,"href":"https:\/\/www.lama-bfc.sk\/pl\/wp-json\/wp\/v2\/media\/3858"}],"wp:attachment":[{"href":"https:\/\/www.lama-bfc.sk\/pl\/wp-json\/wp\/v2\/media?parent=3765"}],"wp:term":[{"taxonomy":"product_brand","embeddable":true,"href":"https:\/\/www.lama-bfc.sk\/pl\/wp-json\/wp\/v2\/product_brand?post=3765"},{"taxonomy":"product_cat","embeddable":true,"href":"https:\/\/www.lama-bfc.sk\/pl\/wp-json\/wp\/v2\/product_cat?post=3765"},{"taxonomy":"product_tag","embeddable":true,"href":"https:\/\/www.lama-bfc.sk\/pl\/wp-json\/wp\/v2\/product_tag?post=3765"}],"curies":[{"name":"wp","href":"https:\/\/api.w.org\/{rel}","templated":true}]}}