{"id":3763,"date":"2023-07-03T07:57:31","date_gmt":"2023-07-03T05:57:31","guid":{"rendered":"https:\/\/www.lama-bfc.sk\/?post_type=product&#038;p=3763"},"modified":"2025-08-17T09:57:11","modified_gmt":"2025-08-17T07:57:11","slug":"detske-saty","status":"publish","type":"product","link":"https:\/\/www.lama-bfc.sk\/pl\/produkt\/sukienki-dzieciece\/","title":{"rendered":"Sukienki dzieci\u0119ce"},"content":{"rendered":"","protected":false},"excerpt":{"rendered":"<p>Dziewczynki + lato = sukienki... i to nie byle jakie \ud83d\ude42 Odkryte plecy latem to sama przyjemno\u015b\u0107, a w ch\u0142odniejsze dni mo\u017cna je uzupe\u0142ni\u0107 t-shirtem lub nawet legginsami. W ten spos\u00f3b otrzymujesz element, kt\u00f3ry mo\u017cna nosi\u0107 przez ca\u0142y rok \ud83d\ude42 Szelki maj\u0105 2 rz\u0119dy otwor\u00f3w, dzi\u0119ki czemu sukienka idealnie pasuje i mo\u017ce rosn\u0105\u0107 wraz z ksi\u0119\u017cniczkami. Sukienki s\u0105 wykonane z materia\u0142\u00f3w pochodz\u0105cych z recyklingu, kt\u00f3re oszcz\u0119dzaj\u0105 du\u017co wody, CO2 i energii.<\/p>","protected":false},"featured_media":3865,"template":"","meta":[],"product_brand":[],"product_cat":[103,99],"product_tag":[98],"class_list":{"0":"post-3763","1":"product","2":"type-product","3":"status-publish","4":"has-post-thumbnail","6":"product_cat-detske-oblecenie","7":"product_cat-lama-kids","8":"product_tag-recycled","9":"","11":"first","12":"instock","13":"sale","14":"shipping-taxable","15":"purchasable","16":"product-type-variable"},"jetpack_sharing_enabled":true,"_links":{"self":[{"href":"https:\/\/www.lama-bfc.sk\/pl\/wp-json\/wp\/v2\/product\/3763","targetHints":{"allow":["GET"]}}],"collection":[{"href":"https:\/\/www.lama-bfc.sk\/pl\/wp-json\/wp\/v2\/product"}],"about":[{"href":"https:\/\/www.lama-bfc.sk\/pl\/wp-json\/wp\/v2\/types\/product"}],"wp:featuredmedia":[{"embeddable":true,"href":"https:\/\/www.lama-bfc.sk\/pl\/wp-json\/wp\/v2\/media\/3865"}],"wp:attachment":[{"href":"https:\/\/www.lama-bfc.sk\/pl\/wp-json\/wp\/v2\/media?parent=3763"}],"wp:term":[{"taxonomy":"product_brand","embeddable":true,"href":"https:\/\/www.lama-bfc.sk\/pl\/wp-json\/wp\/v2\/product_brand?post=3763"},{"taxonomy":"product_cat","embeddable":true,"href":"https:\/\/www.lama-bfc.sk\/pl\/wp-json\/wp\/v2\/product_cat?post=3763"},{"taxonomy":"product_tag","embeddable":true,"href":"https:\/\/www.lama-bfc.sk\/pl\/wp-json\/wp\/v2\/product_tag?post=3763"}],"curies":[{"name":"wp","href":"https:\/\/api.w.org\/{rel}","templated":true}]}}