{"id":3299,"date":"2022-05-27T09:47:05","date_gmt":"2022-05-27T07:47:05","guid":{"rendered":"https:\/\/www.lama-bfc.sk\/?post_type=product&#038;p=3299"},"modified":"2025-12-10T17:36:02","modified_gmt":"2025-12-10T16:36:02","slug":"saty-sunny-wolf","status":"publish","type":"product","link":"https:\/\/www.lama-bfc.sk\/pl\/produkt\/sukienka-sunny-wolf\/","title":{"rendered":"Sukienka Sunny Wolf"},"content":{"rendered":"<p>W\u0142\u00f3kno Tencel jest pozyskiwane z surowego drewna eukaliptusowego w celu wytworzenia unikalnego materia\u0142u, kt\u00f3ry jest bardziej mi\u0119kki ni\u017c jedwab i jest w stanie wch\u0142ania\u0107 wod\u0119 znacznie szybciej ni\u017c w\u0142\u00f3kno bawe\u0142niane, a zu\u017cycie wody przez ten materia\u0142 jest od 10 do 20 razy ni\u017csze ni\u017c na przyk\u0142ad bawe\u0142na.<br \/>\nSukienka Tencl jest wykonana w uniwersalnym rozmiarze i ma unikalny kr\u00f3j. Dzi\u0119ki elastycznemu sznurkowi mo\u017cna \u0142atwo regulowa\u0107 d\u0142ugo\u015b\u0107 sukienki, szeroko\u015b\u0107, a nawet d\u0142ugo\u015b\u0107 r\u0119kaw\u00f3w, a karmienie piersi\u0105 w tej sukience nie mo\u017ce by\u0107 \u0142atwiejsze. W przypadku kolekcji Femme wsp\u00f3\u0142pracowali\u015bmy z utalentowan\u0105 ilustratork\u0105 i tatua\u017cystk\u0105 Pety\u0105 Ziackkov\u0105, kt\u00f3ra stworzy\u0142a pi\u0119kne ilustracje do nadruku tej sukienki i innych element\u00f3w kolekcji.<\/p>","protected":false},"excerpt":{"rendered":"<p><strong>Rozmiar UNI<\/strong><\/p>\n[video width=\"1080\" height=\"1920\" mp4=\"https:\/\/www.lama-bfc.sk\/wp-content\/uploads\/2022\/05\/Lama_2-V.1.1.mp4\"][\/video]","protected":false},"featured_media":3251,"template":"","meta":[],"product_brand":[],"product_cat":[115,62],"product_tag":[],"class_list":{"0":"post-3299","1":"product","2":"type-product","3":"status-publish","4":"has-post-thumbnail","6":"product_cat-femme","7":"product_cat-saty","8":"","10":"first","11":"outofstock","12":"sale","13":"shipping-taxable","14":"purchasable","15":"product-type-simple"},"jetpack_sharing_enabled":true,"_links":{"self":[{"href":"https:\/\/www.lama-bfc.sk\/pl\/wp-json\/wp\/v2\/product\/3299","targetHints":{"allow":["GET"]}}],"collection":[{"href":"https:\/\/www.lama-bfc.sk\/pl\/wp-json\/wp\/v2\/product"}],"about":[{"href":"https:\/\/www.lama-bfc.sk\/pl\/wp-json\/wp\/v2\/types\/product"}],"wp:featuredmedia":[{"embeddable":true,"href":"https:\/\/www.lama-bfc.sk\/pl\/wp-json\/wp\/v2\/media\/3251"}],"wp:attachment":[{"href":"https:\/\/www.lama-bfc.sk\/pl\/wp-json\/wp\/v2\/media?parent=3299"}],"wp:term":[{"taxonomy":"product_brand","embeddable":true,"href":"https:\/\/www.lama-bfc.sk\/pl\/wp-json\/wp\/v2\/product_brand?post=3299"},{"taxonomy":"product_cat","embeddable":true,"href":"https:\/\/www.lama-bfc.sk\/pl\/wp-json\/wp\/v2\/product_cat?post=3299"},{"taxonomy":"product_tag","embeddable":true,"href":"https:\/\/www.lama-bfc.sk\/pl\/wp-json\/wp\/v2\/product_tag?post=3299"}],"curies":[{"name":"wp","href":"https:\/\/api.w.org\/{rel}","templated":true}]}}