{"id":3201,"date":"2022-05-24T18:59:50","date_gmt":"2022-05-24T16:59:50","guid":{"rendered":"https:\/\/www.lama-bfc.sk\/?post_type=product&#038;p=3201"},"modified":"2026-03-08T18:35:13","modified_gmt":"2026-03-08T17:35:13","slug":"overal-liza","status":"publish","type":"product","link":"https:\/\/www.lama-bfc.sk\/pl\/produkt\/kombinezon-liza\/","title":{"rendered":"Kombinezon Lisa"},"content":{"rendered":"<p>Do tegorocznej kolekcji FEMME by Lama w\u0142\u0105czyli\u015bmy nasz, a przede wszystkim Wasz ulubiony model z zesz\u0142ego roku. Nieznacznie zmodyfikowali\u015bmy kr\u00f3j i zamienili\u015bmy rami\u0105czka na wi\u0105zanie, dzi\u0119ki czemu ka\u017cda z Was mo\u017ce go spersonalizowa\u0107. Jest to rozmiar uniwersalny. Zosta\u0142a uszyta z materia\u0142u o pe\u0142nej szeroko\u015bci i jest wi\u0105zana w talii za pomoc\u0105 paska. W komplecie z haftem na piersi. Mu\u015blin jest bardzo przyjemnym i przewiewnym materia\u0142em na lato i oczywi\u015bcie jest to bawe\u0142na organiczna z certyfikatem GOTS \ud83d\ude42 .<\/p>","protected":false},"excerpt":{"rendered":"<p><strong>Rozmiar UNI<\/strong><\/p>\n[video width=\"1080\" height=\"1920\" mp4=\"https:\/\/www.lama-bfc.sk\/wp-content\/uploads\/2022\/05\/Lama_1-V.1.1.mp4\"][\/video]","protected":false},"featured_media":3226,"template":"","meta":[],"product_brand":[],"product_cat":[115,72],"product_tag":[95],"class_list":{"0":"post-3201","1":"product","2":"type-product","3":"status-publish","4":"has-post-thumbnail","6":"product_cat-femme","7":"product_cat-overaly","8":"product_tag-organiccotton","9":"","11":"first","12":"instock","13":"sale","14":"shipping-taxable","15":"purchasable","16":"product-type-simple"},"jetpack_sharing_enabled":true,"_links":{"self":[{"href":"https:\/\/www.lama-bfc.sk\/pl\/wp-json\/wp\/v2\/product\/3201","targetHints":{"allow":["GET"]}}],"collection":[{"href":"https:\/\/www.lama-bfc.sk\/pl\/wp-json\/wp\/v2\/product"}],"about":[{"href":"https:\/\/www.lama-bfc.sk\/pl\/wp-json\/wp\/v2\/types\/product"}],"wp:featuredmedia":[{"embeddable":true,"href":"https:\/\/www.lama-bfc.sk\/pl\/wp-json\/wp\/v2\/media\/3226"}],"wp:attachment":[{"href":"https:\/\/www.lama-bfc.sk\/pl\/wp-json\/wp\/v2\/media?parent=3201"}],"wp:term":[{"taxonomy":"product_brand","embeddable":true,"href":"https:\/\/www.lama-bfc.sk\/pl\/wp-json\/wp\/v2\/product_brand?post=3201"},{"taxonomy":"product_cat","embeddable":true,"href":"https:\/\/www.lama-bfc.sk\/pl\/wp-json\/wp\/v2\/product_cat?post=3201"},{"taxonomy":"product_tag","embeddable":true,"href":"https:\/\/www.lama-bfc.sk\/pl\/wp-json\/wp\/v2\/product_tag?post=3201"}],"curies":[{"name":"wp","href":"https:\/\/api.w.org\/{rel}","templated":true}]}}