{"id":3176,"date":"2022-05-24T19:02:33","date_gmt":"2022-05-24T17:02:33","guid":{"rendered":"https:\/\/www.lama-bfc.sk\/?post_type=product&#038;p=3176"},"modified":"2026-04-26T18:53:34","modified_gmt":"2026-04-26T16:53:34","slug":"lanovy-set-femme","status":"publish","type":"product","link":"https:\/\/www.lama-bfc.sk\/pl\/produkt\/zestaw-linowy-femme\/","title":{"rendered":"Zestaw lniany FEMME"},"content":{"rendered":"<p>Szorty z wysokim stanem i stylowy croptop. Wykonany ze wst\u0119pnie wypranego lnu, ten zestaw b\u0119dzie Twoj\u0105 drug\u0105 sk\u00f3r\u0105 tego lata. O zaletach lnu nie trzeba chyba wspomina\u0107... ale oto kilka z nich. Len jest materia\u0142em naturalnym, antybakteryjnym, lekkim, przewiewnym i przyjemnie ch\u0142odz\u0105cym. Materia\u0142 ten doskonale uzupe\u0142nia nasz\u0105 rodzin\u0119 zr\u00f3wnowa\u017conych materia\u0142\u00f3w w nowej kolekcji Femme by Lama. Ozdobili\u015bmy croptop unikalnym haftem na piersi i zakrytymi suwakami pod pachami dla wygodnego karmienia. Spodenki maj\u0105 wygodny, lu\u017any kr\u00f3j.<\/p>","protected":false},"excerpt":{"rendered":"[video width=\"1080\" height=\"1920\" mp4=\"https:\/\/www.lama-bfc.sk\/wp-content\/uploads\/2022\/05\/Lama_3-V.1.1.mp4\"][\/video]","protected":false},"featured_media":3265,"template":"","meta":[],"product_brand":[],"product_cat":[115,116],"product_tag":[],"class_list":{"0":"post-3176","1":"product","2":"type-product","3":"status-publish","4":"has-post-thumbnail","6":"product_cat-femme","7":"product_cat-sety","8":"","10":"first","11":"instock","12":"sale","13":"shipping-taxable","14":"purchasable","15":"product-type-variable"},"jetpack_sharing_enabled":true,"_links":{"self":[{"href":"https:\/\/www.lama-bfc.sk\/pl\/wp-json\/wp\/v2\/product\/3176","targetHints":{"allow":["GET"]}}],"collection":[{"href":"https:\/\/www.lama-bfc.sk\/pl\/wp-json\/wp\/v2\/product"}],"about":[{"href":"https:\/\/www.lama-bfc.sk\/pl\/wp-json\/wp\/v2\/types\/product"}],"wp:featuredmedia":[{"embeddable":true,"href":"https:\/\/www.lama-bfc.sk\/pl\/wp-json\/wp\/v2\/media\/3265"}],"wp:attachment":[{"href":"https:\/\/www.lama-bfc.sk\/pl\/wp-json\/wp\/v2\/media?parent=3176"}],"wp:term":[{"taxonomy":"product_brand","embeddable":true,"href":"https:\/\/www.lama-bfc.sk\/pl\/wp-json\/wp\/v2\/product_brand?post=3176"},{"taxonomy":"product_cat","embeddable":true,"href":"https:\/\/www.lama-bfc.sk\/pl\/wp-json\/wp\/v2\/product_cat?post=3176"},{"taxonomy":"product_tag","embeddable":true,"href":"https:\/\/www.lama-bfc.sk\/pl\/wp-json\/wp\/v2\/product_tag?post=3176"}],"curies":[{"name":"wp","href":"https:\/\/api.w.org\/{rel}","templated":true}]}}