{"id":1873,"date":"2021-03-01T10:39:02","date_gmt":"2021-03-01T09:39:02","guid":{"rendered":"https:\/\/www2.lama-bfc.sk\/?post_type=product&#038;p=1873"},"modified":"2025-08-11T12:58:45","modified_gmt":"2025-08-11T10:58:45","slug":"darcekovy-poukaz","status":"publish","type":"product","link":"https:\/\/www.lama-bfc.sk\/pl\/produkt\/voucher-darczyncy\/","title":{"rendered":"Kupon podarunkowy"},"content":{"rendered":"","protected":false},"excerpt":{"rendered":"<p>Je\u015bli planujesz podarowa\u0107 komu\u015b przedmiot z warsztatu LAMA, ale nie wiesz dok\u0142adnie, co ta osoba chcia\u0142aby dosta\u0107, nasze bony upominkowe s\u0105 w\u0142a\u015bnie dla Ciebie. Zachwy\u0107 wsp\u00f3\u0142ma\u0142\u017conka, przyjaciela lub siostr\u0119 voucherem o warto\u015bci 15, 30, 50 lub 100 EUR!<\/p>","protected":false},"featured_media":1876,"template":"","meta":[],"product_brand":[],"product_cat":[86],"product_tag":[],"class_list":{"0":"post-1873","1":"product","2":"type-product","3":"status-publish","4":"has-post-thumbnail","6":"product_cat-darcekove-poukazy","7":"","9":"first","10":"instock","11":"shipping-taxable","12":"purchasable","13":"product-type-variable"},"jetpack_sharing_enabled":true,"_links":{"self":[{"href":"https:\/\/www.lama-bfc.sk\/pl\/wp-json\/wp\/v2\/product\/1873","targetHints":{"allow":["GET"]}}],"collection":[{"href":"https:\/\/www.lama-bfc.sk\/pl\/wp-json\/wp\/v2\/product"}],"about":[{"href":"https:\/\/www.lama-bfc.sk\/pl\/wp-json\/wp\/v2\/types\/product"}],"wp:featuredmedia":[{"embeddable":true,"href":"https:\/\/www.lama-bfc.sk\/pl\/wp-json\/wp\/v2\/media\/1876"}],"wp:attachment":[{"href":"https:\/\/www.lama-bfc.sk\/pl\/wp-json\/wp\/v2\/media?parent=1873"}],"wp:term":[{"taxonomy":"product_brand","embeddable":true,"href":"https:\/\/www.lama-bfc.sk\/pl\/wp-json\/wp\/v2\/product_brand?post=1873"},{"taxonomy":"product_cat","embeddable":true,"href":"https:\/\/www.lama-bfc.sk\/pl\/wp-json\/wp\/v2\/product_cat?post=1873"},{"taxonomy":"product_tag","embeddable":true,"href":"https:\/\/www.lama-bfc.sk\/pl\/wp-json\/wp\/v2\/product_tag?post=1873"}],"curies":[{"name":"wp","href":"https:\/\/api.w.org\/{rel}","templated":true}]}}