{"id":311,"date":"2018-06-01T08:19:29","date_gmt":"2018-06-01T08:19:29","guid":{"rendered":"http:\/\/demo2.drfuri.com\/supro\/?page_id=311"},"modified":"2021-08-11T17:43:43","modified_gmt":"2021-08-11T15:43:43","slug":"o-nas","status":"publish","type":"page","link":"https:\/\/www.lama-bfc.sk\/pl\/o-nas\/","title":{"rendered":"O nas"},"content":{"rendered":"<div class=\"wpb-content-wrapper\"><div class=\"vc_row wpb_row vc_row-fluid\"><div class=\"container\"><div class=\"row\"><div class=\"wpb_column vc_column_container vc_col-sm-12\"><div class=\"vc_column-inner\"><div class=\"wpb_wrapper\"><div class=\"supro-empty-space\" style=\"\"><div class=\"supro_empty_space_lg\"  style=\"height: 150px\"><\/div><div class=\"supro_empty_space_md\"  style=\"height: 100px\"><\/div><div class=\"supro_empty_space_xs\"  style=\"height: 50px\"><\/div><\/div><\/div><\/div><\/div><\/div><\/div><\/div><div class=\"vc_row wpb_row vc_row-fluid\"><div class=\"container\"><div class=\"row\"><div class=\"wpb_column vc_column_container vc_col-sm-12 vc_col-lg-6 vc_col-md-6\"><div class=\"vc_column-inner\"><div class=\"wpb_wrapper\"><div class=\"supro-empty-space\" style=\"\"><div class=\"supro_empty_space_lg\"  style=\"height: 30px\"><\/div><div class=\"supro_empty_space_md\"  style=\"height: 30px\"><\/div><div class=\"supro_empty_space_xs\"  style=\"height: 30px\"><\/div><\/div><h5 style=\"font-size: 14px;text-align: left;letter-spacing:1px;\" class=\"vc_custom_heading primary-color supro-vc_custom_heading__1 vc_custom_1615102331964\" >O NAS<\/h5><style type=\"text\/css\">@media( max-width: 1024px ) {.supro-vc_custom_heading__2 { font-size : 36px !important; }}<\/style><h1 style=\"font-size: 48px;text-align: left\" class=\"vc_custom_heading remove_br_tag supro-vc_custom_heading__2 vc_custom_1628696607680\" >LAMA to jako\u015b\u0107 i design<br \/>\nubrania dla matek karmi\u0105cych piersi\u0105<\/h1><div class=\"supro-empty-space\" style=\"\"><div class=\"supro_empty_space_lg\"  style=\"height: 60px\"><\/div><div class=\"supro_empty_space_md\"  style=\"height: 60px\"><\/div><div class=\"supro_empty_space_xs\"  style=\"height: 60px\"><\/div><\/div><div class=\"vc_row wpb_row vc_inner vc_row-fluid\"><div class=\"wpb_column vc_column_container vc_col-sm-12 vc_col-lg-2 vc_hidden-md vc_hidden-sm vc_hidden-xs\"><div class=\"vc_column-inner\"><div class=\"wpb_wrapper\">\n\t<div class=\"wpb_text_column wpb_content_element\" >\n\t\t<div class=\"wpb_wrapper\">\n\t\t\t<div style=\"background-color: #eaeaea; width: 50px; height: 2px; margin-left: 15px;\"><\/div>\n\n\t\t<\/div>\n\t<\/div>\n<\/div><\/div><\/div><div class=\"wpb_column vc_column_container vc_col-sm-12 vc_col-lg-10 vc_col-md-12\"><div class=\"vc_column-inner\"><div class=\"wpb_wrapper\">\n\t<div class=\"wpb_text_column wpb_content_element vc_custom_1615102408828 remove_br_tag\" >\n\t\t<div class=\"wpb_wrapper\">\n\t\t\t<div style=\"line-height: 1.9;\">S\u0142owacka marka, kt\u00f3r\u0105 za\u0142o\u017cyli\u015bmy w 2018 roku z wizj\u0105 wspierania lokalnej produkcji. Od samego pocz\u0105tku ci\u0119\u017cko pracujemy ka\u017cdego dnia, aby dostarcza\u0107 nowe i wysokiej jako\u015bci produkty.<\/div>\n\n\t\t<\/div>\n\t<\/div>\n<\/div><\/div><\/div><\/div><div class=\"supro-empty-space\" style=\"\"><div class=\"supro_empty_space_lg\"  style=\"height: 0px\"><\/div><div class=\"supro_empty_space_md\"  style=\"height: 0px\"><\/div><div class=\"supro_empty_space_xs\"  style=\"height: 60px\"><\/div><\/div><\/div><\/div><\/div><div class=\"wpb_column vc_column_container vc_col-sm-12 vc_col-lg-6 vc_col-md-6\"><div class=\"vc_column-inner\"><div class=\"wpb_wrapper\"><div class=\"supro-single-image supro-photo-swipe supro-right-offset  text-right\"><a href=\"https:\/\/www.lama-bfc.sk\/wp-content\/uploads\/2021\/03\/Onas_mikce.jpg\" class=\"photoswipe\" data-width=\"845\" data-height=\"500\"><img decoding=\"async\" class=\"\" src=\"https:\/\/www.lama-bfc.sk\/wp-content\/uploads\/2021\/03\/Onas_mikce.jpg\" width=\"845\" height=\"500\" alt=\"Onas_mikce\" title=\"Onas_mikce\" loading=\"lazy\" \/><\/a><\/div><\/div><\/div><\/div><\/div><\/div><\/div><div class=\"vc_row wpb_row vc_row-fluid\"><div class=\"container\"><div class=\"row\"><div class=\"wpb_column vc_column_container vc_col-sm-12\"><div class=\"vc_column-inner\"><div class=\"wpb_wrapper\"><div class=\"supro-empty-space\" style=\"\"><div class=\"supro_empty_space_lg\"  style=\"height: 150px\"><\/div><div class=\"supro_empty_space_md\"  style=\"height: 100px\"><\/div><div class=\"supro_empty_space_xs\"  style=\"height: 50px\"><\/div><\/div><\/div><\/div><\/div><\/div><\/div><\/div><div class=\"vc_row wpb_row vc_row-fluid\"><div class=\"container\"><div class=\"row\"><div class=\"wpb_column vc_column_container vc_col-sm-12 vc_col-lg-5 vc_col-md-6\"><div class=\"vc_column-inner\"><div class=\"wpb_wrapper\"><div class=\"supro-single-image supro-photo-swipe   text-left\"><a href=\"https:\/\/www.lama-bfc.sk\/wp-content\/uploads\/2021\/03\/Ada.jpg\" class=\"photoswipe\" data-width=\"470\" data-height=\"500\"><img decoding=\"async\" class=\"\" src=\"https:\/\/www.lama-bfc.sk\/wp-content\/uploads\/2021\/03\/Ada.jpg\" width=\"470\" height=\"500\" alt=\"Ada\" title=\"Ada\" loading=\"lazy\" \/><\/a><\/div><div class=\"supro-empty-space\" style=\"\"><div class=\"supro_empty_space_lg\"  style=\"height: 150px\"><\/div><div class=\"supro_empty_space_md\"  style=\"height: 100px\"><\/div><div class=\"supro_empty_space_xs\"  style=\"height: 50px\"><\/div><\/div><div class=\"supro-empty-space\" style=\"\"><div class=\"supro_empty_space_lg\"  style=\"height: 40px\"><\/div><div class=\"supro_empty_space_md\"  style=\"height: 40px\"><\/div><div class=\"supro_empty_space_xs\"  style=\"height: 40px\"><\/div><\/div><\/div><\/div><\/div><div class=\"wpb_column vc_column_container vc_col-sm-12 vc_col-lg-1 vc_col-md-12\"><div class=\"vc_column-inner\"><div class=\"wpb_wrapper\"><\/div><\/div><\/div><div class=\"wpb_column vc_column_container vc_col-sm-12 vc_col-lg-6 vc_col-md-6\"><div class=\"vc_column-inner\"><div class=\"wpb_wrapper\">\n\t<div class=\"wpb_text_column wpb_content_element\" >\n\t\t<div class=\"wpb_wrapper\">\n\t\t\t<blockquote><p>\n<cite>ADA<\/cite><span class=\"job\">Za\u0142o\u017cyciel<\/span>\n<\/p><\/blockquote>\n\n\t\t<\/div>\n\t<\/div>\n<div class=\"supro-empty-space\" style=\"\"><div class=\"supro_empty_space_lg\"  style=\"height: 17px\"><\/div><div class=\"supro_empty_space_md\"  style=\"height: 17px\"><\/div><div class=\"supro_empty_space_xs\"  style=\"height: 17px\"><\/div><\/div>\n\t<div class=\"wpb_text_column wpb_content_element remove_br_tag\" >\n\t\t<div class=\"wpb_wrapper\">\n\t\t\t<div style=\"line-height: 1.9;\">Cze\u015b\u0107, ca\u0142y pomys\u0142 na Llam\u0119 narodzi\u0142 si\u0119 wraz z narodzinami mojego syna Timona. Karmi\u0105c syna piersi\u0105, szuka\u0142am najwygodniejszego rozwi\u0105zania dla siebie i dla niego. Nigdy wcze\u015bniej nie my\u015bla\u0142am, \u017ce istnieje specjalna odzie\u017c, kt\u00f3ra mo\u017ce pom\u00f3c mamom karmi\u0107 piersi\u0105 wygodnie, szybko i dyskretnie. Poniewa\u017c marki, kt\u00f3re by\u0142y dost\u0119pne na rynku w tamtym czasie, nie do ko\u0144ca mi odpowiada\u0142y, wpad\u0142am na pomys\u0142, aby spr\u00f3bowa\u0107 zaprojektowa\u0107 kilka bluz dla siebie. Nie poprzesta\u0142am jednak na pr\u00f3bach i wraz z moj\u0105 m\u0142odsz\u0105 siostr\u0105 Le\u0105 za\u0142o\u017cy\u0142am mark\u0119 Lama.<\/div>\n\n\t\t<\/div>\n\t<\/div>\n<div class=\"supro-empty-space\" style=\"\"><div class=\"supro_empty_space_lg\"  style=\"height: 40px\"><\/div><div class=\"supro_empty_space_md\"  style=\"height: 40px\"><\/div><div class=\"supro_empty_space_xs\"  style=\"height: 40px\"><\/div><\/div>\n\t<div class=\"wpb_text_column wpb_content_element\" >\n\t\t<div class=\"wpb_wrapper\">\n\t\t\t<div style=\"background-color: #eaeaea; width: 50px; height: 2px;\"><\/div>\n\n\t\t<\/div>\n\t<\/div>\n<div class=\"supro-empty-space\" style=\"\"><div class=\"supro_empty_space_lg\"  style=\"height: 40px\"><\/div><div class=\"supro_empty_space_md\"  style=\"height: 40px\"><\/div><div class=\"supro_empty_space_xs\"  style=\"height: 40px\"><\/div><\/div><\/div><\/div><\/div><\/div><\/div><\/div><div class=\"vc_row wpb_row vc_row-fluid\"><div class=\"container\"><div class=\"row\"><div class=\"wpb_column vc_column_container vc_col-sm-12 vc_col-lg-5 vc_col-md-6\"><div class=\"vc_column-inner\"><div class=\"wpb_wrapper\">\n\t<div class=\"wpb_text_column wpb_content_element\" >\n\t\t<div class=\"wpb_wrapper\">\n\t\t\t<blockquote><p>\n<cite>Lea<\/cite>Wsp\u00f3\u0142za\u0142o\u017cyciel\n<\/p><\/blockquote>\n\n\t\t<\/div>\n\t<\/div>\n<div class=\"supro-empty-space\" style=\"\"><div class=\"supro_empty_space_lg\"  style=\"height: 17px\"><\/div><div class=\"supro_empty_space_md\"  style=\"height: 17px\"><\/div><div class=\"supro_empty_space_xs\"  style=\"height: 17px\"><\/div><\/div>\n\t<div class=\"wpb_text_column wpb_content_element remove_br_tag\" >\n\t\t<div class=\"wpb_wrapper\">\n\t\t\t<div style=\"line-height: 1.9;\">Wow, nie jestem jeszcze mam\u0105, ale poniewa\u017c jestem do\u015b\u0107 kreatywn\u0105 dusz\u0105 i spodoba\u0142 mi si\u0119 pomys\u0142 projektowania ubra\u0144 zgodnie z w\u0142asnym stylem, kt\u00f3ry wykorzystam w przysz\u0142o\u015bci, rozpocz\u0119\u0142am t\u0119 przygod\u0119 z moj\u0105 siostr\u0105. Nasza marka odzwierciedla nasz styl ubioru, kt\u00f3ry lubimy nosi\u0107. S\u0105 to g\u0142\u00f3wnie wygodne, lu\u017ane, uliczne ubrania.<\/div>\n\n\t\t<\/div>\n\t<\/div>\n<div class=\"supro-empty-space\" style=\"\"><div class=\"supro_empty_space_lg\"  style=\"height: 40px\"><\/div><div class=\"supro_empty_space_md\"  style=\"height: 40px\"><\/div><div class=\"supro_empty_space_xs\"  style=\"height: 40px\"><\/div><\/div>\n\t<div class=\"wpb_text_column wpb_content_element\" >\n\t\t<div class=\"wpb_wrapper\">\n\t\t\t<div style=\"background-color: #eaeaea; width: 50px; height: 2px;\"><\/div>\n\n\t\t<\/div>\n\t<\/div>\n<div class=\"supro-empty-space\" style=\"\"><div class=\"supro_empty_space_lg\"  style=\"height: 40px\"><\/div><div class=\"supro_empty_space_md\"  style=\"height: 40px\"><\/div><div class=\"supro_empty_space_xs\"  style=\"height: 40px\"><\/div><\/div><\/div><\/div><\/div><div class=\"wpb_column vc_column_container vc_col-sm-12 vc_col-lg-1 vc_col-md-12\"><div class=\"vc_column-inner\"><div class=\"wpb_wrapper\"><\/div><\/div><\/div><div class=\"wpb_column vc_column_container vc_col-sm-12 vc_col-lg-6 vc_col-md-6\"><div class=\"vc_column-inner\"><div class=\"wpb_wrapper\"><div class=\"supro-single-image supro-photo-swipe   text-left\"><a href=\"https:\/\/www.lama-bfc.sk\/wp-content\/uploads\/2021\/07\/LAMA-24.jpg\" class=\"photoswipe\" data-width=\"1024\" data-height=\"1536\"><img decoding=\"async\" class=\"\" src=\"https:\/\/www.lama-bfc.sk\/wp-content\/uploads\/2021\/07\/LAMA-24-470x500.jpg\" width=\"470\" height=\"500\" alt=\"LAMA-24\" title=\"LAMA-24\" loading=\"lazy\" \/><\/a><\/div><div class=\"supro-empty-space\" style=\"\"><div class=\"supro_empty_space_lg\"  style=\"height: 40px\"><\/div><div class=\"supro_empty_space_md\"  style=\"height: 40px\"><\/div><div class=\"supro_empty_space_xs\"  style=\"height: 40px\"><\/div><\/div><\/div><\/div><\/div><\/div><\/div><\/div><div class=\"vc_row wpb_row vc_row-fluid\"><div class=\"container\"><div class=\"row\"><div class=\"wpb_column vc_column_container vc_col-sm-12\"><div class=\"vc_column-inner\"><div class=\"wpb_wrapper\"><div class=\"supro-empty-space\" style=\"\"><div class=\"supro_empty_space_lg\"  style=\"height: 95px\"><\/div><div class=\"supro_empty_space_md\"  style=\"height: 60px\"><\/div><div class=\"supro_empty_space_xs\"  style=\"height: 20px\"><\/div><\/div><\/div><\/div><\/div><\/div><\/div><\/div><div class=\"vc_row wpb_row vc_row-fluid\"><div class=\"container\"><div class=\"row\"><div class=\"wpb_column vc_column_container vc_col-sm-12 vc_col-lg-6 vc_col-md-6\"><div class=\"vc_column-inner\"><div class=\"wpb_wrapper\"><style type=\"text\/css\">@media( max-width: 1024px ) {.supro-vc_custom_heading__3 { font-size : 36px !important; }}<\/style><h2 style=\"font-size: 48px;text-align: left\" class=\"vc_custom_heading supro-vc_custom_heading__3 vc_custom_1615107300906\" >Odpowiedzialny Lama<\/h2>\n\t<div class=\"wpb_text_column wpb_content_element remove_br_tag\" >\n\t\t<div class=\"wpb_wrapper\">\n\t\t\t<div style=\"line-height: 1.9;\">\n<p>W Lama bardzo dbamy o natur\u0119 i dlatego staramy si\u0119 prowadzi\u0107 ca\u0142\u0105 mark\u0119 w spos\u00f3b przyjazny dla \u015brodowiska. Ka\u017cdy, kto pracuje w bran\u017cy odzie\u017cowej, doskonale wie, \u017ce taka produkcja nie mo\u017ce odbywa\u0107 si\u0119 bez odpad\u00f3w, ale staramy si\u0119 wykorzystywa\u0107 wszystkie zasoby i materia\u0142y w jak najwi\u0119kszym stopniu, a nasz sklep internetowy jest r\u00f3wnie\u017c ca\u0142kowicie wolny od plastiku.<\/p>\n<p>Staramy si\u0119 wspiera\u0107 lokaln\u0105 produkcj\u0119, dlatego wszystkie nasze produkty s\u0105 szyte na S\u0142owacji. Starannie wybieramy nasze tkaniny, staramy si\u0119 kupowa\u0107 naturalne i zr\u00f3wnowa\u017cone materia\u0142y, kt\u00f3re nie maj\u0105 du\u017cego wp\u0142ywu na \u015brodowisko.<\/p>\n<\/div>\n\n\t\t<\/div>\n\t<\/div>\n<div class=\"supro-empty-space\" style=\"\"><div class=\"supro_empty_space_lg\"  style=\"height: 45px\"><\/div><div class=\"supro_empty_space_md\"  style=\"height: 45px\"><\/div><div class=\"supro_empty_space_xs\"  style=\"height: 45px\"><\/div><\/div>\n\t<div class=\"wpb_text_column wpb_content_element\" >\n\t\t<div class=\"wpb_wrapper\">\n\t\t\t<div style=\"background-color: #eaeaea; width: 50px; height: 2px;\"><\/div>\n\n\t\t<\/div>\n\t<\/div>\n<\/div><\/div><\/div><div class=\"wpb_column vc_column_container vc_col-sm-12 vc_col-lg-6 vc_col-md-6\"><div class=\"vc_column-inner\"><div class=\"wpb_wrapper\"><div class=\"vc_row wpb_row vc_inner vc_row-fluid\"><div class=\"wpb_column vc_column_container vc_col-sm-12 vc_col-lg-6 vc_col-md-12\"><div class=\"vc_column-inner\"><div class=\"wpb_wrapper\"><div class=\"supro-empty-space\" style=\"\"><div class=\"supro_empty_space_lg\"  style=\"height: 25px\"><\/div><div class=\"supro_empty_space_md\"  style=\"height: 10px\"><\/div><div class=\"supro_empty_space_xs\"  style=\"height: 10px\"><\/div><\/div>\n\t<div  class=\"wpb_single_image wpb_content_element vc_align_center wpb_content_element\">\n\t\t\n\t\t<figure class=\"wpb_wrapper vc_figure\">\n\t\t\t<div class=\"vc_single_image-wrapper   vc_box_border_grey\"><img decoding=\"async\" class=\"vc_single_image-img\" src=\"https:\/\/www.lama-bfc.sk\/wp-content\/uploads\/2021\/03\/eco_plastAsset-6@2x-130x130.png\" width=\"130\" height=\"130\" alt=\"eco_plastAsset 6@2x\" title=\"eco_plastAsset 6@2x\" loading=\"lazy\" \/><\/div>\n\t\t<\/figure>\n\t<\/div>\n\n\t<div class=\"wpb_text_column wpb_content_element\" >\n\t\t<div class=\"wpb_wrapper\">\n\t\t\t<p style=\"text-align: center;\"><strong>Odpowiedzialny<\/strong><\/p>\n\n\t\t<\/div>\n\t<\/div>\n<div class=\"supro-empty-space\" style=\"\"><div class=\"supro_empty_space_lg\"  style=\"height: 25px\"><\/div><div class=\"supro_empty_space_md\"  style=\"height: 10px\"><\/div><div class=\"supro_empty_space_xs\"  style=\"height: 10px\"><\/div><\/div>\n\t<div  class=\"wpb_single_image wpb_content_element vc_align_center wpb_content_element\">\n\t\t\n\t\t<figure class=\"wpb_wrapper vc_figure\">\n\t\t\t<div class=\"vc_single_image-wrapper   vc_box_border_grey\"><img decoding=\"async\" class=\"vc_single_image-img\" src=\"https:\/\/www.lama-bfc.sk\/wp-content\/uploads\/2021\/03\/eco_friendlyAsset-2@2x-130x130.png\" width=\"130\" height=\"130\" alt=\"eco_friendlyAsset 2@2x\" title=\"eco_friendlyAsset 2@2x\" loading=\"lazy\" \/><\/div>\n\t\t<\/figure>\n\t<\/div>\n\n\t<div class=\"wpb_text_column wpb_content_element\" >\n\t\t<div class=\"wpb_wrapper\">\n\t\t\t<p style=\"text-align: center;\"><strong>Ekologicznie<\/strong><\/p>\n\n\t\t<\/div>\n\t<\/div>\n<\/div><\/div><\/div><div class=\"wpb_column vc_column_container vc_col-sm-12 vc_col-lg-6 vc_col-md-12\"><div class=\"vc_column-inner\"><div class=\"wpb_wrapper\"><div class=\"supro-empty-space\" style=\"\"><div class=\"supro_empty_space_lg\"  style=\"height: 25px\"><\/div><div class=\"supro_empty_space_md\"  style=\"height: 10px\"><\/div><div class=\"supro_empty_space_xs\"  style=\"height: 10px\"><\/div><\/div>\n\t<div  class=\"wpb_single_image wpb_content_element vc_align_center wpb_content_element\">\n\t\t\n\t\t<figure class=\"wpb_wrapper vc_figure\">\n\t\t\t<div class=\"vc_single_image-wrapper   vc_box_border_grey\"><img decoding=\"async\" class=\"vc_single_image-img\" src=\"https:\/\/www.lama-bfc.sk\/wp-content\/uploads\/2021\/03\/eco_slowAsset-5@2x-130x130.png\" width=\"130\" height=\"130\" alt=\"eco_slowAsset 5@2x\" title=\"eco_slowAsset 5@2x\" loading=\"lazy\" \/><\/div>\n\t\t<\/figure>\n\t<\/div>\n\n\t<div class=\"wpb_text_column wpb_content_element\" >\n\t\t<div class=\"wpb_wrapper\">\n\t\t\t<p style=\"text-align: center;\"><strong>Do ko\u0144ca<\/strong><\/p>\n\n\t\t<\/div>\n\t<\/div>\n<div class=\"supro-empty-space\" style=\"\"><div class=\"supro_empty_space_lg\"  style=\"height: 25px\"><\/div><div class=\"supro_empty_space_md\"  style=\"height: 10px\"><\/div><div class=\"supro_empty_space_xs\"  style=\"height: 10px\"><\/div><\/div>\n\t<div  class=\"wpb_single_image wpb_content_element vc_align_center wpb_content_element\">\n\t\t\n\t\t<figure class=\"wpb_wrapper vc_figure\">\n\t\t\t<div class=\"vc_single_image-wrapper   vc_box_border_grey\"><img decoding=\"async\" class=\"vc_single_image-img\" src=\"https:\/\/www.lama-bfc.sk\/wp-content\/uploads\/2021\/03\/eco_localAsset-4@2x-130x130.png\" width=\"130\" height=\"130\" alt=\"eco_localAsset 4@2x\" title=\"eco_localAsset 4@2x\" loading=\"lazy\" \/><\/div>\n\t\t<\/figure>\n\t<\/div>\n\n\t<div class=\"wpb_text_column wpb_content_element\" >\n\t\t<div class=\"wpb_wrapper\">\n\t\t\t<p style=\"text-align: center;\"><strong>Lokalnie<\/strong><\/p>\n\n\t\t<\/div>\n\t<\/div>\n<\/div><\/div><\/div><\/div><div class=\"supro-empty-space\" style=\"\"><div class=\"supro_empty_space_lg\"  style=\"height: 50px\"><\/div><div class=\"supro_empty_space_md\"  style=\"height: 0px\"><\/div><div class=\"supro_empty_space_xs\"  style=\"height: 0px\"><\/div><\/div><\/div><\/div><\/div><\/div><\/div><\/div><div class=\"vc_row wpb_row vc_row-fluid\"><div class=\"container\"><div class=\"row\"><div class=\"wpb_column vc_column_container vc_col-sm-12\"><div class=\"vc_column-inner\"><div class=\"wpb_wrapper\"><div class=\"supro-empty-space\" style=\"\"><div class=\"supro_empty_space_lg\"  style=\"height: 50px\"><\/div><div class=\"supro_empty_space_md\"  style=\"height: 50px\"><\/div><div class=\"supro_empty_space_xs\"  style=\"height: 50px\"><\/div><\/div><style type=\"text\/css\">@media( max-width: 1024px ) {.supro-vc_custom_heading__4 { line-height : 1.3 !important; }}<\/style><h2 style=\"font-size: 30px;line-height: 1.6;text-align: center;font-weight:600;\" class=\"vc_custom_heading remove_br_tag supro-vc_custom_heading__4 vc_custom_1615103897668\" >Chcemy podzi\u0119kowa\u0107, \u017ce nasza marka nie pozosta\u0142a tylko na pierwszym prototypie i \u017ce dzi\u0119ki Wam mo\u017cemy nadal si\u0119 rozwija\u0107.<\/p>\n<p>Twoje L-A-MA<\/h2><\/div><\/div><\/div><\/div><\/div><\/div><div class=\"vc_row wpb_row vc_row-fluid\"><div class=\"container\"><div class=\"row\"><div class=\"wpb_column vc_column_container vc_col-sm-12\"><div class=\"vc_column-inner\"><div class=\"wpb_wrapper\"><div class=\"supro-empty-space\" style=\"\"><div class=\"supro_empty_space_lg\"  style=\"height: 50px\"><\/div><div class=\"supro_empty_space_md\"  style=\"height: 50px\"><\/div><div class=\"supro_empty_space_xs\"  style=\"height: 50px\"><\/div><\/div><\/div><\/div><\/div><\/div><\/div><\/div>\n<\/div>","protected":false},"excerpt":{"rendered":"O USLAMA to wysokiej jako\u015bci i designerska odzie\u017c dla matek karmi\u0105cych piersi\u0105 s\u0142owackiej marki, kt\u00f3r\u0105 za\u0142o\u017cyli\u015bmy w 2018 roku z wizj\u0105 wspierania lokalnej produkcji. Od samego pocz\u0105tku ci\u0119\u017cko pracujemy ka\u017cdego dnia, aby dostarcza\u0107 nowe i wysokiej jako\u015bci produkty. A\u010eAZfounder Cze\u015b\u0107, ca\u0142y pomys\u0142 Lamy narodzi\u0142 si\u0119 wraz z narodzinami mojego syna Timona. Karmi\u0105c syna piersi\u0105, szuka\u0142em [...]","protected":false},"author":24,"featured_media":0,"parent":0,"menu_order":0,"comment_status":"closed","ping_status":"closed","template":"template-fullwidth.php","meta":{"footnotes":""},"class_list":["post-311","page","type-page","status-publish","hentry","no-thumb"],"jetpack_sharing_enabled":true,"_links":{"self":[{"href":"https:\/\/www.lama-bfc.sk\/pl\/wp-json\/wp\/v2\/pages\/311","targetHints":{"allow":["GET"]}}],"collection":[{"href":"https:\/\/www.lama-bfc.sk\/pl\/wp-json\/wp\/v2\/pages"}],"about":[{"href":"https:\/\/www.lama-bfc.sk\/pl\/wp-json\/wp\/v2\/types\/page"}],"author":[{"embeddable":true,"href":"https:\/\/www.lama-bfc.sk\/pl\/wp-json\/wp\/v2\/users\/24"}],"replies":[{"embeddable":true,"href":"https:\/\/www.lama-bfc.sk\/pl\/wp-json\/wp\/v2\/comments?post=311"}],"version-history":[{"count":17,"href":"https:\/\/www.lama-bfc.sk\/pl\/wp-json\/wp\/v2\/pages\/311\/revisions"}],"predecessor-version":[{"id":2836,"href":"https:\/\/www.lama-bfc.sk\/pl\/wp-json\/wp\/v2\/pages\/311\/revisions\/2836"}],"wp:attachment":[{"href":"https:\/\/www.lama-bfc.sk\/pl\/wp-json\/wp\/v2\/media?parent=311"}],"curies":[{"name":"wp","href":"https:\/\/api.w.org\/{rel}","templated":true}]}}