{"id":2428,"date":"2021-04-21T10:57:51","date_gmt":"2021-04-21T08:57:51","guid":{"rendered":"https:\/\/www2.lama-bfc.sk\/?page_id=2428"},"modified":"2021-04-23T11:15:10","modified_gmt":"2021-04-23T09:15:10","slug":"kolekcia-brave-ground","status":"publish","type":"page","link":"https:\/\/www.lama-bfc.sk\/pl\/odwazna-kolekcja-naziemna\/","title":{"rendered":"Kolekcja \"Brave Ground\""},"content":{"rendered":"<div class=\"wpb-content-wrapper\"><div class=\"vc_row wpb_row vc_row-fluid\"><div class=\"container\"><div class=\"row\"><div class=\"wpb_column vc_column_container vc_col-sm-8\"><div class=\"vc_column-inner\"><div class=\"wpb_wrapper\">\n\t<div class=\"wpb_text_column wpb_content_element\" >\n\t\t<div class=\"wpb_wrapper\">\n\t\t\t<p>Kolekcja Brave Ground to ca\u0142kowicie naturalne materia\u0142y, organiczna bawe\u0142na i len, a tak\u017ce naturalne, ziemiste odcienie. Ci z Was, kt\u00f3rzy znaj\u0105 nas d\u0142u\u017cej, wiedz\u0105, \u017ce dbamy o natur\u0119 i nasz\u0105 Ziemi\u0119, dlatego podchodzimy do wszystkiego w naszej bran\u017cy z szacunkiem i wra\u017cliwo\u015bci\u0105.<\/p>\n<p>Do stworzenia tej kolekcji zainspirowa\u0142a nas sama natura, poniewa\u017c cz\u0119sto my, ludzie, oddzielamy si\u0119 od niej, jakby\u015bmy nie byli jej cz\u0119\u015bci\u0105. Ale jest wr\u0119cz przeciwnie, jeste\u015bmy jej ogromn\u0105 cz\u0119\u015bci\u0105 i wierzymy, \u017ce nasza Ziemia jest na tyle odwa\u017cna, \u017ce wybaczy nam nasze wyobcowanie i odnajdziemy drog\u0119 powrotn\u0105 do siebie. Nasza nowa kolekcja r\u00f3wnie\u017c niesie to ma\u0142e przes\u0142anie.<\/p>\n<p>Ty te\u017c b\u0105d\u017a ODWA\u017bNY <span class=\"pq6dq46d tbxw36s4 knj5qynh kvgmc6g5 ditlmg2l oygrvhab nvdbi5me sf5mxxl7 gl3lb2sf hhz5lgdu\"><img loading=\"lazy\" decoding=\"async\" src=\"https:\/\/static.xx.fbcdn.net\/images\/emoji.php\/v9\/t0\/1\/16\/1f5a4.png\" alt=\"?\" width=\"16\" height=\"16\" \/><\/span><\/p>\n\n\t\t<\/div>\n\t<\/div>\n<div class=\"supro-icons-box   no-space\"><ul><\/ul><\/div><\/div><\/div><\/div><div class=\"wpb_column vc_column_container vc_col-sm-4\"><div class=\"vc_column-inner\"><div class=\"wpb_wrapper\"><div class=\"supro-single-image supro-photo-swipe   text-left\"><a href=\"https:\/\/www.lama-bfc.sk\/wp-content\/uploads\/2021\/04\/LAMA_bfc-12-scaled.jpg\" class=\"photoswipe\" data-width=\"1707\" data-height=\"2560\"><img loading=\"lazy\" decoding=\"async\" width=\"1707\" height=\"2560\" src=\"https:\/\/www.lama-bfc.sk\/wp-content\/uploads\/2021\/04\/LAMA_bfc-12-scaled.jpg\" class=\"attachment-full\" alt=\"\" title=\"LAMA_bfc-12\" srcset=\"https:\/\/www.lama-bfc.sk\/wp-content\/uploads\/2021\/04\/LAMA_bfc-12-scaled.jpg 1707w, https:\/\/www.lama-bfc.sk\/wp-content\/uploads\/2021\/04\/LAMA_bfc-12-scaled-800x1200.jpg 800w, https:\/\/www.lama-bfc.sk\/wp-content\/uploads\/2021\/04\/LAMA_bfc-12-200x300.jpg 200w, https:\/\/www.lama-bfc.sk\/wp-content\/uploads\/2021\/04\/LAMA_bfc-12-683x1024.jpg 683w, https:\/\/www.lama-bfc.sk\/wp-content\/uploads\/2021\/04\/LAMA_bfc-12-768x1152.jpg 768w, https:\/\/www.lama-bfc.sk\/wp-content\/uploads\/2021\/04\/LAMA_bfc-12-1024x1536.jpg 1024w, https:\/\/www.lama-bfc.sk\/wp-content\/uploads\/2021\/04\/LAMA_bfc-12-1365x2048.jpg 1365w, https:\/\/www.lama-bfc.sk\/wp-content\/uploads\/2021\/04\/LAMA_bfc-12-8x12.jpg 8w\" sizes=\"auto, (max-width: 1707px) 100vw, 1707px\" \/><\/a><\/div><\/div><\/div><\/div><\/div><\/div><\/div><div class=\"vc_row wpb_row vc_row-fluid\"><div class=\"container\"><div class=\"row\"><div class=\"wpb_column vc_column_container vc_col-sm-12\"><div class=\"vc_column-inner\"><div class=\"wpb_wrapper\"><div class=\"supro-empty-space\" style=\"\"><div class=\"supro_empty_space_lg\"  style=\"height: 40px\"><\/div><div class=\"supro_empty_space_md\"  style=\"height: 40px\"><\/div><div class=\"supro_empty_space_xs\"  style=\"height: 40px\"><\/div><\/div><div class=\"vc_separator wpb_content_element vc_separator_align_center vc_sep_width_100 vc_sep_pos_align_center vc_separator_no_text vc_sep_color_grey wpb_content_element  wpb_content_element\" ><span class=\"vc_sep_holder vc_sep_holder_l\"><span class=\"vc_sep_line\"><\/span><\/span><span class=\"vc_sep_holder vc_sep_holder_r\"><span class=\"vc_sep_line\"><\/span><\/span>\n<\/div><div class=\"supro-products-grid supro-products style-1 border-bottom  mobile-columns-1  filter-by-group\" data-attr=\"[]\" data-load_more=\"\" data-nonce=\"9c2b44c5fb\"><div class=\"product-header\"><ul class=\"nav-filter filter\"><\/ul><\/div><div class=\"product-wrapper\"><div class=\"product-loading\"><span class=\"supro-loader\"><\/span><\/div><div class=\"woocommerce columns-4\"><\/div><\/div><\/div><\/div><\/div><\/div><\/div><\/div><\/div>\n<\/div>","protected":false},"excerpt":{"rendered":"Kolekcia Brave Ground. \u00daplne gro tejto kolekcie hr\u00e1 materi\u00e1l, organick\u00e1 bavlna a \u013ean a tie\u017e pr\u00edrodn\u00e9, zemit\u00e9 odtiene. T\u00ed \u010do n\u00e1s pozn\u00e1te dlh\u0161ie viete, \u017ee n\u00e1m na pr\u00edrode a na\u0161ej Zemi z\u00e1le\u017e\u00ed, preto ku v\u0161etk\u00e9mu v na\u0161om odvetv\u00ed pristupujeme s re\u0161pektom a citlivo. Pri tejto kolekcii n\u00e1m in\u0161pir\u00e1ciou bola samotn\u00e1 pr\u00edroda, lebo \u010dastokr\u00e1t sa my [...]","protected":false},"author":24,"featured_media":0,"parent":0,"menu_order":0,"comment_status":"closed","ping_status":"closed","template":"","meta":{"footnotes":""},"class_list":["post-2428","page","type-page","status-publish","hentry","no-thumb"],"jetpack_sharing_enabled":true,"_links":{"self":[{"href":"https:\/\/www.lama-bfc.sk\/pl\/wp-json\/wp\/v2\/pages\/2428","targetHints":{"allow":["GET"]}}],"collection":[{"href":"https:\/\/www.lama-bfc.sk\/pl\/wp-json\/wp\/v2\/pages"}],"about":[{"href":"https:\/\/www.lama-bfc.sk\/pl\/wp-json\/wp\/v2\/types\/page"}],"author":[{"embeddable":true,"href":"https:\/\/www.lama-bfc.sk\/pl\/wp-json\/wp\/v2\/users\/24"}],"replies":[{"embeddable":true,"href":"https:\/\/www.lama-bfc.sk\/pl\/wp-json\/wp\/v2\/comments?post=2428"}],"version-history":[{"count":6,"href":"https:\/\/www.lama-bfc.sk\/pl\/wp-json\/wp\/v2\/pages\/2428\/revisions"}],"predecessor-version":[{"id":2450,"href":"https:\/\/www.lama-bfc.sk\/pl\/wp-json\/wp\/v2\/pages\/2428\/revisions\/2450"}],"wp:attachment":[{"href":"https:\/\/www.lama-bfc.sk\/pl\/wp-json\/wp\/v2\/media?parent=2428"}],"curies":[{"name":"wp","href":"https:\/\/api.w.org\/{rel}","templated":true}]}}