{"id":1229,"date":"2021-03-04T12:22:33","date_gmt":"2021-03-04T11:22:33","guid":{"rendered":"https:\/\/www2.lama-bfc.sk\/?page_id=1229"},"modified":"2021-03-04T12:22:33","modified_gmt":"2021-03-04T11:22:33","slug":"formular-na-odstupenie-od-zmluvy","status":"publish","type":"page","link":"https:\/\/www.lama-bfc.sk\/pl\/formularz-odstapienia-od-umowy\/","title":{"rendered":"Formularz odst\u0105pienia od umowy"},"content":{"rendered":"<div class=\"wpcf7 no-js\" id=\"wpcf7-f1227-o1\" lang=\"sk-SK\" dir=\"ltr\" data-wpcf7-id=\"1227\">\n<div class=\"screen-reader-response\"><p role=\"status\" aria-live=\"polite\" aria-atomic=\"true\"><\/p> <ul><\/ul><\/div>\n<form action=\"\/pl\/wp-json\/wp\/v2\/pages\/1229#wpcf7-f1227-o1\" method=\"post\" class=\"wpcf7-form init\" aria-label=\"Kontaktn\u00fd formul\u00e1r\" novalidate=\"novalidate\" data-status=\"init\" data-trp-original-action=\"\/pl\/wp-json\/wp\/v2\/pages\/1229#wpcf7-f1227-o1\">\n<fieldset class=\"hidden-fields-container\"><input type=\"hidden\" name=\"_wpcf7\" value=\"1227\" \/><input type=\"hidden\" name=\"_wpcf7_version\" value=\"6.1.5\" \/><input type=\"hidden\" name=\"_wpcf7_locale\" value=\"sk_SK\" \/><input type=\"hidden\" name=\"_wpcf7_unit_tag\" value=\"wpcf7-f1227-o1\" \/><input type=\"hidden\" name=\"_wpcf7_container_post\" value=\"0\" \/><input type=\"hidden\" name=\"_wpcf7_posted_data_hash\" value=\"\" \/>\n<\/fieldset>\n<div class=\"wpcf7-turnstile cf-turnstile\" data-sitekey=\"0x4AAAAAABi8VppYGs8AJ3rf\" data-response-field-name=\"_wpcf7_turnstile_response\"><\/div>\n\n<p>Prosimy o wype\u0142nienie i odes\u0142anie niniejszego formularza wy\u0142\u0105cznie w przypadku ch\u0119ci odst\u0105pienia od umowy.\n<\/p>\n<p>SPRZEDAWCA:<br \/>\nIng. Andrea Saynykov\u00e1 - LAMA, Obi\u0161ovce 54, 04481 Obi\u0161ovce<br \/>\nI\u010cO: 47985984, e-mail: lamabfc@gmail.com, telef\u00f3n: +421907287430<br \/>\nSklep internetowy: www.lama-bfc.sk\n<\/p>\n<p>KUPUJ\u0104CY:\n<\/p>\n<p><label>Niniejszym informuj\u0119, \u017ce odst\u0119puj\u0119 od umowy dotycz\u0105cej nast\u0119puj\u0105cych towar\u00f3w:<\/label><br \/>\n<span class=\"wpcf7-form-control-wrap\" data-name=\"tovar\"><textarea cols=\"40\" rows=\"10\" maxlength=\"2000\" class=\"wpcf7-form-control wpcf7-textarea wpcf7-validates-as-required\" aria-required=\"true\" aria-invalid=\"false\" name=\"tovar\"><\/textarea><\/span>\n<\/p>\n<p><label>Pow\u00f3d zwrotu:<\/label><br \/>\n<span class=\"wpcf7-form-control-wrap\" data-name=\"dovod\"><textarea cols=\"40\" rows=\"10\" maxlength=\"2000\" class=\"wpcf7-form-control wpcf7-textarea wpcf7-validates-as-required\" aria-required=\"true\" aria-invalid=\"false\" name=\"dovod\"><\/textarea><\/span>\n<\/p>\n<p><label>Data zam\u00f3wienia towar\u00f3w: <\/label><br \/>\n<span class=\"wpcf7-form-control-wrap\" data-name=\"datumobjednavky\"><input class=\"wpcf7-form-control wpcf7-date wpcf7-validates-as-required wpcf7-validates-as-date\" aria-required=\"true\" aria-invalid=\"false\" value=\"\" type=\"date\" name=\"datumobjednavky\" \/><\/span>\n<\/p>\n<p><label>Data otrzymania towar\u00f3w: <\/label><br \/>\n<span class=\"wpcf7-form-control-wrap\" data-name=\"datumprijatia\"><input class=\"wpcf7-form-control wpcf7-date wpcf7-validates-as-required wpcf7-validates-as-date\" aria-required=\"true\" aria-invalid=\"false\" value=\"\" type=\"date\" name=\"datumprijatia\" \/><\/span>\n<\/p>\n<p><label>Numer zam\u00f3wienia: <\/label><br \/>\n<span class=\"wpcf7-form-control-wrap\" data-name=\"cisloobjednavky\"><input size=\"40\" maxlength=\"400\" class=\"wpcf7-form-control wpcf7-text wpcf7-validates-as-required\" aria-required=\"true\" aria-invalid=\"false\" value=\"\" type=\"text\" name=\"cisloobjednavky\" \/><\/span>\n<\/p>\n<p><label>Imi\u0119 i nazwisko konsumenta: <\/label><br \/>\n<span class=\"wpcf7-form-control-wrap\" data-name=\"meno\"><input size=\"40\" maxlength=\"400\" class=\"wpcf7-form-control wpcf7-text wpcf7-validates-as-required\" aria-required=\"true\" aria-invalid=\"false\" value=\"\" type=\"text\" name=\"meno\" \/><\/span>\n<\/p>\n<p><label>Adres konsumenta: <\/label><br \/>\n<span class=\"wpcf7-form-control-wrap\" data-name=\"adresa\"><textarea cols=\"40\" rows=\"10\" maxlength=\"2000\" class=\"wpcf7-form-control wpcf7-textarea wpcf7-validates-as-required\" aria-required=\"true\" aria-invalid=\"false\" name=\"adresa\"><\/textarea><\/span>\n<\/p>\n<p><label>E-mail konsumenta: <\/label><br \/>\n<span class=\"wpcf7-form-control-wrap\" data-name=\"your-email\"><input size=\"40\" maxlength=\"400\" class=\"wpcf7-form-control wpcf7-email wpcf7-validates-as-required wpcf7-text wpcf7-validates-as-email\" aria-required=\"true\" aria-invalid=\"false\" value=\"\" type=\"email\" name=\"your-email\" \/><\/span>\n<\/p>\n<p><label>Prosimy o zwrot p\u0142atno\u015bci na nast\u0119puj\u0105cy numer konta:<br \/>\n(Je\u015bli nie wype\u0142nisz formularza, Twoja p\u0142atno\u015b\u0107 zostanie zwr\u00f3cona w taki sam spos\u00f3b, w jaki dokona\u0142e\u015b p\u0142atno\u015bci).<br \/>\n<span class=\"wpcf7-form-control-wrap\" data-name=\"cislouctu\"><input size=\"40\" maxlength=\"400\" class=\"wpcf7-form-control wpcf7-text\" aria-invalid=\"false\" value=\"\" type=\"text\" name=\"cislouctu\" \/><\/span> <\/label>\n<\/p>\n<p><label>Data: <\/label><br \/>\n<span class=\"wpcf7-form-control-wrap\" data-name=\"datumziadosti\"><input class=\"wpcf7-form-control wpcf7-date wpcf7-validates-as-required wpcf7-validates-as-date\" aria-required=\"true\" aria-invalid=\"false\" value=\"\" type=\"date\" name=\"datumziadosti\" \/><\/span>\n<\/p>\n<p><input class=\"wpcf7-form-control wpcf7-submit has-spinner\" type=\"submit\" value=\"Wy\u015blij do\" \/>\n<\/p><div class=\"wpcf7-response-output\" aria-hidden=\"true\"><\/div>\n<input type=\"hidden\" name=\"trp-form-language\" value=\"pl\"\/><\/form>\n<\/div>","protected":false},"excerpt":{"rendered":"Vypl\u0148te a za\u0161lite tento formul\u00e1r iba v pr\u00edpade, \u017ee si \u017eel\u00e1te odst\u00fapi\u0165 od zmluvy. PRED\u00c1VAJ\u00daCI: Ing. Andrea Saynykov\u00e1 - LAMA, Obi\u0161ovce 54, 04481 Obi\u0161ovce I\u010cO: 47985984, e-mail: lamabfc@gmail.com, telef\u00f3n: +421907287430 e-shop: www.lama-bfc.sk KUPUJ\u00daCI: T\u00fdmto oznamujem, \u017ee odstupujem od zmluvy na nasleduj\u00faci tovar: D\u00f4vod vr\u00e1tenia tovaru: D\u00e1tum objednania tovaru: D\u00e1tum prijatia tovaru: \u010c\u00edslo objedn\u00e1vky: Meno a [...]","protected":false},"author":24,"featured_media":0,"parent":0,"menu_order":0,"comment_status":"closed","ping_status":"closed","template":"","meta":{"footnotes":""},"class_list":["post-1229","page","type-page","status-publish","hentry","no-thumb"],"jetpack_sharing_enabled":true,"_links":{"self":[{"href":"https:\/\/www.lama-bfc.sk\/pl\/wp-json\/wp\/v2\/pages\/1229","targetHints":{"allow":["GET"]}}],"collection":[{"href":"https:\/\/www.lama-bfc.sk\/pl\/wp-json\/wp\/v2\/pages"}],"about":[{"href":"https:\/\/www.lama-bfc.sk\/pl\/wp-json\/wp\/v2\/types\/page"}],"author":[{"embeddable":true,"href":"https:\/\/www.lama-bfc.sk\/pl\/wp-json\/wp\/v2\/users\/24"}],"replies":[{"embeddable":true,"href":"https:\/\/www.lama-bfc.sk\/pl\/wp-json\/wp\/v2\/comments?post=1229"}],"version-history":[{"count":1,"href":"https:\/\/www.lama-bfc.sk\/pl\/wp-json\/wp\/v2\/pages\/1229\/revisions"}],"predecessor-version":[{"id":1230,"href":"https:\/\/www.lama-bfc.sk\/pl\/wp-json\/wp\/v2\/pages\/1229\/revisions\/1230"}],"wp:attachment":[{"href":"https:\/\/www.lama-bfc.sk\/pl\/wp-json\/wp\/v2\/media?parent=1229"}],"curies":[{"name":"wp","href":"https:\/\/api.w.org\/{rel}","templated":true}]}}