{"id":1223,"date":"2021-03-04T12:10:04","date_gmt":"2021-03-04T11:10:04","guid":{"rendered":"https:\/\/www2.lama-bfc.sk\/?page_id=1223"},"modified":"2024-11-26T14:47:09","modified_gmt":"2024-11-26T13:47:09","slug":"zasady-ochrany-osobnych-udajov","status":"publish","type":"page","link":"https:\/\/www.lama-bfc.sk\/pl\/zasady-ochrony-danych-osobowych\/","title":{"rendered":"Polityka prywatno\u015bci"},"content":{"rendered":"<h2><span style=\"font-size: 18pt;\">Kim jeste\u015bmy<\/span><\/h2>\n<span style=\"font-size: 14pt;\"><!-- \/wp:post-content --><!-- wp:paragraph --><\/span>\n\n<span style=\"font-size: 14pt;\">Sklep internetowy https:\/\/www.lama-bfc.sk jest prowadzony przez firm\u0119 LAMA (Ing. Andrea Saynykov\u00e1, Obi\u0161ovce 54, 044 81 Ko\u0161ice.ID:47985984, zarejestrowana w Wydziale Licencji Handlowych Komensk\u00e9ho 52, 041 26 Ko\u0161ice).<\/span>\n\n<span style=\"font-size: 14pt;\">- Przetwarzamy dane osobowe wy\u0142\u0105cznie w spos\u00f3b zgodny z prawem, profesjonalny i wra\u017cliwy.<\/span>\n<span style=\"font-size: 14pt;\">- Dane osobowe u\u017cytkownika s\u0105 przechowywane w bezpiecznym systemie informatycznym z szyfrowanym dost\u0119pem SSL i zapor\u0105 sieciow\u0105 na naszej stronie internetowej.<\/span>\n<span style=\"font-size: 14pt;\">- Wszystkie osoby, kt\u00f3re maj\u0105 kontakt z danymi osobowymi u\u017cytkownika ze strony administratora, s\u0105 nale\u017cycie poinstruowane o zgodnym z prawem przetwarzaniu danych osobowych u\u017cytkownika i s\u0105 zobowi\u0105zane do zachowania poufno\u015bci (nadawca przesy\u0142ki i administrator sklepu internetowego).<\/span>\n\n<span style=\"font-size: 14pt;\">- Gromadzimy od u\u017cytkownika tylko te dane, kt\u00f3re s\u0105 niezb\u0119dne do realizacji celu, w jakim si\u0119 z nami skontaktowa\u0142<\/span>\n<span style=\"font-size: 14pt;\">&#8211; m\u00f4\u017eete n\u00e1s kedyko\u013evek po\u017eiada\u0165 o zmazanie hist\u00f3rie na\u0161ej e-mailovej komunik\u00e1cie, datab\u00e1ze objedn\u00e1vok \u010di kompletn\u00e9ho \u00fa\u010dtu z n\u00e1\u0161ho syst\u00e9mu a to emailom na adresu lamabfc@gmail.com<\/span>\n<h2><span style=\"font-size: 18pt;\">Jakie dane osobowe gromadzimy i dlaczego je gromadzimy<\/span><\/h2>\n<span style=\"font-size: 14pt;\"><!-- \/wp:paragraph --><!-- wp:heading \/--><!-- wp:heading {\"level\":3} --><\/span>\n\n<strong><span style=\"font-size: 14pt;\">Komentarze<\/span><\/strong>\n\n<span style=\"font-size: 14pt;\"><!-- \/wp:heading --><!-- wp:paragraph --><\/span>\n\n<span style=\"font-size: 14pt;\">Gdy odwiedzaj\u0105cy witryn\u0119 zostawiaj\u0105 na niej komentarze, gromadzimy dane wy\u015bwietlane w formularzu komentarza, a tak\u017ce adres IP u\u017cytkownika i agenta u\u017cytkownika przegl\u0105darki w celu ochrony przed spamem.<\/span>\n\n<span style=\"font-size: 14pt;\"><!-- \/wp:paragraph --><!-- wp:paragraph --><\/span>\n\n<span style=\"font-size: 14pt;\">Zanonimizowany ci\u0105g znak\u00f3w utworzony z adresu e-mail u\u017cytkownika (zwany r\u00f3wnie\u017c skr\u00f3tem) mo\u017ce zosta\u0107 dostarczony do Gravatar w celu zweryfikowania, czy u\u017cytkownik z niego korzysta. Polityka prywatno\u015bci Gravatar znajduje si\u0119 pod adresem: https:\/\/automattic.com\/privacy\/. Po zatwierdzeniu komentarza zdj\u0119cie profilowe zostanie wy\u015bwietlone publicznie wraz z tre\u015bci\u0105 komentarza.<\/span>\n\n<span style=\"font-size: 14pt;\"><!-- \/wp:paragraph --><!-- wp:heading {\"level\":3} --><\/span>\n<h3><span style=\"font-size: 14pt;\">Multimedia<\/span><\/h3>\n<span style=\"font-size: 14pt;\"><!-- \/wp:heading --><!-- wp:paragraph --><\/span>\n\n<span style=\"font-size: 14pt;\">Podczas przesy\u0142ania zdj\u0119\u0107 na stron\u0119 internetow\u0105 nale\u017cy unika\u0107 przesy\u0142ania zdj\u0119\u0107 z danymi EXIF lokalizacji GPS. Odwiedzaj\u0105cy witryn\u0119 mog\u0105 pobra\u0107 i wy\u015bwietli\u0107 wszelkie dane lokalizacji z obraz\u00f3w.<\/span>\n\n<span style=\"font-size: 14pt;\"><!-- \/wp:paragraph --><!-- wp:heading {\"level\":3} --><\/span>\n<h3><span style=\"font-size: 14pt;\">Formularze kontaktowe<\/span><\/h3>\n<span style=\"font-size: 14pt;\">Gdy odwiedzaj\u0105cy witryn\u0119 zostawiaj\u0105 na niej wiadomo\u015b\u0107, gromadzimy dane przes\u0142ane w formularzu, a tak\u017ce adres IP u\u017cytkownika i agenta u\u017cytkownika przegl\u0105darki w celu ochrony przed spamem.<\/span>\n\n<span style=\"font-size: 14pt;\"><!-- \/wp:heading --><!-- wp:heading {\"level\":3} --><\/span>\n\n<strong><span style=\"font-size: 14pt;\">Pliki cookie<\/span><\/strong>\n\n<span style=\"font-size: 14pt;\"><!-- \/wp:heading --><!-- wp:paragraph --><\/span>\n\n<span style=\"font-size: 14pt;\">Je\u015bli opublikujesz komentarz na naszej stronie, mo\u017cesz wyrazi\u0107 zgod\u0119 na przechowywanie swojego imienia i nazwiska, adresu e-mail i strony internetowej w plikach cookie. Jest to dla Twojej wygody, aby\u015b nie musia\u0142 ponownie wype\u0142nia\u0107 swoich danych przy nast\u0119pnym komentarzu. Te pliki cookie s\u0105 wa\u017cne przez rok.<\/span>\n\n<span style=\"font-size: 14pt;\"><!-- \/wp:paragraph --><!-- wp:paragraph --><\/span>\n\n<span style=\"font-size: 14pt;\">Je\u015bli u\u017cytkownik posiada konto w naszej witrynie i zaloguje si\u0119, b\u0119dziemy przechowywa\u0107 tymczasowe pliki cookie w celu ustalenia, czy przegl\u0105darka u\u017cytkownika akceptuje pliki cookie. Te pliki cookie nie zawieraj\u0105 \u017cadnych danych osobowych i s\u0105 usuwane po zamkni\u0119ciu przegl\u0105darki.<\/span>\n\n<span style=\"font-size: 14pt;\"><!-- \/wp:paragraph --><!-- wp:paragraph --><\/span>\n\n<span style=\"font-size: 14pt;\">Podczas logowania ustawiamy pewn\u0105 liczb\u0119 plik\u00f3w cookie do przechowywania danych logowania i ustawie\u0144 wy\u015bwietlania. Pliki cookie logowania s\u0105 wa\u017cne przez dwa dni, a ustawienia wy\u015bwietlania przez rok. Je\u015bli wybierzesz opcj\u0119 \"zapami\u0119taj\", Tw\u00f3j login b\u0119dzie wa\u017cny przez dwa tygodnie. Po wylogowaniu si\u0119 z konta pliki cookie s\u0105 usuwane.<\/span>\n\n<span style=\"font-size: 14pt;\"><!-- \/wp:paragraph --><!-- wp:paragraph --><\/span>\n\n<span style=\"font-size: 14pt;\">Podczas edytowania lub publikowania artyku\u0142u w przegl\u0105darce u\u017cytkownika zapisywane s\u0105 dodatkowe pliki cookie. Te pliki cookie nie zawieraj\u0105 \u017cadnych danych osobowych i odnosz\u0105 si\u0119 jedynie do identyfikatora edytowanego artyku\u0142u. Pliki s\u0105 wa\u017cne przez 1 dzie\u0144.<\/span>\n\n<span style=\"font-size: 14pt;\"><!-- \/wp:paragraph --><!-- wp:heading {\"level\":3} --><\/span>\n\n<strong><span style=\"font-size: 14pt;\">Osadzona zawarto\u015b\u0107 z innych stron internetowych<\/span><\/strong>\n\n<span style=\"font-size: 14pt;\"><!-- \/wp:heading --><!-- wp:paragraph --><\/span>\n\n<span style=\"font-size: 14pt;\">Artyku\u0142y na tej stronie mog\u0105 zawiera\u0107 osadzone tre\u015bci (np. filmy, obrazy, artyku\u0142y itp.). Osadzone tre\u015bci z innych witryn zachowuj\u0105 si\u0119 tak samo, jak gdyby u\u017cytkownik odwiedzi\u0142 inn\u0105 witryn\u0119.<\/span>\n\n<span style=\"font-size: 14pt;\"><!-- \/wp:paragraph --><!-- wp:paragraph --><\/span>\n\n<span style=\"font-size: 14pt;\">Witryny te mog\u0105 gromadzi\u0107 dane osobowe u\u017cytkownika, wykorzystywa\u0107 pliki cookie, osadza\u0107 \u015bledzenie stron trzecich i monitorowa\u0107 interakcj\u0119 u\u017cytkownika z osadzonymi tre\u015bciami, w tym \u015bledzi\u0107 interakcj\u0119 u\u017cytkownika z osadzonymi tre\u015bciami, je\u015bli u\u017cytkownik ma konto i jest zalogowany w tej witrynie.<\/span>\n\n<span style=\"font-size: 14pt;\"><!-- \/wp:paragraph --><!-- wp:heading {\"level\":3} --><\/span>\n\n<strong><span style=\"font-size: 14pt;\">Analityka<\/span><\/strong>\n<div><span style=\"font-size: 14pt;\">Podczas przegl\u0105dania witryny gromadzimy dane, takie jak adres IP, lokalizacja i agent u\u017cytkownika, do cel\u00f3w analitycznych.<\/span><\/div>\n<div><\/div>\n<span style=\"font-size: 14pt;\"><!-- \/wp:heading --><!-- wp:heading --><\/span>\n<h2><span style=\"font-size: 18pt;\">Komu udost\u0119pniamy dane u\u017cytkownika<\/span><\/h2>\n<span style=\"font-size: 14pt;\">\u00a0Nie udost\u0119pniamy danych stronom trzecim. Przechowujemy konta u\u017cytkownik\u00f3w na naszej stronie internetowej, zam\u00f3wienia, wiadomo\u015bci na naszym w\u0142asnym serwerze i nigdy nie udost\u0119pniamy ich stronom trzecim.<\/span>\n\n<span style=\"font-size: 14pt;\"><!-- \/wp:heading --><!-- wp:heading --><\/span>\n<h2><span style=\"font-size: 18pt;\">Jak d\u0142ugo przechowujemy dane u\u017cytkownika<\/span><\/h2>\n<span style=\"font-size: 14pt;\"><!-- \/wp:heading --><!-- wp:paragraph --><\/span>\n\n<span style=\"font-size: 14pt;\">Podczas dodawania komentarza, komentarz i jego metadane s\u0105 przechowywane oddzielnie. Pozwala nam to na automatyczne rozpoznawanie i zatwierdzanie wszelkich powi\u0105zanych komentarzy bez konieczno\u015bci wstrzymywania ich do moderacji.<\/span>\n\n<span style=\"font-size: 14pt;\"><!-- \/wp:paragraph --><!-- wp:paragraph --><\/span>\n\n<span style=\"font-size: 14pt;\">W przypadku u\u017cytkownik\u00f3w, kt\u00f3rzy zarejestruj\u0105 si\u0119 na naszej stronie internetowej (je\u015bli istniej\u0105), przechowujemy r\u00f3wnie\u017c dane osobowe, kt\u00f3re podaj\u0105 w swoim profilu u\u017cytkownika. Wszyscy u\u017cytkownicy mog\u0105 przegl\u0105da\u0107, edytowa\u0107 lub usuwa\u0107 swoje dane osobowe (z wyj\u0105tkiem zmian u\u017cytkownika) w dowolnym momencie. Administratorzy strony mog\u0105 r\u00f3wnie\u017c przegl\u0105da\u0107 i edytowa\u0107 te informacje.<\/span>\n\n<span style=\"font-size: 14pt;\"><!-- \/wp:paragraph --><!-- wp:heading --><\/span>\n<h2><span style=\"font-size: 18pt;\">Jakie prawa przys\u0142uguj\u0105 u\u017cytkownikowi w odniesieniu do jego danych<\/span><\/h2>\n<span style=\"font-size: 14pt;\"><!-- \/wp:heading --><!-- wp:paragraph --><\/span>\n\n<span style=\"font-size: 14pt;\">Je\u015bli masz konto na tej stronie lub opublikowa\u0142e\u015b tutaj komentarz, mo\u017cesz za\u017c\u0105da\u0107 eksportu danych osobowych, kt\u00f3re przechowujemy na Tw\u00f3j temat, w tym danych, kt\u00f3re nam przekaza\u0142e\u015b. U\u017cytkownik mo\u017ce r\u00f3wnie\u017c za\u017c\u0105da\u0107 usuni\u0119cia swoich danych osobowych. Nie dotyczy to jednak danych, kt\u00f3re musimy przechowywa\u0107 ze wzgl\u0119d\u00f3w administracyjnych, prawnych lub bezpiecze\u0144stwa.<\/span>\n\n<span style=\"font-size: 14pt;\"><!-- \/wp:paragraph --><!-- wp:heading --><\/span>\n<h2><span style=\"font-size: 18pt;\">Gdzie wysy\u0142amy dane u\u017cytkownika<\/span><\/h2>\n<span style=\"font-size: 14pt;\"><!-- \/wp:heading --><!-- wp:paragraph --><\/span>\n\n<span style=\"font-size: 14pt;\">Komentarze odwiedzaj\u0105cych mog\u0105 by\u0107 sprawdzane przez automatyczn\u0105 us\u0142ug\u0119 wykrywania spamu.<\/span>\n\n<span style=\"font-size: 14pt;\"><!-- \/wp:paragraph --><!-- wp:heading --><\/span>\n<h2><span style=\"font-size: 18pt;\">Twoje dane kontaktowe<\/span><\/h2>\n<span style=\"font-size: 14pt;\">Sklep internetowy www.lama-bfc.sk przechowuje Twoje dane osobowe w przypadku, gdy jeste\u015b naszym klientem i zarejestrowa\u0142e\u015b si\u0119 za po\u015brednictwem sklepu internetowego.<\/span>\n\n<span style=\"font-size: 14pt;\">Przechowujemy nast\u0119puj\u0105ce informacje o zarejestrowanych u\u017cytkownikach, kt\u00f3re s\u0105 obowi\u0105zkowe, je\u015bli jeste\u015b klientem naszego sklepu:<\/span>\n<ul>\n \t<li><span style=\"font-size: 14pt;\">Imi\u0119 i nazwisko<\/span><\/li>\n \t<li><span style=\"font-size: 14pt;\">E-mail<\/span><\/li>\n \t<li><span style=\"font-size: 14pt;\">Adres rozliczeniowy klienta<\/span>\n<ul>\n \t<li><span style=\"font-size: 14pt;\">imi\u0119<\/span><\/li>\n \t<li><span style=\"font-size: 14pt;\">nazwisko<\/span><\/li>\n \t<li><span style=\"font-size: 14pt;\">nazwa firmy<\/span><\/li>\n \t<li><span style=\"font-size: 14pt;\">adres<\/span><\/li>\n \t<li><span style=\"font-size: 14pt;\">Miasto<\/span><\/li>\n \t<li><span style=\"font-size: 14pt;\">KOD POCZTOWY<\/span><\/li>\n \t<li><span style=\"font-size: 14pt;\">Telefon<\/span><\/li>\n<\/ul>\n<\/li>\n \t<li><span style=\"font-size: 14pt;\">Adres dostawy klienta<\/span>\n<ul>\n \t<li><span style=\"font-size: 14pt;\">imi\u0119<\/span><\/li>\n \t<li><span style=\"font-size: 14pt;\">nazwisko<\/span><\/li>\n \t<li><span style=\"font-size: 14pt;\">nazwa firmy<\/span><\/li>\n \t<li><span style=\"font-size: 14pt;\">adres<\/span><\/li>\n \t<li><span style=\"font-size: 14pt;\">Miasto<\/span><\/li>\n \t<li><span style=\"font-size: 14pt;\">KOD POCZTOWY<\/span><\/li>\n<\/ul>\n<\/li>\n \t<li><span style=\"font-size: 14pt;\">Dane te s\u0105 przechowywane w formie elektronicznej. Je\u015bli chcesz usun\u0105\u0107 swoje dane po zako\u0144czeniu wsp\u00f3\u0142pracy, popro\u015b nas o to e-mailem lub online <a href=\"https:\/\/www.lama-bfc.sk\/pl\/formular-na-zrusenie-spracovania-osobnych-udajov\/?wmc-currency=PLN\">formularz online<\/a>. Dane u\u017cytkownika zostan\u0105 nieodwracalnie usuni\u0119te.<\/span><\/li>\n<\/ul>\n<span style=\"font-size: 14pt;\"><!-- \/wp:heading --><!-- wp:heading --><\/span>\n<h2><span style=\"font-size: 18pt;\">Jak chronimy dane u\u017cytkownik\u00f3w<\/span><\/h2>\n<span style=\"font-size: 14pt;\">Transmisja danych jest zabezpieczona szyfrowaniem. Dane s\u0105 przechowywane w bezpiecznej bazie danych z konieczno\u015bci\u0105 autoryzowanego dost\u0119pu, kt\u00f3r\u0105 chronimy przed uszkodzeniem, zniszczeniem, utrat\u0105 lub niew\u0142a\u015bciwym wykorzystaniem. Wszyscy nasi pracownicy, kt\u00f3rzy maj\u0105 kontakt z danymi, zostali odpowiednio poinstruowani w zakresie prawid\u0142owego post\u0119powania z danymi. Nie udost\u0119pniamy, nie ujawniamy ani nie przekazujemy danych osobowych stronom trzecim. Wyj\u0105tkiem mog\u0105 by\u0107 przypadki wyczerpuj\u0105co okre\u015blone przez prawo - organy rz\u0105dowe do cel\u00f3w dochodzenia i kontroli.<\/span>\n<h2><span style=\"font-size: 18pt;\">Jakie s\u0105 nasze procesy dotycz\u0105ce wyciek\u00f3w danych?<\/span><\/h2>\n<span style=\"font-size: 14pt;\">W przypadku, gdy dowiemy si\u0119, \u017ce dane osobowe wyciek\u0142y z naszej strony internetowej, zg\u0142osimy wyciek takich danych osobowych do Urz\u0119du Ochrony Danych Osobowych za pomoc\u0105 formularza zg\u0142oszeniowego na stronie internetowej Urz\u0119du: <a href=\"https:\/\/dataprotection.gov.sk\/uoou\/sk\/dp\/dp-breach\">https:\/\/dataprotection.gov.sk\/uoou\/sk\/dp\/dp-breach<\/a><\/span>\n<h2><span style=\"font-size: 18pt;\">Bezpiecze\u0144stwo transakcji p\u0142atniczych<\/span><\/h2>\n<span style=\"font-size: 14pt;\">Podczas sk\u0142adania zam\u00f3wienia prosimy o niewprowadzanie \u017cadnych informacji bezpo\u015brednio zwi\u0105zanych z obs\u0142ug\u0105 \u015brodk\u00f3w pieni\u0119\u017cnych na rachunkach podczas dokonywania przelewu bankowego. Wszystkie p\u0142atno\u015bci s\u0105 dokonywane zgodnie z preferencjami u\u017cytkownika - za pobraniem lub bezgot\u00f3wkowo za po\u015brednictwem bankowo\u015bci internetowej. W przypadku p\u0142atno\u015bci za po\u015brednictwem bankowo\u015bci internetowej nie mamy kontaktu z danymi dotycz\u0105cymi p\u0142atno\u015bci.<\/span>","protected":false},"excerpt":{"rendered":"<p>Kto sme E-shop https:\/\/www.lama-bfc.sk je prev\u00e1dzkovan\u00fd spolo\u010dnos\u0165ou LAMA (Ing. Andrea Saynykov\u00e1, Obi\u0161ovce 54, 044 81 Ko\u0161ice.I\u010cO:47985984, zap\u00edsanou v odbore \u017eivnostensk\u00e9ho podnikania Komensk\u00e9ho 52, 041 26 Ko\u0161ice). &#8211; K sprac\u00favaniu Va\u0161ich osobn\u00fdch \u00fadajov pristupujeme len z\u00e1konn\u00fdm sp\u00f4sobom, profesion\u00e1lne a citlivo &#8211; Va\u0161e osobn\u00e9 \u00fadaje s\u00fa ulo\u017een\u00e9 v zabezpe\u010denom informa\u010dnom syst\u00e9me s SSL \u0161ifrovan\u00fdm pr\u00edstupom a firewallom [&hellip;]<\/p>","protected":false},"author":24,"featured_media":0,"parent":0,"menu_order":0,"comment_status":"closed","ping_status":"closed","template":"","meta":{"footnotes":""},"class_list":["post-1223","page","type-page","status-publish","hentry","no-thumb"],"jetpack_sharing_enabled":true,"_links":{"self":[{"href":"https:\/\/www.lama-bfc.sk\/pl\/wp-json\/wp\/v2\/pages\/1223","targetHints":{"allow":["GET"]}}],"collection":[{"href":"https:\/\/www.lama-bfc.sk\/pl\/wp-json\/wp\/v2\/pages"}],"about":[{"href":"https:\/\/www.lama-bfc.sk\/pl\/wp-json\/wp\/v2\/types\/page"}],"author":[{"embeddable":true,"href":"https:\/\/www.lama-bfc.sk\/pl\/wp-json\/wp\/v2\/users\/24"}],"replies":[{"embeddable":true,"href":"https:\/\/www.lama-bfc.sk\/pl\/wp-json\/wp\/v2\/comments?post=1223"}],"version-history":[{"count":4,"href":"https:\/\/www.lama-bfc.sk\/pl\/wp-json\/wp\/v2\/pages\/1223\/revisions"}],"predecessor-version":[{"id":4314,"href":"https:\/\/www.lama-bfc.sk\/pl\/wp-json\/wp\/v2\/pages\/1223\/revisions\/4314"}],"wp:attachment":[{"href":"https:\/\/www.lama-bfc.sk\/pl\/wp-json\/wp\/v2\/media?parent=1223"}],"curies":[{"name":"wp","href":"https:\/\/api.w.org\/{rel}","templated":true}]}}