{"id":4113,"date":"2024-05-26T22:00:40","date_gmt":"2024-05-26T20:00:40","guid":{"rendered":"https:\/\/www.lama-bfc.sk\/?post_type=product&#038;p=4113"},"modified":"2025-09-30T13:44:40","modified_gmt":"2025-09-30T11:44:40","slug":"penelope-meadow","status":"publish","type":"product","link":"https:\/\/www.lama-bfc.sk\/hu\/termek\/penelope-meadow\/","title":{"rendered":"Penelope Meadow"},"content":{"rendered":"","protected":false},"excerpt":{"rendered":"<p class=\"p1\"><span class=\"s1\">Kiv\u00e9teles wrap ruha a m\u0171hely\u00fcnkb\u0151l. V\u00e9kony p\u00e1ntokon van, \u00edgy abszol\u00fat nagyszer\u0171 a forr\u00f3 ny\u00e1ri napokon, amikor igaz\u00e1n \u00e9rt\u00e9kelni fogja. A szoptat\u00e1st a ruha el\u00e9g m\u00e9ly nyakkiv\u00e1g\u00e1sa \u00e9s a wrap biztos\u00edtja, amely sz\u00fcks\u00e9g eset\u00e9n k\u00f6nnyen laz\u00edthat\u00f3. A Penelope ruha szab\u00e1sa kiemeli n\u0151iess\u00e9g\u00e9t \u00e9s sz\u00e9ps\u00e9g\u00e9t. Egyedi vir\u00e1gmint\u00e1s, puha viszk\u00f3zb\u00f3l k\u00e9sz\u00fclt, pamuttal b\u00e9lelt. <\/span><\/p>\n<p class=\"p1\"><span class=\"s1\">Szlov\u00e1ki\u00e1ban tervezt\u00e9k \u00e9s gy\u00e1rtott\u00e1k.<\/span><\/p>","protected":false},"featured_media":4179,"template":"","meta":[],"product_brand":[],"product_cat":[151,62],"product_tag":[142],"class_list":{"0":"post-4113","1":"product","2":"type-product","3":"status-publish","4":"has-post-thumbnail","6":"product_cat-rozkvitnuta","7":"product_cat-saty","8":"product_tag-viscose","9":"","11":"first","12":"instock","13":"sale","14":"shipping-taxable","15":"purchasable","16":"product-type-variable"},"jetpack_sharing_enabled":true,"_links":{"self":[{"href":"https:\/\/www.lama-bfc.sk\/hu\/wp-json\/wp\/v2\/product\/4113","targetHints":{"allow":["GET"]}}],"collection":[{"href":"https:\/\/www.lama-bfc.sk\/hu\/wp-json\/wp\/v2\/product"}],"about":[{"href":"https:\/\/www.lama-bfc.sk\/hu\/wp-json\/wp\/v2\/types\/product"}],"wp:featuredmedia":[{"embeddable":true,"href":"https:\/\/www.lama-bfc.sk\/hu\/wp-json\/wp\/v2\/media\/4179"}],"wp:attachment":[{"href":"https:\/\/www.lama-bfc.sk\/hu\/wp-json\/wp\/v2\/media?parent=4113"}],"wp:term":[{"taxonomy":"product_brand","embeddable":true,"href":"https:\/\/www.lama-bfc.sk\/hu\/wp-json\/wp\/v2\/product_brand?post=4113"},{"taxonomy":"product_cat","embeddable":true,"href":"https:\/\/www.lama-bfc.sk\/hu\/wp-json\/wp\/v2\/product_cat?post=4113"},{"taxonomy":"product_tag","embeddable":true,"href":"https:\/\/www.lama-bfc.sk\/hu\/wp-json\/wp\/v2\/product_tag?post=4113"}],"curies":[{"name":"wp","href":"https:\/\/api.w.org\/{rel}","templated":true}]}}