{"id":4112,"date":"2024-05-26T21:57:59","date_gmt":"2024-05-26T19:57:59","guid":{"rendered":"https:\/\/www.lama-bfc.sk\/?post_type=product&#038;p=4112"},"modified":"2026-02-17T12:10:20","modified_gmt":"2026-02-17T11:10:20","slug":"penelope-rose","status":"publish","type":"product","link":"https:\/\/www.lama-bfc.sk\/hu\/termek\/penelope-rose\/","title":{"rendered":"Penelope Rose"},"content":{"rendered":"<blockquote><p>&nbsp;<\/p><\/blockquote>","protected":false},"excerpt":{"rendered":"<p class=\"p1\"><span class=\"s1\">Kiv\u00e9teles wrap ruha a m\u0171hely\u00fcnkb\u0151l. V\u00e9kony p\u00e1ntokon van, \u00edgy abszol\u00fat nagyszer\u0171 a forr\u00f3 ny\u00e1ri napokon, amikor igaz\u00e1n \u00e9rt\u00e9kelni fogja. A szoptat\u00e1st a ruha el\u00e9g m\u00e9ly nyakkiv\u00e1g\u00e1sa \u00e9s a wrap biztos\u00edtja, amely sz\u00fcks\u00e9g eset\u00e9n k\u00f6nnyen laz\u00edthat\u00f3. A Penelope ruha szab\u00e1sa kiemeli n\u0151iess\u00e9g\u00e9t \u00e9s sz\u00e9ps\u00e9g\u00e9t. Egyedi anyagb\u00f3l k\u00e9sz\u00fclt, muszlin \u00e9s bambusz kombin\u00e1ci\u00f3j\u00e1b\u00f3l. <\/span><\/p>\n<p class=\"p1\"><span class=\"s1\">Szlov\u00e1ki\u00e1ban tervezt\u00e9k \u00e9s gy\u00e1rtott\u00e1k.\u00a0<\/span><\/p>","protected":false},"featured_media":4185,"template":"","meta":[],"product_brand":[],"product_cat":[151,62],"product_tag":[149],"class_list":{"0":"post-4112","1":"product","2":"type-product","3":"status-publish","4":"has-post-thumbnail","6":"product_cat-rozkvitnuta","7":"product_cat-saty","8":"product_tag-muselinbambus","9":"","11":"first","12":"instock","13":"sale","14":"shipping-taxable","15":"purchasable","16":"product-type-variable"},"jetpack_sharing_enabled":true,"_links":{"self":[{"href":"https:\/\/www.lama-bfc.sk\/hu\/wp-json\/wp\/v2\/product\/4112","targetHints":{"allow":["GET"]}}],"collection":[{"href":"https:\/\/www.lama-bfc.sk\/hu\/wp-json\/wp\/v2\/product"}],"about":[{"href":"https:\/\/www.lama-bfc.sk\/hu\/wp-json\/wp\/v2\/types\/product"}],"wp:featuredmedia":[{"embeddable":true,"href":"https:\/\/www.lama-bfc.sk\/hu\/wp-json\/wp\/v2\/media\/4185"}],"wp:attachment":[{"href":"https:\/\/www.lama-bfc.sk\/hu\/wp-json\/wp\/v2\/media?parent=4112"}],"wp:term":[{"taxonomy":"product_brand","embeddable":true,"href":"https:\/\/www.lama-bfc.sk\/hu\/wp-json\/wp\/v2\/product_brand?post=4112"},{"taxonomy":"product_cat","embeddable":true,"href":"https:\/\/www.lama-bfc.sk\/hu\/wp-json\/wp\/v2\/product_cat?post=4112"},{"taxonomy":"product_tag","embeddable":true,"href":"https:\/\/www.lama-bfc.sk\/hu\/wp-json\/wp\/v2\/product_tag?post=4112"}],"curies":[{"name":"wp","href":"https:\/\/api.w.org\/{rel}","templated":true}]}}