{"id":4108,"date":"2024-05-26T13:52:56","date_gmt":"2024-05-26T11:52:56","guid":{"rendered":"https:\/\/www.lama-bfc.sk\/?post_type=product&#038;p=4108"},"modified":"2026-04-22T20:18:31","modified_gmt":"2026-04-22T18:18:31","slug":"hana-meadow","status":"publish","type":"product","link":"https:\/\/www.lama-bfc.sk\/hu\/termek\/hana-ret\/","title":{"rendered":"Hana r\u00e9t"},"content":{"rendered":"","protected":false},"excerpt":{"rendered":"<p class=\"p1\">Els\u0151 l\u00e1t\u00e1sra beleszerettem ebbe a ruh\u00e1ba. Rem\u00e9lem, lesz\u00fcnk m\u00e9g t\u00f6bben is. Laza, hossz\u00fak\u00e1s szab\u00e1s\u00fa ruha, d\u00edszes fodrok az ujjak k\u00f6r\u00fcl, gy\u00f6ny\u00f6r\u0171 \u00e9s egyedi vir\u00e1gmint\u00e1val varrva a legfinomabb viszk\u00f3zb\u00f3l. Simogatni \u00e9s \u00f6lelni fognak t\u00e9ged. \u263a\ufe0f<\/p>\n<p class=\"p1\">A k\u00e9nyelmes \u00e9s diszkr\u00e9t szoptat\u00e1st a ruha elej\u00e9n tal\u00e1lhat\u00f3 k\u00e9t f\u00fcgg\u0151leges cipz\u00e1r biztos\u00edtja. \u00c9s mivel ez a ruha nemcsak sz\u00e9p, hanem szuper praktikus is, zsebekben sincs hi\u00e1ny.<\/p>\n<p class=\"p1\"><span class=\"s1\">Gyere \u00e9s szeress bele te is. <\/span><\/p>\n<p class=\"p1\"><span class=\"s1\">Szlov\u00e1ki\u00e1ban tervezt\u00e9k \u00e9s gy\u00e1rtott\u00e1k.<\/span><\/p>","protected":false},"featured_media":4204,"template":"","meta":[],"product_brand":[],"product_cat":[151,62],"product_tag":[142],"class_list":{"0":"post-4108","1":"product","2":"type-product","3":"status-publish","4":"has-post-thumbnail","6":"product_cat-rozkvitnuta","7":"product_cat-saty","8":"product_tag-viscose","9":"","11":"first","12":"instock","13":"sale","14":"shipping-taxable","15":"purchasable","16":"product-type-variable"},"jetpack_sharing_enabled":true,"_links":{"self":[{"href":"https:\/\/www.lama-bfc.sk\/hu\/wp-json\/wp\/v2\/product\/4108","targetHints":{"allow":["GET"]}}],"collection":[{"href":"https:\/\/www.lama-bfc.sk\/hu\/wp-json\/wp\/v2\/product"}],"about":[{"href":"https:\/\/www.lama-bfc.sk\/hu\/wp-json\/wp\/v2\/types\/product"}],"wp:featuredmedia":[{"embeddable":true,"href":"https:\/\/www.lama-bfc.sk\/hu\/wp-json\/wp\/v2\/media\/4204"}],"wp:attachment":[{"href":"https:\/\/www.lama-bfc.sk\/hu\/wp-json\/wp\/v2\/media?parent=4108"}],"wp:term":[{"taxonomy":"product_brand","embeddable":true,"href":"https:\/\/www.lama-bfc.sk\/hu\/wp-json\/wp\/v2\/product_brand?post=4108"},{"taxonomy":"product_cat","embeddable":true,"href":"https:\/\/www.lama-bfc.sk\/hu\/wp-json\/wp\/v2\/product_cat?post=4108"},{"taxonomy":"product_tag","embeddable":true,"href":"https:\/\/www.lama-bfc.sk\/hu\/wp-json\/wp\/v2\/product_tag?post=4108"}],"curies":[{"name":"wp","href":"https:\/\/api.w.org\/{rel}","templated":true}]}}