{"id":4103,"date":"2024-05-25T22:10:14","date_gmt":"2024-05-25T20:10:14","guid":{"rendered":"https:\/\/www.lama-bfc.sk\/?post_type=product&#038;p=4103"},"modified":"2025-09-30T13:50:51","modified_gmt":"2025-09-30T11:50:51","slug":"sara-powder-pink","status":"publish","type":"product","link":"https:\/\/www.lama-bfc.sk\/hu\/termek\/sara-por-rozsaszin\/","title":{"rendered":"Sara por r\u00f3zsasz\u00edn"},"content":{"rendered":"","protected":false},"excerpt":{"rendered":"<p class=\"p1\"><span class=\"s1\">A romantikus Sara szoptat\u00f3s ruha b\u00e1rmilyen alkalomra alkalmas. Ak\u00e1r egy v\u00e1rosi s\u00e9t\u00e1ra, ak\u00e1r egy fagyiz\u00e1sra, ak\u00e1r egy csal\u00e1di partira vagy nyaral\u00e1sra m\u00e9sz, a ny\u00e1ri napok elengedhetetlen r\u00e9sze lesz. A legfinomabb viszk\u00f3zb\u00f3l k\u00e9sz\u00fclt, gy\u00f6ny\u00f6r\u0171 vir\u00e1gos mint\u00e1val. A k\u00f6zvetlen\u00fcl a mell alatt tal\u00e1lhat\u00f3 cipz\u00e1rak biztos\u00edtj\u00e1k a baba k\u00f6nny\u0171 \u00e9s nagyon k\u00e9nyelmes szoptat\u00e1s\u00e1t. A harangujjak t\u00f6k\u00e9letesen kieg\u00e9sz\u00edtik ennek az egyedi ruh\u00e1nak az \u00f6sszk\u00e9p\u00e9t. <\/span><\/p>\n<p class=\"p2\"><span class=\"s2\">Szlov\u00e1ki\u00e1ban tervezt\u00e9k \u00e9s gy\u00e1rtott\u00e1k.<\/span><\/p>","protected":false},"featured_media":4213,"template":"","meta":[],"product_brand":[],"product_cat":[151,62],"product_tag":[142],"class_list":{"0":"post-4103","1":"product","2":"type-product","3":"status-publish","4":"has-post-thumbnail","6":"product_cat-rozkvitnuta","7":"product_cat-saty","8":"product_tag-viscose","9":"","11":"first","12":"instock","13":"sale","14":"shipping-taxable","15":"purchasable","16":"product-type-variable","17":"has-default-attributes"},"jetpack_sharing_enabled":true,"_links":{"self":[{"href":"https:\/\/www.lama-bfc.sk\/hu\/wp-json\/wp\/v2\/product\/4103","targetHints":{"allow":["GET"]}}],"collection":[{"href":"https:\/\/www.lama-bfc.sk\/hu\/wp-json\/wp\/v2\/product"}],"about":[{"href":"https:\/\/www.lama-bfc.sk\/hu\/wp-json\/wp\/v2\/types\/product"}],"wp:featuredmedia":[{"embeddable":true,"href":"https:\/\/www.lama-bfc.sk\/hu\/wp-json\/wp\/v2\/media\/4213"}],"wp:attachment":[{"href":"https:\/\/www.lama-bfc.sk\/hu\/wp-json\/wp\/v2\/media?parent=4103"}],"wp:term":[{"taxonomy":"product_brand","embeddable":true,"href":"https:\/\/www.lama-bfc.sk\/hu\/wp-json\/wp\/v2\/product_brand?post=4103"},{"taxonomy":"product_cat","embeddable":true,"href":"https:\/\/www.lama-bfc.sk\/hu\/wp-json\/wp\/v2\/product_cat?post=4103"},{"taxonomy":"product_tag","embeddable":true,"href":"https:\/\/www.lama-bfc.sk\/hu\/wp-json\/wp\/v2\/product_tag?post=4103"}],"curies":[{"name":"wp","href":"https:\/\/api.w.org\/{rel}","templated":true}]}}