{"id":3809,"date":"2023-07-03T07:55:25","date_gmt":"2023-07-03T05:55:25","guid":{"rendered":"https:\/\/www.lama-bfc.sk\/?post_type=product&#038;p=3809"},"modified":"2025-12-05T23:06:47","modified_gmt":"2025-12-05T22:06:47","slug":"detske-tricko-juicy","status":"publish","type":"product","link":"https:\/\/www.lama-bfc.sk\/hu\/termek\/gyermek-polo-szaftos\/","title":{"rendered":"Gyermek p\u00f3l\u00f3 JUICY"},"content":{"rendered":"","protected":false},"excerpt":{"rendered":"<p>Mi nem hi\u00e1nyozhat egyetlen kis ny\u00e1ri felfedez\u0151nek sem? Egy k\u00e9nyelmes szab\u00e1s\u00fa p\u00f3l\u00f3, amely nem tartalmaz felesleges varr\u00e1sokat a v\u00e1llon, \u00e9s \u00fajrahasznos\u00edtott anyagokb\u00f3l k\u00e9sz\u00fclt, amelyekkel rengeteg vizet, CO2-t \u00e9s energi\u00e1t takar\u00edthat meg. A p\u00f3l\u00f3t m\u0171hely\u00fcnkb\u0151l sz\u00e1rmaz\u00f3 szaftos szerz\u0151i nyomat eg\u00e9sz\u00edti ki. M\u00e1r csak ki kell v\u00e1lasztanod a kombin\u00e1ci\u00f3t. \ud83d\ude42<\/p>","protected":false},"featured_media":3902,"template":"","meta":[],"product_brand":[],"product_cat":[103,99],"product_tag":[98],"class_list":{"0":"post-3809","1":"product","2":"type-product","3":"status-publish","4":"has-post-thumbnail","6":"product_cat-detske-oblecenie","7":"product_cat-lama-kids","8":"product_tag-recycled","9":"","11":"first","12":"instock","13":"sale","14":"shipping-taxable","15":"purchasable","16":"product-type-variable"},"jetpack_sharing_enabled":true,"_links":{"self":[{"href":"https:\/\/www.lama-bfc.sk\/hu\/wp-json\/wp\/v2\/product\/3809","targetHints":{"allow":["GET"]}}],"collection":[{"href":"https:\/\/www.lama-bfc.sk\/hu\/wp-json\/wp\/v2\/product"}],"about":[{"href":"https:\/\/www.lama-bfc.sk\/hu\/wp-json\/wp\/v2\/types\/product"}],"wp:featuredmedia":[{"embeddable":true,"href":"https:\/\/www.lama-bfc.sk\/hu\/wp-json\/wp\/v2\/media\/3902"}],"wp:attachment":[{"href":"https:\/\/www.lama-bfc.sk\/hu\/wp-json\/wp\/v2\/media?parent=3809"}],"wp:term":[{"taxonomy":"product_brand","embeddable":true,"href":"https:\/\/www.lama-bfc.sk\/hu\/wp-json\/wp\/v2\/product_brand?post=3809"},{"taxonomy":"product_cat","embeddable":true,"href":"https:\/\/www.lama-bfc.sk\/hu\/wp-json\/wp\/v2\/product_cat?post=3809"},{"taxonomy":"product_tag","embeddable":true,"href":"https:\/\/www.lama-bfc.sk\/hu\/wp-json\/wp\/v2\/product_tag?post=3809"}],"curies":[{"name":"wp","href":"https:\/\/api.w.org\/{rel}","templated":true}]}}