{"id":3790,"date":"2023-07-03T07:54:42","date_gmt":"2023-07-03T05:54:42","guid":{"rendered":"https:\/\/www.lama-bfc.sk\/?post_type=product&#038;p=3790"},"modified":"2025-08-17T10:03:33","modified_gmt":"2025-08-17T08:03:33","slug":"detsky-set","status":"publish","type":"product","link":"https:\/\/www.lama-bfc.sk\/hu\/termek\/gyermekkeszlet\/","title":{"rendered":"Gyermek k\u00e9szlet"},"content":{"rendered":"","protected":false},"excerpt":{"rendered":"<p>Az \u00faj kollekci\u00f3val a kicsikre is gondoltunk. A szett tartalmaz egy tank topot \u00e9s egy r\u00f6vidnadr\u00e1got, amelyek t\u00f6k\u00e9letesen illeszkednek. A tank top gombokkal van ell\u00e1tva a k\u00e9nyelmes \u00f6lt\u00f6zk\u00f6d\u00e9s \u00e9rdek\u00e9ben, mert tudjuk j\u00f3l, hogy a gyerekek sz\u00e1m\u00e1ra nincs is enn\u00e9l ideges\u00edt\u0151bb, nem igaz? El\u00e9g egy pelenkacsere, hogy ezt t\u00faltegy\u00fck \ud83d\ude00 A szett \u00fajrahasznos\u00edtott anyagokb\u00f3l k\u00e9sz\u00fclt, ahol az anyag el\u0151\u00e1ll\u00edt\u00e1sa sor\u00e1n t\u00f6bbsz\u00f6r kevesebb vizet, CO2-t \u00e9s energi\u00e1t haszn\u00e1lnak fel, mint a hagyom\u00e1nyos anyagokn\u00e1l. A JUICY kollekci\u00f3 friss, l\u00e9d\u00fas, j\u00e1t\u00e9kos \u00e9s az eredeti nyomtat\u00e1sunk teljesen meghat\u00e1rozza. Csak v\u00e1lasszon! \ud83d\ude42<\/p>","protected":false},"featured_media":3853,"template":"","meta":[],"product_brand":[],"product_cat":[103,99],"product_tag":[98],"class_list":{"0":"post-3790","1":"product","2":"type-product","3":"status-publish","4":"has-post-thumbnail","6":"product_cat-detske-oblecenie","7":"product_cat-lama-kids","8":"product_tag-recycled","9":"","11":"first","12":"instock","13":"sale","14":"shipping-taxable","15":"purchasable","16":"product-type-variable"},"jetpack_sharing_enabled":true,"_links":{"self":[{"href":"https:\/\/www.lama-bfc.sk\/hu\/wp-json\/wp\/v2\/product\/3790","targetHints":{"allow":["GET"]}}],"collection":[{"href":"https:\/\/www.lama-bfc.sk\/hu\/wp-json\/wp\/v2\/product"}],"about":[{"href":"https:\/\/www.lama-bfc.sk\/hu\/wp-json\/wp\/v2\/types\/product"}],"wp:featuredmedia":[{"embeddable":true,"href":"https:\/\/www.lama-bfc.sk\/hu\/wp-json\/wp\/v2\/media\/3853"}],"wp:attachment":[{"href":"https:\/\/www.lama-bfc.sk\/hu\/wp-json\/wp\/v2\/media?parent=3790"}],"wp:term":[{"taxonomy":"product_brand","embeddable":true,"href":"https:\/\/www.lama-bfc.sk\/hu\/wp-json\/wp\/v2\/product_brand?post=3790"},{"taxonomy":"product_cat","embeddable":true,"href":"https:\/\/www.lama-bfc.sk\/hu\/wp-json\/wp\/v2\/product_cat?post=3790"},{"taxonomy":"product_tag","embeddable":true,"href":"https:\/\/www.lama-bfc.sk\/hu\/wp-json\/wp\/v2\/product_tag?post=3790"}],"curies":[{"name":"wp","href":"https:\/\/api.w.org\/{rel}","templated":true}]}}