{"id":3765,"date":"2023-06-27T17:36:31","date_gmt":"2023-06-27T15:36:31","guid":{"rendered":"https:\/\/www.lama-bfc.sk\/?post_type=product&#038;p=3765"},"modified":"2025-11-23T15:54:56","modified_gmt":"2025-11-23T14:54:56","slug":"detske-trakace","status":"publish","type":"product","link":"https:\/\/www.lama-bfc.sk\/hu\/termek\/gyermek-fogszabalyzo\/","title":{"rendered":"Gyermek talicsk\u00e1k"},"content":{"rendered":"","protected":false},"excerpt":{"rendered":"<p>Megb\u00edzhat\u00f3 talicsk\u00e1inkat egy kicsit \u00e1talak\u00edtottuk, nagyszer\u0171 \u00fajrahasznos\u00edtott fonalb\u00f3l varrtuk \u0151ket, \u00e9s hozz\u00e1adtuk a l\u00e9d\u00fas barack, f\u00fcge \u00e9s pitahaya nyomatokat. A csupasz h\u00e1t ny\u00e1ron nagyon kellemes, h\u0171v\u00f6sebb napokon pedig kieg\u00e9sz\u00edtheted a hordoz\u00f3t egy p\u00f3l\u00f3val, \u00e9s m\u00e1ris mehetsz \ud83d\ude42 A hordoz\u00f3 ak\u00e1r 3 sor lyukkal is rendelkezik a t\u00f6k\u00e9letes illeszked\u00e9s \u00e9rdek\u00e9ben, \u00e9s hogy egy\u00fctt n\u0151j\u00f6n a gyerekekkel.<\/p>","protected":false},"featured_media":3858,"template":"","meta":[],"product_brand":[],"product_cat":[103,99],"product_tag":[98],"class_list":{"0":"post-3765","1":"product","2":"type-product","3":"status-publish","4":"has-post-thumbnail","6":"product_cat-detske-oblecenie","7":"product_cat-lama-kids","8":"product_tag-recycled","9":"","11":"first","12":"instock","13":"sale","14":"shipping-taxable","15":"purchasable","16":"product-type-variable"},"jetpack_sharing_enabled":true,"_links":{"self":[{"href":"https:\/\/www.lama-bfc.sk\/hu\/wp-json\/wp\/v2\/product\/3765","targetHints":{"allow":["GET"]}}],"collection":[{"href":"https:\/\/www.lama-bfc.sk\/hu\/wp-json\/wp\/v2\/product"}],"about":[{"href":"https:\/\/www.lama-bfc.sk\/hu\/wp-json\/wp\/v2\/types\/product"}],"wp:featuredmedia":[{"embeddable":true,"href":"https:\/\/www.lama-bfc.sk\/hu\/wp-json\/wp\/v2\/media\/3858"}],"wp:attachment":[{"href":"https:\/\/www.lama-bfc.sk\/hu\/wp-json\/wp\/v2\/media?parent=3765"}],"wp:term":[{"taxonomy":"product_brand","embeddable":true,"href":"https:\/\/www.lama-bfc.sk\/hu\/wp-json\/wp\/v2\/product_brand?post=3765"},{"taxonomy":"product_cat","embeddable":true,"href":"https:\/\/www.lama-bfc.sk\/hu\/wp-json\/wp\/v2\/product_cat?post=3765"},{"taxonomy":"product_tag","embeddable":true,"href":"https:\/\/www.lama-bfc.sk\/hu\/wp-json\/wp\/v2\/product_tag?post=3765"}],"curies":[{"name":"wp","href":"https:\/\/api.w.org\/{rel}","templated":true}]}}