{"id":3763,"date":"2023-07-03T07:57:31","date_gmt":"2023-07-03T05:57:31","guid":{"rendered":"https:\/\/www.lama-bfc.sk\/?post_type=product&#038;p=3763"},"modified":"2025-08-17T09:57:11","modified_gmt":"2025-08-17T07:57:11","slug":"detske-saty","status":"publish","type":"product","link":"https:\/\/www.lama-bfc.sk\/hu\/termek\/gyermekruhak\/","title":{"rendered":"Gyermekruh\u00e1k"},"content":{"rendered":"","protected":false},"excerpt":{"rendered":"<p>L\u00e1nyok + ny\u00e1r = ruh\u00e1k...\u00e9s nem ak\u00e1rmilyen ruh\u00e1k \ud83d\ude42 Ny\u00e1ron \u00f6r\u00f6m a meztelen h\u00e1t, \u00e9s a h\u0171v\u00f6sebb napokon kieg\u00e9sz\u00edtheted egy p\u00f3l\u00f3val vagy ak\u00e1r leggingsszel. \u00cdgy egy olyan darabot kapsz, amit eg\u00e9sz \u00e9vben viselhetsz \ud83d\ude42 A merev\u00edt\u0151k\u00f6n 2 sor lyuk van, \u00edgy a ruha t\u00f6k\u00e9letesen illeszkedik \u00e9s egy\u00fctt n\u0151het a hercegn\u0151iddel. A ruh\u00e1k \u00fajrahasznos\u00edtott anyagokb\u00f3l k\u00e9sz\u00fclnek, amelyek sok vizet, CO2-t \u00e9s energi\u00e1t takar\u00edtanak meg.<\/p>","protected":false},"featured_media":3865,"template":"","meta":[],"product_brand":[],"product_cat":[103,99],"product_tag":[98],"class_list":{"0":"post-3763","1":"product","2":"type-product","3":"status-publish","4":"has-post-thumbnail","6":"product_cat-detske-oblecenie","7":"product_cat-lama-kids","8":"product_tag-recycled","9":"","11":"first","12":"instock","13":"sale","14":"shipping-taxable","15":"purchasable","16":"product-type-variable"},"jetpack_sharing_enabled":true,"_links":{"self":[{"href":"https:\/\/www.lama-bfc.sk\/hu\/wp-json\/wp\/v2\/product\/3763","targetHints":{"allow":["GET"]}}],"collection":[{"href":"https:\/\/www.lama-bfc.sk\/hu\/wp-json\/wp\/v2\/product"}],"about":[{"href":"https:\/\/www.lama-bfc.sk\/hu\/wp-json\/wp\/v2\/types\/product"}],"wp:featuredmedia":[{"embeddable":true,"href":"https:\/\/www.lama-bfc.sk\/hu\/wp-json\/wp\/v2\/media\/3865"}],"wp:attachment":[{"href":"https:\/\/www.lama-bfc.sk\/hu\/wp-json\/wp\/v2\/media?parent=3763"}],"wp:term":[{"taxonomy":"product_brand","embeddable":true,"href":"https:\/\/www.lama-bfc.sk\/hu\/wp-json\/wp\/v2\/product_brand?post=3763"},{"taxonomy":"product_cat","embeddable":true,"href":"https:\/\/www.lama-bfc.sk\/hu\/wp-json\/wp\/v2\/product_cat?post=3763"},{"taxonomy":"product_tag","embeddable":true,"href":"https:\/\/www.lama-bfc.sk\/hu\/wp-json\/wp\/v2\/product_tag?post=3763"}],"curies":[{"name":"wp","href":"https:\/\/api.w.org\/{rel}","templated":true}]}}