{"id":3299,"date":"2022-05-27T09:47:05","date_gmt":"2022-05-27T07:47:05","guid":{"rendered":"https:\/\/www.lama-bfc.sk\/?post_type=product&#038;p=3299"},"modified":"2025-12-10T17:36:02","modified_gmt":"2025-12-10T16:36:02","slug":"saty-sunny-wolf","status":"publish","type":"product","link":"https:\/\/www.lama-bfc.sk\/hu\/termek\/napos-farkas-ruha\/","title":{"rendered":"Ruha Sunny Wolf"},"content":{"rendered":"<p>A Tencel rostot nyers eukaliptuszf\u00e1b\u00f3l nyerik ki, hogy egy olyan egyed\u00fcl\u00e1ll\u00f3 anyagot \u00e1ll\u00edtsanak el\u0151, amely puh\u00e1bb, mint a selyem, \u00e9s sokkal gyorsabban k\u00e9pes felsz\u00edvni a vizet, mint a pamutsz\u00e1l, \u00e9s ennek az anyagnak a v\u00edzfogyaszt\u00e1sa 10-20-szor alacsonyabb, mint p\u00e9ld\u00e1ul a pamut\u00e9.<br \/>\nA Tencl ruha univerz\u00e1lis m\u00e9retben k\u00e9sz\u00fcl, \u00e9s egyedi szab\u00e1ssal rendelkezik. A rugalmas h\u00faz\u00f3zsin\u00f3rral k\u00f6nnyen be\u00e1ll\u00edthatja a ruha hossz\u00e1t, sz\u00e9less\u00e9g\u00e9t, s\u0151t m\u00e9g az ujjak hossz\u00e1t is, \u00e9s a szoptat\u00e1s ebben a ruh\u00e1ban nem is lehetne egyszer\u0171bb. A Femme kollekci\u00f3hoz egy\u00fcttm\u0171k\u00f6dt\u00fcnk a tehets\u00e9ges illusztr\u00e1torral \u00e9s tetov\u00e1l\u00f3m\u0171v\u00e9sszel, Petya Ziackkov\u00e1val, aki gy\u00f6ny\u00f6r\u0171 illusztr\u00e1ci\u00f3kat k\u00e9sz\u00edtett ennek a ruh\u00e1nak \u00e9s a kollekci\u00f3 t\u00f6bbi darabj\u00e1nak nyomtat\u00e1s\u00e1hoz.<\/p>","protected":false},"excerpt":{"rendered":"<p><strong>UNI m\u00e9ret<\/strong><\/p>\n[video width=\"1080\" height=\"1920\" mp4=\"https:\/\/www.lama-bfc.sk\/wp-content\/uploads\/2022\/05\/Lama_2-V.1.1.mp4\"][\/video]","protected":false},"featured_media":3251,"template":"","meta":[],"product_brand":[],"product_cat":[115,62],"product_tag":[],"class_list":{"0":"post-3299","1":"product","2":"type-product","3":"status-publish","4":"has-post-thumbnail","6":"product_cat-femme","7":"product_cat-saty","8":"","10":"first","11":"outofstock","12":"sale","13":"shipping-taxable","14":"purchasable","15":"product-type-simple"},"jetpack_sharing_enabled":true,"_links":{"self":[{"href":"https:\/\/www.lama-bfc.sk\/hu\/wp-json\/wp\/v2\/product\/3299","targetHints":{"allow":["GET"]}}],"collection":[{"href":"https:\/\/www.lama-bfc.sk\/hu\/wp-json\/wp\/v2\/product"}],"about":[{"href":"https:\/\/www.lama-bfc.sk\/hu\/wp-json\/wp\/v2\/types\/product"}],"wp:featuredmedia":[{"embeddable":true,"href":"https:\/\/www.lama-bfc.sk\/hu\/wp-json\/wp\/v2\/media\/3251"}],"wp:attachment":[{"href":"https:\/\/www.lama-bfc.sk\/hu\/wp-json\/wp\/v2\/media?parent=3299"}],"wp:term":[{"taxonomy":"product_brand","embeddable":true,"href":"https:\/\/www.lama-bfc.sk\/hu\/wp-json\/wp\/v2\/product_brand?post=3299"},{"taxonomy":"product_cat","embeddable":true,"href":"https:\/\/www.lama-bfc.sk\/hu\/wp-json\/wp\/v2\/product_cat?post=3299"},{"taxonomy":"product_tag","embeddable":true,"href":"https:\/\/www.lama-bfc.sk\/hu\/wp-json\/wp\/v2\/product_tag?post=3299"}],"curies":[{"name":"wp","href":"https:\/\/api.w.org\/{rel}","templated":true}]}}