{"id":3198,"date":"2022-05-24T19:00:43","date_gmt":"2022-05-24T17:00:43","guid":{"rendered":"https:\/\/www.lama-bfc.sk\/?post_type=product&#038;p=3198"},"modified":"2025-10-23T11:26:03","modified_gmt":"2025-10-23T09:26:03","slug":"overal-alma","status":"publish","type":"product","link":"https:\/\/www.lama-bfc.sk\/hu\/termek\/alma-kismama-ruha\/","title":{"rendered":"Overall Alma"},"content":{"rendered":"<p>A mi \u00e9s k\u00fcl\u00f6n\u00f6sen az \u00d6n tavalyi kedvenc darabj\u00e1t is bevett\u00fck az idei FEMME by Lama kollekci\u00f3ba. Kicsit m\u00f3dos\u00edtottuk a szab\u00e1s\u00e1t \u00e9s a p\u00e1ntokat nyakkend\u0151v\u00e9 alak\u00edtottuk, hogy mindenki szem\u00e9lyre szabhassa. Ez egy univerz\u00e1lis m\u00e9ret. Teljes sz\u00e9less\u00e9g\u0171 anyagb\u00f3l van kiv\u00e1gva, \u00e9s a derek\u00e1n \u00f6vvel r\u00f6gz\u00fcl. A mellkason h\u00edmz\u00e9ssel kieg\u00e9sz\u00edtve. A muszlin nagyon kellemes \u00e9s l\u00e9gies anyag ny\u00e1rra, \u00e9s term\u00e9szetesen GOTS tan\u00fas\u00edtv\u00e1nnyal rendelkez\u0151 bio pamut \ud83d\ude42 .<\/p>","protected":false},"excerpt":{"rendered":"<p><strong>UNI m\u00e9ret<\/strong><\/p>\n[video width=\"1080\" height=\"1920\" mp4=\"https:\/\/www.lama-bfc.sk\/wp-content\/uploads\/2022\/05\/Lama_1-V.1.1.mp4\"][\/video]","protected":false},"featured_media":3233,"template":"","meta":[],"product_brand":[],"product_cat":[115,72],"product_tag":[95],"class_list":{"0":"post-3198","1":"product","2":"type-product","3":"status-publish","4":"has-post-thumbnail","6":"product_cat-femme","7":"product_cat-overaly","8":"product_tag-organiccotton","9":"","11":"first","12":"outofstock","13":"sale","14":"shipping-taxable","15":"purchasable","16":"product-type-simple"},"jetpack_sharing_enabled":true,"_links":{"self":[{"href":"https:\/\/www.lama-bfc.sk\/hu\/wp-json\/wp\/v2\/product\/3198","targetHints":{"allow":["GET"]}}],"collection":[{"href":"https:\/\/www.lama-bfc.sk\/hu\/wp-json\/wp\/v2\/product"}],"about":[{"href":"https:\/\/www.lama-bfc.sk\/hu\/wp-json\/wp\/v2\/types\/product"}],"wp:featuredmedia":[{"embeddable":true,"href":"https:\/\/www.lama-bfc.sk\/hu\/wp-json\/wp\/v2\/media\/3233"}],"wp:attachment":[{"href":"https:\/\/www.lama-bfc.sk\/hu\/wp-json\/wp\/v2\/media?parent=3198"}],"wp:term":[{"taxonomy":"product_brand","embeddable":true,"href":"https:\/\/www.lama-bfc.sk\/hu\/wp-json\/wp\/v2\/product_brand?post=3198"},{"taxonomy":"product_cat","embeddable":true,"href":"https:\/\/www.lama-bfc.sk\/hu\/wp-json\/wp\/v2\/product_cat?post=3198"},{"taxonomy":"product_tag","embeddable":true,"href":"https:\/\/www.lama-bfc.sk\/hu\/wp-json\/wp\/v2\/product_tag?post=3198"}],"curies":[{"name":"wp","href":"https:\/\/api.w.org\/{rel}","templated":true}]}}