{"id":3176,"date":"2022-05-24T19:02:33","date_gmt":"2022-05-24T17:02:33","guid":{"rendered":"https:\/\/www.lama-bfc.sk\/?post_type=product&#038;p=3176"},"modified":"2026-04-26T18:53:34","modified_gmt":"2026-04-26T16:53:34","slug":"lanovy-set-femme","status":"publish","type":"product","link":"https:\/\/www.lama-bfc.sk\/hu\/termek\/kotelkeszlet-femme\/","title":{"rendered":"V\u00e1szon szett FEMME"},"content":{"rendered":"<p>Magas derek\u00fa r\u00f6vidnadr\u00e1g st\u00edlusos croptoppal. El\u0151mosott v\u00e1szonb\u00f3l k\u00e9sz\u00fclt, \u00edgy ez a szett id\u00e9n ny\u00e1ron a m\u00e1sodik b\u0151r\u00f6d lesz. A lenv\u00e1szon el\u0151nyeit val\u00f3sz\u00edn\u0171leg nem kell k\u00fcl\u00f6n eml\u00edteni... de \u00edme n\u00e9h\u00e1ny. A lenv\u00e1szon term\u00e9szetes anyag, antibakteri\u00e1lis, k\u00f6nny\u0171, l\u00e9gies \u00e9s kellemesen h\u0171s\u00edt\u0151. Ez az anyag t\u00f6k\u00e9letesen kieg\u00e9sz\u00edti a fenntarthat\u00f3 anyagok csal\u00e1dj\u00e1t az \u00faj Femme by Lama kollekci\u00f3ban. A croptopot egyedi h\u00edmz\u00e9ssel d\u00edsz\u00edtett\u00fck a mellkason \u00e9s a h\u00f3naljban fedett cipz\u00e1rakkal a k\u00e9nyelmes szoptat\u00e1s \u00e9rdek\u00e9ben. A r\u00f6vidnadr\u00e1g k\u00e9nyelmes, laza szab\u00e1s\u00fa.<\/p>","protected":false},"excerpt":{"rendered":"[video width=\"1080\" height=\"1920\" mp4=\"https:\/\/www.lama-bfc.sk\/wp-content\/uploads\/2022\/05\/Lama_3-V.1.1.mp4\"][\/video]","protected":false},"featured_media":3265,"template":"","meta":[],"product_brand":[],"product_cat":[115,116],"product_tag":[],"class_list":{"0":"post-3176","1":"product","2":"type-product","3":"status-publish","4":"has-post-thumbnail","6":"product_cat-femme","7":"product_cat-sety","8":"","10":"first","11":"instock","12":"sale","13":"shipping-taxable","14":"purchasable","15":"product-type-variable"},"jetpack_sharing_enabled":true,"_links":{"self":[{"href":"https:\/\/www.lama-bfc.sk\/hu\/wp-json\/wp\/v2\/product\/3176","targetHints":{"allow":["GET"]}}],"collection":[{"href":"https:\/\/www.lama-bfc.sk\/hu\/wp-json\/wp\/v2\/product"}],"about":[{"href":"https:\/\/www.lama-bfc.sk\/hu\/wp-json\/wp\/v2\/types\/product"}],"wp:featuredmedia":[{"embeddable":true,"href":"https:\/\/www.lama-bfc.sk\/hu\/wp-json\/wp\/v2\/media\/3265"}],"wp:attachment":[{"href":"https:\/\/www.lama-bfc.sk\/hu\/wp-json\/wp\/v2\/media?parent=3176"}],"wp:term":[{"taxonomy":"product_brand","embeddable":true,"href":"https:\/\/www.lama-bfc.sk\/hu\/wp-json\/wp\/v2\/product_brand?post=3176"},{"taxonomy":"product_cat","embeddable":true,"href":"https:\/\/www.lama-bfc.sk\/hu\/wp-json\/wp\/v2\/product_cat?post=3176"},{"taxonomy":"product_tag","embeddable":true,"href":"https:\/\/www.lama-bfc.sk\/hu\/wp-json\/wp\/v2\/product_tag?post=3176"}],"curies":[{"name":"wp","href":"https:\/\/api.w.org\/{rel}","templated":true}]}}