{"id":1873,"date":"2021-03-01T10:39:02","date_gmt":"2021-03-01T09:39:02","guid":{"rendered":"https:\/\/www2.lama-bfc.sk\/?post_type=product&#038;p=1873"},"modified":"2025-08-11T12:58:45","modified_gmt":"2025-08-11T10:58:45","slug":"darcekovy-poukaz","status":"publish","type":"product","link":"https:\/\/www.lama-bfc.sk\/hu\/termek\/adomanyozoi-utalvany\/","title":{"rendered":"Aj\u00e1nd\u00e9kutalv\u00e1ny"},"content":{"rendered":"","protected":false},"excerpt":{"rendered":"<p>Ha azt tervezi, hogy megaj\u00e1nd\u00e9koz valakit a LAMA m\u0171hely valamelyik t\u00e1rgy\u00e1val, de nem tudja pontosan, hogy az illet\u0151 mit szeretne, akkor aj\u00e1nd\u00e9kutalv\u00e1nyaink pont \u00d6nnek sz\u00f3lnak. \u00d6rvendeztesse meg h\u00e1zast\u00e1rs\u00e1t, bar\u00e1tj\u00e1t vagy testv\u00e9r\u00e9t egy 15, 30, 50 vagy 100 EUR \u00e9rt\u00e9k\u0171 utalv\u00e1nnyal!<\/p>","protected":false},"featured_media":1876,"template":"","meta":[],"product_brand":[],"product_cat":[86],"product_tag":[],"class_list":{"0":"post-1873","1":"product","2":"type-product","3":"status-publish","4":"has-post-thumbnail","6":"product_cat-darcekove-poukazy","7":"","9":"first","10":"instock","11":"shipping-taxable","12":"purchasable","13":"product-type-variable"},"jetpack_sharing_enabled":true,"_links":{"self":[{"href":"https:\/\/www.lama-bfc.sk\/hu\/wp-json\/wp\/v2\/product\/1873","targetHints":{"allow":["GET"]}}],"collection":[{"href":"https:\/\/www.lama-bfc.sk\/hu\/wp-json\/wp\/v2\/product"}],"about":[{"href":"https:\/\/www.lama-bfc.sk\/hu\/wp-json\/wp\/v2\/types\/product"}],"wp:featuredmedia":[{"embeddable":true,"href":"https:\/\/www.lama-bfc.sk\/hu\/wp-json\/wp\/v2\/media\/1876"}],"wp:attachment":[{"href":"https:\/\/www.lama-bfc.sk\/hu\/wp-json\/wp\/v2\/media?parent=1873"}],"wp:term":[{"taxonomy":"product_brand","embeddable":true,"href":"https:\/\/www.lama-bfc.sk\/hu\/wp-json\/wp\/v2\/product_brand?post=1873"},{"taxonomy":"product_cat","embeddable":true,"href":"https:\/\/www.lama-bfc.sk\/hu\/wp-json\/wp\/v2\/product_cat?post=1873"},{"taxonomy":"product_tag","embeddable":true,"href":"https:\/\/www.lama-bfc.sk\/hu\/wp-json\/wp\/v2\/product_tag?post=1873"}],"curies":[{"name":"wp","href":"https:\/\/api.w.org\/{rel}","templated":true}]}}