{"id":313,"date":"2018-06-01T08:19:43","date_gmt":"2018-06-01T08:19:43","guid":{"rendered":"http:\/\/demo2.drfuri.com\/supro\/?page_id=313"},"modified":"2022-02-28T18:48:23","modified_gmt":"2022-02-28T17:48:23","slug":"contact","status":"publish","type":"page","link":"https:\/\/www.lama-bfc.sk\/hu\/kapcsolatfelvetel\/","title":{"rendered":"Kapcsolat"},"content":{"rendered":"<div class=\"wpb-content-wrapper\"><div class=\"vc_row wpb_row vc_row-fluid\"><div class=\"container\"><div class=\"row\"><div class=\"wpb_column vc_column_container vc_col-sm-12\"><div class=\"vc_column-inner\"><div class=\"wpb_wrapper\"><div class=\"supro-empty-space\" style=\"\"><div class=\"supro_empty_space_lg\"  style=\"height: 100px\"><\/div><div class=\"supro_empty_space_md\"  style=\"height: 60px\"><\/div><div class=\"supro_empty_space_xs\"  style=\"height: 60px\"><\/div><\/div><\/div><\/div><\/div><\/div><\/div><\/div><div class=\"vc_row wpb_row vc_row-fluid\"><div class=\"container\"><div class=\"row\"><div class=\"wpb_column vc_column_container vc_col-sm-12 vc_col-lg-8 vc_col-md-8\"><div class=\"vc_column-inner\"><div class=\"wpb_wrapper\">\n<div class=\"wpcf7 no-js\" id=\"wpcf7-f554-o1\" lang=\"en-US\" dir=\"ltr\" data-wpcf7-id=\"554\">\n<div class=\"screen-reader-response\"><p role=\"status\" aria-live=\"polite\" aria-atomic=\"true\"><\/p> <ul><\/ul><\/div>\n<form action=\"\/hu\/wp-json\/wp\/v2\/pages\/313#wpcf7-f554-o1\" method=\"post\" class=\"wpcf7-form init\" aria-label=\"Contact form\" novalidate=\"novalidate\" data-status=\"init\" data-trp-original-action=\"\/hu\/wp-json\/wp\/v2\/pages\/313#wpcf7-f554-o1\">\n<fieldset class=\"hidden-fields-container\"><input type=\"hidden\" name=\"_wpcf7\" value=\"554\" \/><input type=\"hidden\" name=\"_wpcf7_version\" value=\"6.1.5\" \/><input type=\"hidden\" name=\"_wpcf7_locale\" value=\"en_US\" \/><input type=\"hidden\" name=\"_wpcf7_unit_tag\" value=\"wpcf7-f554-o1\" \/><input type=\"hidden\" name=\"_wpcf7_container_post\" value=\"0\" \/><input type=\"hidden\" name=\"_wpcf7_posted_data_hash\" value=\"\" \/>\n<\/fieldset>\n<div class=\"wpcf7-turnstile cf-turnstile\" data-sitekey=\"0x4AAAAAABi8VppYGs8AJ3rf\" data-response-field-name=\"_wpcf7_turnstile_response\"><\/div>\n\n<div class=\"kontakt\">\n\t<div class=\"row\">\n\t\t<div class=\"col-md-6 col-sm-12 col-xs-12\">\n\t\t\t<p><label>N\u00e9v<span class=\"require\">*<\/span><span class=\"wpcf7-form-control-wrap\" data-name=\"your-name\"><input size=\"40\" maxlength=\"400\" class=\"wpcf7-form-control wpcf7-text wpcf7-validates-as-required\" aria-required=\"true\" aria-invalid=\"false\" value=\"\" type=\"text\" name=\"your-name\" \/><\/span><\/label>\n\t\t\t<\/p>\n\t\t<\/div>\n\t\t<div class=\"col-md-6 col-sm-12 col-xs-12\">\n\t\t\t<p><label> E-mail<span class=\"require\">*<\/span><span class=\"wpcf7-form-control-wrap\" data-name=\"your-email\"><input size=\"40\" maxlength=\"400\" class=\"wpcf7-form-control wpcf7-email wpcf7-validates-as-required wpcf7-text wpcf7-validates-as-email\" aria-required=\"true\" aria-invalid=\"false\" value=\"\" type=\"email\" name=\"your-email\" \/><\/span><\/label>\n\t\t\t<\/p>\n\t\t<\/div>\n\t\t<div class=\"col-md-12 col-sm-12 col-xs-12\">\n\t\t\t<p><label>Az \u00d6n \u00fczenete<span class=\"require\">*<\/span><span class=\"wpcf7-form-control-wrap\" data-name=\"your-message\"><textarea cols=\"40\" rows=\"10\" maxlength=\"2000\" class=\"wpcf7-form-control wpcf7-textarea wpcf7-validates-as-required\" aria-required=\"true\" aria-invalid=\"false\" name=\"your-message\"><\/textarea><\/span><\/label>\n\t\t\t<\/p>\n\t\t<\/div>\n\t\t<div class=\"col-md-12 col-sm-12 col-xs-12\">\n\t\t\t<p><input class=\"wpcf7-form-control wpcf7-submit has-spinner\" type=\"submit\" value=\"K\u00fcldje el a k\u00f6vetkez\u0151 c\u00edmre\" \/>\n\t\t\t<\/p>\n\t\t<\/div>\n\t<\/div>\n<\/div><div class=\"wpcf7-response-output\" aria-hidden=\"true\"><\/div>\n<input type=\"hidden\" name=\"trp-form-language\" value=\"hu\"\/><\/form>\n<\/div>\n<div class=\"supro-empty-space\" style=\"\"><div class=\"supro_empty_space_lg\"  style=\"height: 40px\"><\/div><div class=\"supro_empty_space_md\"  style=\"height: 40px\"><\/div><div class=\"supro_empty_space_xs\"  style=\"height: 40px\"><\/div><\/div><\/div><\/div><\/div><div class=\"wpb_column vc_column_container vc_col-sm-12 vc_col-lg-1 vc_col-md-12 vc_hidden-md vc_hidden-sm vc_hidden-xs\"><div class=\"vc_column-inner\"><div class=\"wpb_wrapper\"><\/div><\/div><\/div><div class=\"wpb_column vc_column_container vc_col-sm-12 vc_col-lg-3 vc_col-md-4\"><div class=\"vc_column-inner\"><div class=\"wpb_wrapper\"><div class=\"supro-socials socials-border text-dark\">\n\t\t\t\t\n\t\t\t<\/div><div class=\"supro-empty-space\" style=\"\"><div class=\"supro_empty_space_lg\"  style=\"height: 65px\"><\/div><div class=\"supro_empty_space_md\"  style=\"height: 40px\"><\/div><div class=\"supro_empty_space_xs\"  style=\"height: 40px\"><\/div><\/div><div class=\"supro-contact-box vertical\"><div class=\"box-wrapper\"><div class=\"contact-info localtion\"><h4 class=\"box-label\">LOCATION<\/h4>a v\u00e1llalat NEM rendelkezik \u00fczlethelyis\u00e9ggel<\/div><div class=\"contact-info phone\"><h4 class=\"box-label\">PHONE NUMBER<\/h4><b>H - P : 08:00 - 16:00<\/b><br \/>\n0907 287 430<br \/>\n0915 333 809<\/div><div class=\"contact-info email\"><h4 class=\"box-label\">EMAIL<\/h4>lamabfc@gmail.com<\/div><\/div><\/div><div class=\"supro-empty-space\" style=\"\"><div class=\"supro_empty_space_lg\"  style=\"height: 40px\"><\/div><div class=\"supro_empty_space_md\"  style=\"height: 40px\"><\/div><div class=\"supro_empty_space_xs\"  style=\"height: 40px\"><\/div><\/div><\/div><\/div><\/div><\/div><\/div><\/div><div class=\"vc_row wpb_row vc_row-fluid\"><div class=\"container\"><div class=\"row\"><div class=\"wpb_column vc_column_container vc_col-sm-12\"><div class=\"vc_column-inner\"><div class=\"wpb_wrapper\"><div class=\"supro-empty-space\" style=\"\"><div class=\"supro_empty_space_lg\"  style=\"height: 60px\"><\/div><div class=\"supro_empty_space_md\"  style=\"height: 0px\"><\/div><div class=\"supro_empty_space_xs\"  style=\"height: 0px\"><\/div><\/div><div class=\"vc_separator wpb_content_element vc_separator_align_center vc_sep_width_100 vc_sep_pos_align_center vc_separator_no_text wpb_content_element  wpb_content_element\" ><span class=\"vc_sep_holder vc_sep_holder_l\"><span style=\"border-color:#eaeaea;\" class=\"vc_sep_line\"><\/span><\/span><span class=\"vc_sep_holder vc_sep_holder_r\"><span style=\"border-color:#eaeaea;\" class=\"vc_sep_line\"><\/span><\/span>\n<\/div><div class=\"supro-empty-space\" style=\"\"><div class=\"supro_empty_space_lg\"  style=\"height: 40px\"><\/div><div class=\"supro_empty_space_md\"  style=\"height: 20px\"><\/div><div class=\"supro_empty_space_xs\"  style=\"height: 20px\"><\/div><\/div><\/div><\/div><\/div><\/div><\/div><\/div><div class=\"vc_row wpb_row vc_row-fluid\"><div class=\"container\"><div class=\"row\"><div class=\"wpb_column vc_column_container vc_col-sm-12\"><div class=\"vc_column-inner\"><div class=\"wpb_wrapper\">\n\t<div class=\"wpb_text_column wpb_content_element\" >\n\t\t<div class=\"wpb_wrapper\">\n\t\t\t<p>A weboldal \u00fczemeltet\u0151je <a href=\"https:\/\/www.lama-bfc.sk\/hu\/?wmc-currency=HUF\"><strong>www.lama-bfc.sk<\/strong><\/a> a LAMA ( Lea \u017d\u00e1kov\u00e1, Wuppert\u00e1lska 3159\/67, 040 23, Ko\u0161ice, Szlov\u00e1kia, azonos\u00edt\u00f3sz\u00e1m: 52836801, ad\u00f3sz\u00e1m: 1121427351) c\u00e9g, amelyet a Komensk\u00e9ho 52, 041 26 Ko\u0161ice, Kereskedelmi Enged\u00e9lyez\u00e9si Oszt\u00e1lyon jegyeztek be.<\/p>\n\n\t\t<\/div>\n\t<\/div>\n\n\t<div class=\"wpb_text_column wpb_content_element\" >\n\t\t<div class=\"wpb_wrapper\">\n\t\t\t<p><strong>Bankkapcsolat:\u00a0<\/strong>Sz\u00e1mlasz\u00e1m IBAN: SK26 1111 0000 0016 0697 4007, Unicredit Bank Czech Republic and Slovakia a.s., SWIFT: UNCRSKBX. <span style=\"color: #000000;\">V\u00e1ltoz\u00f3 szimb\u00f3lum: haszn\u00e1lja az elektronikus sz\u00e1mla sz\u00e1m\u00e1t.<\/span><\/p>\n\n\t\t<\/div>\n\t<\/div>\n<\/div><\/div><\/div><\/div><\/div><\/div><div class=\"vc_row wpb_row vc_row-fluid\"><div class=\"container\"><div class=\"row\"><div class=\"wpb_column vc_column_container vc_col-sm-12\"><div class=\"vc_column-inner\"><div class=\"wpb_wrapper\"><div class=\"supro-empty-space\" style=\"\"><div class=\"supro_empty_space_lg\"  style=\"height: 145px\"><\/div><div class=\"supro_empty_space_md\"  style=\"height: 100px\"><\/div><div class=\"supro_empty_space_xs\"  style=\"height: 60px\"><\/div><\/div><\/div><\/div><\/div><\/div><\/div><\/div>\n<\/div>","protected":false},"excerpt":{"rendered":"Meno* Email* Va\u0161a spr\u00e1va* LOCATIONfirma NEM\u00c1 kamenn\u00fa predaj\u0148uPHONE NUMBERPon - Pia : 08:00 - 16:00 hod. 0907 287 430 0915 333 809EMAILlamabfc@gmail.com Prev\u00e1dzkov\u00e1te\u013e internetovej str\u00e1nky www.lama-bfc.sk je spolo\u010dnos\u0165 LAMA( Lea \u017d\u00e1kov\u00e1, Wuppert\u00e1lska 3159\/67, 040 23, Ko\u0161ice, Slovensk\u00e1 republika, I\u010cO: 52836801, DI\u010c: 1121427351) zap\u00edsan\u00e1 v odbore \u017eivnostensk\u00e9ho podnikania Komensk\u00e9ho 52, 041 26 Ko\u0161ice. Bankov\u00e9 spojenie:\u00a0\u010c\u00edslo \u00fa\u010dtu [...]","protected":false},"author":24,"featured_media":0,"parent":0,"menu_order":0,"comment_status":"closed","ping_status":"closed","template":"template-fullwidth.php","meta":{"footnotes":""},"class_list":["post-313","page","type-page","status-publish","hentry","no-thumb"],"jetpack_sharing_enabled":true,"_links":{"self":[{"href":"https:\/\/www.lama-bfc.sk\/hu\/wp-json\/wp\/v2\/pages\/313","targetHints":{"allow":["GET"]}}],"collection":[{"href":"https:\/\/www.lama-bfc.sk\/hu\/wp-json\/wp\/v2\/pages"}],"about":[{"href":"https:\/\/www.lama-bfc.sk\/hu\/wp-json\/wp\/v2\/types\/page"}],"author":[{"embeddable":true,"href":"https:\/\/www.lama-bfc.sk\/hu\/wp-json\/wp\/v2\/users\/24"}],"replies":[{"embeddable":true,"href":"https:\/\/www.lama-bfc.sk\/hu\/wp-json\/wp\/v2\/comments?post=313"}],"version-history":[{"count":3,"href":"https:\/\/www.lama-bfc.sk\/hu\/wp-json\/wp\/v2\/pages\/313\/revisions"}],"predecessor-version":[{"id":3117,"href":"https:\/\/www.lama-bfc.sk\/hu\/wp-json\/wp\/v2\/pages\/313\/revisions\/3117"}],"wp:attachment":[{"href":"https:\/\/www.lama-bfc.sk\/hu\/wp-json\/wp\/v2\/media?parent=313"}],"curies":[{"name":"wp","href":"https:\/\/api.w.org\/{rel}","templated":true}]}}