{"id":311,"date":"2018-06-01T08:19:29","date_gmt":"2018-06-01T08:19:29","guid":{"rendered":"http:\/\/demo2.drfuri.com\/supro\/?page_id=311"},"modified":"2021-08-11T17:43:43","modified_gmt":"2021-08-11T15:43:43","slug":"o-nas","status":"publish","type":"page","link":"https:\/\/www.lama-bfc.sk\/hu\/rolunk\/","title":{"rendered":"R\u00f3lunk"},"content":{"rendered":"<div class=\"wpb-content-wrapper\"><div class=\"vc_row wpb_row vc_row-fluid\"><div class=\"container\"><div class=\"row\"><div class=\"wpb_column vc_column_container vc_col-sm-12\"><div class=\"vc_column-inner\"><div class=\"wpb_wrapper\"><div class=\"supro-empty-space\" style=\"\"><div class=\"supro_empty_space_lg\"  style=\"height: 150px\"><\/div><div class=\"supro_empty_space_md\"  style=\"height: 100px\"><\/div><div class=\"supro_empty_space_xs\"  style=\"height: 50px\"><\/div><\/div><\/div><\/div><\/div><\/div><\/div><\/div><div class=\"vc_row wpb_row vc_row-fluid\"><div class=\"container\"><div class=\"row\"><div class=\"wpb_column vc_column_container vc_col-sm-12 vc_col-lg-6 vc_col-md-6\"><div class=\"vc_column-inner\"><div class=\"wpb_wrapper\"><div class=\"supro-empty-space\" style=\"\"><div class=\"supro_empty_space_lg\"  style=\"height: 30px\"><\/div><div class=\"supro_empty_space_md\"  style=\"height: 30px\"><\/div><div class=\"supro_empty_space_xs\"  style=\"height: 30px\"><\/div><\/div><h5 style=\"font-size: 14px;text-align: left;letter-spacing:1px;\" class=\"vc_custom_heading primary-color supro-vc_custom_heading__1 vc_custom_1615102331964\" >R\u00d3LUNK<\/h5><style type=\"text\/css\">@media( max-width: 1024px ) {.supro-vc_custom_heading__2 { font-size : 36px !important; }}<\/style><h1 style=\"font-size: 48px;text-align: left\" class=\"vc_custom_heading remove_br_tag supro-vc_custom_heading__2 vc_custom_1628696607680\" >A LAMA egy min\u0151s\u00e9gi \u00e9s formatervez\u00e9si<br \/>\nruh\u00e1k szoptat\u00f3s any\u00e1knak<\/h1><div class=\"supro-empty-space\" style=\"\"><div class=\"supro_empty_space_lg\"  style=\"height: 60px\"><\/div><div class=\"supro_empty_space_md\"  style=\"height: 60px\"><\/div><div class=\"supro_empty_space_xs\"  style=\"height: 60px\"><\/div><\/div><div class=\"vc_row wpb_row vc_inner vc_row-fluid\"><div class=\"wpb_column vc_column_container vc_col-sm-12 vc_col-lg-2 vc_hidden-md vc_hidden-sm vc_hidden-xs\"><div class=\"vc_column-inner\"><div class=\"wpb_wrapper\">\n\t<div class=\"wpb_text_column wpb_content_element\" >\n\t\t<div class=\"wpb_wrapper\">\n\t\t\t<div style=\"background-color: #eaeaea; width: 50px; height: 2px; margin-left: 15px;\"><\/div>\n\n\t\t<\/div>\n\t<\/div>\n<\/div><\/div><\/div><div class=\"wpb_column vc_column_container vc_col-sm-12 vc_col-lg-10 vc_col-md-12\"><div class=\"vc_column-inner\"><div class=\"wpb_wrapper\">\n\t<div class=\"wpb_text_column wpb_content_element vc_custom_1615102408828 remove_br_tag\" >\n\t\t<div class=\"wpb_wrapper\">\n\t\t\t<div style=\"line-height: 1.9;\">Szlov\u00e1k m\u00e1rka , amelyet 2018-ban alap\u00edtottunk azzal a c\u00e9llal, hogy t\u00e1mogassuk a helyi termel\u00e9st. A megalakul\u00e1sa \u00f3ta minden nap kem\u00e9nyen dolgozunk, hogy \u00faj \u00e9s min\u0151s\u00e9gi term\u00e9keket hozzunk el \u00d6nnek.<\/div>\n\n\t\t<\/div>\n\t<\/div>\n<\/div><\/div><\/div><\/div><div class=\"supro-empty-space\" style=\"\"><div class=\"supro_empty_space_lg\"  style=\"height: 0px\"><\/div><div class=\"supro_empty_space_md\"  style=\"height: 0px\"><\/div><div class=\"supro_empty_space_xs\"  style=\"height: 60px\"><\/div><\/div><\/div><\/div><\/div><div class=\"wpb_column vc_column_container vc_col-sm-12 vc_col-lg-6 vc_col-md-6\"><div class=\"vc_column-inner\"><div class=\"wpb_wrapper\"><div class=\"supro-single-image supro-photo-swipe supro-right-offset  text-right\"><a href=\"https:\/\/www.lama-bfc.sk\/wp-content\/uploads\/2021\/03\/Onas_mikce.jpg\" class=\"photoswipe\" data-width=\"845\" data-height=\"500\"><img decoding=\"async\" class=\"\" src=\"https:\/\/www.lama-bfc.sk\/wp-content\/uploads\/2021\/03\/Onas_mikce.jpg\" width=\"845\" height=\"500\" alt=\"Onas_mikce\" title=\"Onas_mikce\" loading=\"lazy\" \/><\/a><\/div><\/div><\/div><\/div><\/div><\/div><\/div><div class=\"vc_row wpb_row vc_row-fluid\"><div class=\"container\"><div class=\"row\"><div class=\"wpb_column vc_column_container vc_col-sm-12\"><div class=\"vc_column-inner\"><div class=\"wpb_wrapper\"><div class=\"supro-empty-space\" style=\"\"><div class=\"supro_empty_space_lg\"  style=\"height: 150px\"><\/div><div class=\"supro_empty_space_md\"  style=\"height: 100px\"><\/div><div class=\"supro_empty_space_xs\"  style=\"height: 50px\"><\/div><\/div><\/div><\/div><\/div><\/div><\/div><\/div><div class=\"vc_row wpb_row vc_row-fluid\"><div class=\"container\"><div class=\"row\"><div class=\"wpb_column vc_column_container vc_col-sm-12 vc_col-lg-5 vc_col-md-6\"><div class=\"vc_column-inner\"><div class=\"wpb_wrapper\"><div class=\"supro-single-image supro-photo-swipe   text-left\"><a href=\"https:\/\/www.lama-bfc.sk\/wp-content\/uploads\/2021\/03\/Ada.jpg\" class=\"photoswipe\" data-width=\"470\" data-height=\"500\"><img decoding=\"async\" class=\"\" src=\"https:\/\/www.lama-bfc.sk\/wp-content\/uploads\/2021\/03\/Ada.jpg\" width=\"470\" height=\"500\" alt=\"Ada\" title=\"Ada\" loading=\"lazy\" \/><\/a><\/div><div class=\"supro-empty-space\" style=\"\"><div class=\"supro_empty_space_lg\"  style=\"height: 150px\"><\/div><div class=\"supro_empty_space_md\"  style=\"height: 100px\"><\/div><div class=\"supro_empty_space_xs\"  style=\"height: 50px\"><\/div><\/div><div class=\"supro-empty-space\" style=\"\"><div class=\"supro_empty_space_lg\"  style=\"height: 40px\"><\/div><div class=\"supro_empty_space_md\"  style=\"height: 40px\"><\/div><div class=\"supro_empty_space_xs\"  style=\"height: 40px\"><\/div><\/div><\/div><\/div><\/div><div class=\"wpb_column vc_column_container vc_col-sm-12 vc_col-lg-1 vc_col-md-12\"><div class=\"vc_column-inner\"><div class=\"wpb_wrapper\"><\/div><\/div><\/div><div class=\"wpb_column vc_column_container vc_col-sm-12 vc_col-lg-6 vc_col-md-6\"><div class=\"vc_column-inner\"><div class=\"wpb_wrapper\">\n\t<div class=\"wpb_text_column wpb_content_element\" >\n\t\t<div class=\"wpb_wrapper\">\n\t\t\t<blockquote><p>\n<cite>ADA<\/cite><span class=\"job\">Alap\u00edt\u00f3ja<\/span>\n<\/p><\/blockquote>\n\n\t\t<\/div>\n\t<\/div>\n<div class=\"supro-empty-space\" style=\"\"><div class=\"supro_empty_space_lg\"  style=\"height: 17px\"><\/div><div class=\"supro_empty_space_md\"  style=\"height: 17px\"><\/div><div class=\"supro_empty_space_xs\"  style=\"height: 17px\"><\/div><\/div>\n\t<div class=\"wpb_text_column wpb_content_element remove_br_tag\" >\n\t\t<div class=\"wpb_wrapper\">\n\t\t\t<div style=\"line-height: 1.9;\">Szia, a Llama \u00f6tlete a fiam, Timon sz\u00fclet\u00e9sekor sz\u00fcletett. Azzal, hogy magam szoptattam a fiamat, a legk\u00e9nyelmesebb megold\u00e1st kerestem magamnak \u00e9s neki is. Kor\u00e1bban nem gondoltam, hogy l\u00e9tezik olyan speci\u00e1lis ruh\u00e1zat, amely seg\u00edthet az anyuk\u00e1knak k\u00e9nyelmesen, gyorsan \u00e9s diszkr\u00e9ten szoptatni. Mivel az akkoriban a piacon kaphat\u00f3 m\u00e1rk\u00e1k nem igaz\u00e1n feleltek meg az \u00edzl\u00e9semnek, j\u00f6tt az \u00f6tlet, hogy megpr\u00f3b\u00e1lok magamnak n\u00e9h\u00e1ny meleg\u00edt\u0151t tervezni. Ez azonban nem maradt csak a pr\u00f3b\u00e1lkoz\u00e1sn\u00e1l, \u00edgy a kish\u00fagommal, Le\u00e1val egy\u00fctt megalap\u00edtottuk a Lama m\u00e1rk\u00e1t.<\/div>\n\n\t\t<\/div>\n\t<\/div>\n<div class=\"supro-empty-space\" style=\"\"><div class=\"supro_empty_space_lg\"  style=\"height: 40px\"><\/div><div class=\"supro_empty_space_md\"  style=\"height: 40px\"><\/div><div class=\"supro_empty_space_xs\"  style=\"height: 40px\"><\/div><\/div>\n\t<div class=\"wpb_text_column wpb_content_element\" >\n\t\t<div class=\"wpb_wrapper\">\n\t\t\t<div style=\"background-color: #eaeaea; width: 50px; height: 2px;\"><\/div>\n\n\t\t<\/div>\n\t<\/div>\n<div class=\"supro-empty-space\" style=\"\"><div class=\"supro_empty_space_lg\"  style=\"height: 40px\"><\/div><div class=\"supro_empty_space_md\"  style=\"height: 40px\"><\/div><div class=\"supro_empty_space_xs\"  style=\"height: 40px\"><\/div><\/div><\/div><\/div><\/div><\/div><\/div><\/div><div class=\"vc_row wpb_row vc_row-fluid\"><div class=\"container\"><div class=\"row\"><div class=\"wpb_column vc_column_container vc_col-sm-12 vc_col-lg-5 vc_col-md-6\"><div class=\"vc_column-inner\"><div class=\"wpb_wrapper\">\n\t<div class=\"wpb_text_column wpb_content_element\" >\n\t\t<div class=\"wpb_wrapper\">\n\t\t\t<blockquote><p>\n<cite>Lea<\/cite>T\u00e1rsalap\u00edt\u00f3ja a\n<\/p><\/blockquote>\n\n\t\t<\/div>\n\t<\/div>\n<div class=\"supro-empty-space\" style=\"\"><div class=\"supro_empty_space_lg\"  style=\"height: 17px\"><\/div><div class=\"supro_empty_space_md\"  style=\"height: 17px\"><\/div><div class=\"supro_empty_space_xs\"  style=\"height: 17px\"><\/div><\/div>\n\t<div class=\"wpb_text_column wpb_content_element remove_br_tag\" >\n\t\t<div class=\"wpb_wrapper\">\n\t\t\t<div style=\"line-height: 1.9;\">H\u0171, \u00e9n m\u00e9g nem vagyok anyuka, de mivel el\u00e9g kreat\u00edv l\u00e9lek vagyok, \u00e9s tetszett az \u00f6tlet, hogy a saj\u00e1t st\u00edlusomnak megfelel\u0151 ruh\u00e1kat tervezzek, amiket a j\u00f6v\u0151ben haszn\u00e1lni fogok, belev\u00e1gtam ebbe a kalandba a n\u0151v\u00e9remmel. A m\u00e1rk\u00e1nk t\u00fckr\u00f6zi a st\u00edlusunkat, a ruh\u00e1kat, amelyeket sz\u00edvesen visel\u00fcnk. Ez t\u00f6bbnyire k\u00e9nyelmes, laza, utcai viselet.<\/div>\n\n\t\t<\/div>\n\t<\/div>\n<div class=\"supro-empty-space\" style=\"\"><div class=\"supro_empty_space_lg\"  style=\"height: 40px\"><\/div><div class=\"supro_empty_space_md\"  style=\"height: 40px\"><\/div><div class=\"supro_empty_space_xs\"  style=\"height: 40px\"><\/div><\/div>\n\t<div class=\"wpb_text_column wpb_content_element\" >\n\t\t<div class=\"wpb_wrapper\">\n\t\t\t<div style=\"background-color: #eaeaea; width: 50px; height: 2px;\"><\/div>\n\n\t\t<\/div>\n\t<\/div>\n<div class=\"supro-empty-space\" style=\"\"><div class=\"supro_empty_space_lg\"  style=\"height: 40px\"><\/div><div class=\"supro_empty_space_md\"  style=\"height: 40px\"><\/div><div class=\"supro_empty_space_xs\"  style=\"height: 40px\"><\/div><\/div><\/div><\/div><\/div><div class=\"wpb_column vc_column_container vc_col-sm-12 vc_col-lg-1 vc_col-md-12\"><div class=\"vc_column-inner\"><div class=\"wpb_wrapper\"><\/div><\/div><\/div><div class=\"wpb_column vc_column_container vc_col-sm-12 vc_col-lg-6 vc_col-md-6\"><div class=\"vc_column-inner\"><div class=\"wpb_wrapper\"><div class=\"supro-single-image supro-photo-swipe   text-left\"><a href=\"https:\/\/www.lama-bfc.sk\/wp-content\/uploads\/2021\/07\/LAMA-24.jpg\" class=\"photoswipe\" data-width=\"1024\" data-height=\"1536\"><img decoding=\"async\" class=\"\" src=\"https:\/\/www.lama-bfc.sk\/wp-content\/uploads\/2021\/07\/LAMA-24-470x500.jpg\" width=\"470\" height=\"500\" alt=\"LAMA-24\" title=\"LAMA-24\" loading=\"lazy\" \/><\/a><\/div><div class=\"supro-empty-space\" style=\"\"><div class=\"supro_empty_space_lg\"  style=\"height: 40px\"><\/div><div class=\"supro_empty_space_md\"  style=\"height: 40px\"><\/div><div class=\"supro_empty_space_xs\"  style=\"height: 40px\"><\/div><\/div><\/div><\/div><\/div><\/div><\/div><\/div><div class=\"vc_row wpb_row vc_row-fluid\"><div class=\"container\"><div class=\"row\"><div class=\"wpb_column vc_column_container vc_col-sm-12\"><div class=\"vc_column-inner\"><div class=\"wpb_wrapper\"><div class=\"supro-empty-space\" style=\"\"><div class=\"supro_empty_space_lg\"  style=\"height: 95px\"><\/div><div class=\"supro_empty_space_md\"  style=\"height: 60px\"><\/div><div class=\"supro_empty_space_xs\"  style=\"height: 20px\"><\/div><\/div><\/div><\/div><\/div><\/div><\/div><\/div><div class=\"vc_row wpb_row vc_row-fluid\"><div class=\"container\"><div class=\"row\"><div class=\"wpb_column vc_column_container vc_col-sm-12 vc_col-lg-6 vc_col-md-6\"><div class=\"vc_column-inner\"><div class=\"wpb_wrapper\"><style type=\"text\/css\">@media( max-width: 1024px ) {.supro-vc_custom_heading__3 { font-size : 36px !important; }}<\/style><h2 style=\"font-size: 48px;text-align: left\" class=\"vc_custom_heading supro-vc_custom_heading__3 vc_custom_1615107300906\" >Felel\u0151s l\u00e1ma<\/h2>\n\t<div class=\"wpb_text_column wpb_content_element remove_br_tag\" >\n\t\t<div class=\"wpb_wrapper\">\n\t\t\t<div style=\"line-height: 1.9;\">\n<p>A Lama-n\u00e1l sokat t\u00f6r\u0151d\u00fcnk a term\u00e9szettel, ez\u00e9rt igyeksz\u00fcnk az eg\u00e9sz m\u00e1rk\u00e1t k\u00f6rnyezetbar\u00e1t m\u00f3don vezetni. Aki a ruhaiparban dolgozik, az nagyon j\u00f3l tudja, hogy ilyen gy\u00e1rt\u00e1s nem megy hullad\u00e9k n\u00e9lk\u00fcl, de mi igyeksz\u00fcnk minden er\u0151forr\u00e1st \u00e9s anyagot a lehet\u0151 legjobban felhaszn\u00e1lni, \u00e9s a web\u00e1ruh\u00e1zunk is teljesen m\u0171anyagmentes.<\/p>\n<p>Igyeksz\u00fcnk t\u00e1mogatni a helyi termel\u00e9st, ez\u00e9rt minden term\u00e9k\u00fcnket Szlov\u00e1ki\u00e1ban varrjuk. Gondosan v\u00e1lasztjuk ki az anyagokat, igyeksz\u00fcnk term\u00e9szetes \u00e9s fenntarthat\u00f3 anyagokat v\u00e1s\u00e1rolni, amelyek nem terhelik nagym\u00e9rt\u00e9kben a k\u00f6rnyezetet.<\/p>\n<\/div>\n\n\t\t<\/div>\n\t<\/div>\n<div class=\"supro-empty-space\" style=\"\"><div class=\"supro_empty_space_lg\"  style=\"height: 45px\"><\/div><div class=\"supro_empty_space_md\"  style=\"height: 45px\"><\/div><div class=\"supro_empty_space_xs\"  style=\"height: 45px\"><\/div><\/div>\n\t<div class=\"wpb_text_column wpb_content_element\" >\n\t\t<div class=\"wpb_wrapper\">\n\t\t\t<div style=\"background-color: #eaeaea; width: 50px; height: 2px;\"><\/div>\n\n\t\t<\/div>\n\t<\/div>\n<\/div><\/div><\/div><div class=\"wpb_column vc_column_container vc_col-sm-12 vc_col-lg-6 vc_col-md-6\"><div class=\"vc_column-inner\"><div class=\"wpb_wrapper\"><div class=\"vc_row wpb_row vc_inner vc_row-fluid\"><div class=\"wpb_column vc_column_container vc_col-sm-12 vc_col-lg-6 vc_col-md-12\"><div class=\"vc_column-inner\"><div class=\"wpb_wrapper\"><div class=\"supro-empty-space\" style=\"\"><div class=\"supro_empty_space_lg\"  style=\"height: 25px\"><\/div><div class=\"supro_empty_space_md\"  style=\"height: 10px\"><\/div><div class=\"supro_empty_space_xs\"  style=\"height: 10px\"><\/div><\/div>\n\t<div  class=\"wpb_single_image wpb_content_element vc_align_center wpb_content_element\">\n\t\t\n\t\t<figure class=\"wpb_wrapper vc_figure\">\n\t\t\t<div class=\"vc_single_image-wrapper   vc_box_border_grey\"><img decoding=\"async\" class=\"vc_single_image-img\" src=\"https:\/\/www.lama-bfc.sk\/wp-content\/uploads\/2021\/03\/eco_plastAsset-6@2x-130x130.png\" width=\"130\" height=\"130\" alt=\"eco_plastAsset 6@2x\" title=\"eco_plastAsset 6@2x\" loading=\"lazy\" \/><\/div>\n\t\t<\/figure>\n\t<\/div>\n\n\t<div class=\"wpb_text_column wpb_content_element\" >\n\t\t<div class=\"wpb_wrapper\">\n\t\t\t<p style=\"text-align: center;\"><strong>Felel\u0151s<\/strong><\/p>\n\n\t\t<\/div>\n\t<\/div>\n<div class=\"supro-empty-space\" style=\"\"><div class=\"supro_empty_space_lg\"  style=\"height: 25px\"><\/div><div class=\"supro_empty_space_md\"  style=\"height: 10px\"><\/div><div class=\"supro_empty_space_xs\"  style=\"height: 10px\"><\/div><\/div>\n\t<div  class=\"wpb_single_image wpb_content_element vc_align_center wpb_content_element\">\n\t\t\n\t\t<figure class=\"wpb_wrapper vc_figure\">\n\t\t\t<div class=\"vc_single_image-wrapper   vc_box_border_grey\"><img decoding=\"async\" class=\"vc_single_image-img\" src=\"https:\/\/www.lama-bfc.sk\/wp-content\/uploads\/2021\/03\/eco_friendlyAsset-2@2x-130x130.png\" width=\"130\" height=\"130\" alt=\"k\u00f6rnyezetbar\u00e1t eszk\u00f6z 2@2x\" title=\"k\u00f6rnyezetbar\u00e1t eszk\u00f6z 2@2x\" loading=\"lazy\" \/><\/div>\n\t\t<\/figure>\n\t<\/div>\n\n\t<div class=\"wpb_text_column wpb_content_element\" >\n\t\t<div class=\"wpb_wrapper\">\n\t\t\t<p style=\"text-align: center;\"><strong>K\u00f6rnyezetv\u00e9delmi szempontb\u00f3l<\/strong><\/p>\n\n\t\t<\/div>\n\t<\/div>\n<\/div><\/div><\/div><div class=\"wpb_column vc_column_container vc_col-sm-12 vc_col-lg-6 vc_col-md-12\"><div class=\"vc_column-inner\"><div class=\"wpb_wrapper\"><div class=\"supro-empty-space\" style=\"\"><div class=\"supro_empty_space_lg\"  style=\"height: 25px\"><\/div><div class=\"supro_empty_space_md\"  style=\"height: 10px\"><\/div><div class=\"supro_empty_space_xs\"  style=\"height: 10px\"><\/div><\/div>\n\t<div  class=\"wpb_single_image wpb_content_element vc_align_center wpb_content_element\">\n\t\t\n\t\t<figure class=\"wpb_wrapper vc_figure\">\n\t\t\t<div class=\"vc_single_image-wrapper   vc_box_border_grey\"><img decoding=\"async\" class=\"vc_single_image-img\" src=\"https:\/\/www.lama-bfc.sk\/wp-content\/uploads\/2021\/03\/eco_slowAsset-5@2x-130x130.png\" width=\"130\" height=\"130\" alt=\"eco_slowAsset 5@2x\" title=\"eco_slowAsset 5@2x\" loading=\"lazy\" \/><\/div>\n\t\t<\/figure>\n\t<\/div>\n\n\t<div class=\"wpb_text_column wpb_content_element\" >\n\t\t<div class=\"wpb_wrapper\">\n\t\t\t<p style=\"text-align: center;\"><strong>Utolj\u00e1ra<\/strong><\/p>\n\n\t\t<\/div>\n\t<\/div>\n<div class=\"supro-empty-space\" style=\"\"><div class=\"supro_empty_space_lg\"  style=\"height: 25px\"><\/div><div class=\"supro_empty_space_md\"  style=\"height: 10px\"><\/div><div class=\"supro_empty_space_xs\"  style=\"height: 10px\"><\/div><\/div>\n\t<div  class=\"wpb_single_image wpb_content_element vc_align_center wpb_content_element\">\n\t\t\n\t\t<figure class=\"wpb_wrapper vc_figure\">\n\t\t\t<div class=\"vc_single_image-wrapper   vc_box_border_grey\"><img decoding=\"async\" class=\"vc_single_image-img\" src=\"https:\/\/www.lama-bfc.sk\/wp-content\/uploads\/2021\/03\/eco_localAsset-4@2x-130x130.png\" width=\"130\" height=\"130\" alt=\"eco_localAsset 4@2x\" title=\"eco_localAsset 4@2x\" loading=\"lazy\" \/><\/div>\n\t\t<\/figure>\n\t<\/div>\n\n\t<div class=\"wpb_text_column wpb_content_element\" >\n\t\t<div class=\"wpb_wrapper\">\n\t\t\t<p style=\"text-align: center;\"><strong>Helyileg<\/strong><\/p>\n\n\t\t<\/div>\n\t<\/div>\n<\/div><\/div><\/div><\/div><div class=\"supro-empty-space\" style=\"\"><div class=\"supro_empty_space_lg\"  style=\"height: 50px\"><\/div><div class=\"supro_empty_space_md\"  style=\"height: 0px\"><\/div><div class=\"supro_empty_space_xs\"  style=\"height: 0px\"><\/div><\/div><\/div><\/div><\/div><\/div><\/div><\/div><div class=\"vc_row wpb_row vc_row-fluid\"><div class=\"container\"><div class=\"row\"><div class=\"wpb_column vc_column_container vc_col-sm-12\"><div class=\"vc_column-inner\"><div class=\"wpb_wrapper\"><div class=\"supro-empty-space\" style=\"\"><div class=\"supro_empty_space_lg\"  style=\"height: 50px\"><\/div><div class=\"supro_empty_space_md\"  style=\"height: 50px\"><\/div><div class=\"supro_empty_space_xs\"  style=\"height: 50px\"><\/div><\/div><style type=\"text\/css\">@media( max-width: 1024px ) {.supro-vc_custom_heading__4 { line-height : 1.3 !important; }}<\/style><h2 style=\"font-size: 30px;line-height: 1.6;text-align: center;font-weight:600;\" class=\"vc_custom_heading remove_br_tag supro-vc_custom_heading__4 vc_custom_1615103897668\" >\u00c9s szeretn\u00e9nk megk\u00f6sz\u00f6nni, hogy a m\u00e1rk\u00e1nk nem maradt meg az els\u0151 protot\u00edpusn\u00e1l, \u00e9s hogy nektek k\u00f6sz\u00f6nhet\u0151en tov\u00e1bb tudunk fejl\u0151dni.<\/p>\n<p>Az L-A-MA<\/h2><\/div><\/div><\/div><\/div><\/div><\/div><div class=\"vc_row wpb_row vc_row-fluid\"><div class=\"container\"><div class=\"row\"><div class=\"wpb_column vc_column_container vc_col-sm-12\"><div class=\"vc_column-inner\"><div class=\"wpb_wrapper\"><div class=\"supro-empty-space\" style=\"\"><div class=\"supro_empty_space_lg\"  style=\"height: 50px\"><\/div><div class=\"supro_empty_space_md\"  style=\"height: 50px\"><\/div><div class=\"supro_empty_space_xs\"  style=\"height: 50px\"><\/div><\/div><\/div><\/div><\/div><\/div><\/div><\/div>\n<\/div>","protected":false},"excerpt":{"rendered":"O N\u00c1SLAMA je kvalitn\u00e9 a dizajnov\u00e9 oble\u010denie pre doj\u010diace mami\u010dky Slovensk\u00e1 zna\u010dka , ktor\u00fa sme v roku 2018\u00a0zalo\u017eili s\u00a0v\u00edziou podpori\u0165 lok\u00e1lnu v\u00fdrobu. Od jej zalo\u017eenia ka\u017ed\u00fd de\u0148 tvrdo pracujeme na tom, aby sme v\u00e1m prin\u00e1\u0161ali nov\u00e9 a\u00a0kvalitn\u00e9 produkty. A\u010eAZakladate\u013eka Ahojte, cel\u00e1 idea Lamy vznikla naroden\u00edm m\u00f4jho syna Timona. T\u00fdm, \u017ee som sama syna doj\u010dila, h\u013eadala [...]","protected":false},"author":24,"featured_media":0,"parent":0,"menu_order":0,"comment_status":"closed","ping_status":"closed","template":"template-fullwidth.php","meta":{"footnotes":""},"class_list":["post-311","page","type-page","status-publish","hentry","no-thumb"],"jetpack_sharing_enabled":true,"_links":{"self":[{"href":"https:\/\/www.lama-bfc.sk\/hu\/wp-json\/wp\/v2\/pages\/311","targetHints":{"allow":["GET"]}}],"collection":[{"href":"https:\/\/www.lama-bfc.sk\/hu\/wp-json\/wp\/v2\/pages"}],"about":[{"href":"https:\/\/www.lama-bfc.sk\/hu\/wp-json\/wp\/v2\/types\/page"}],"author":[{"embeddable":true,"href":"https:\/\/www.lama-bfc.sk\/hu\/wp-json\/wp\/v2\/users\/24"}],"replies":[{"embeddable":true,"href":"https:\/\/www.lama-bfc.sk\/hu\/wp-json\/wp\/v2\/comments?post=311"}],"version-history":[{"count":17,"href":"https:\/\/www.lama-bfc.sk\/hu\/wp-json\/wp\/v2\/pages\/311\/revisions"}],"predecessor-version":[{"id":2836,"href":"https:\/\/www.lama-bfc.sk\/hu\/wp-json\/wp\/v2\/pages\/311\/revisions\/2836"}],"wp:attachment":[{"href":"https:\/\/www.lama-bfc.sk\/hu\/wp-json\/wp\/v2\/media?parent=311"}],"curies":[{"name":"wp","href":"https:\/\/api.w.org\/{rel}","templated":true}]}}