{"id":311,"date":"2018-06-01T08:19:29","date_gmt":"2018-06-01T08:19:29","guid":{"rendered":"http:\/\/demo2.drfuri.com\/supro\/?page_id=311"},"modified":"2021-08-11T17:43:43","modified_gmt":"2021-08-11T15:43:43","slug":"o-nas","status":"publish","type":"page","link":"https:\/\/www.lama-bfc.sk\/en\/about-us\/","title":{"rendered":"About us"},"content":{"rendered":"<div class=\"wpb-content-wrapper\"><div class=\"vc_row wpb_row vc_row-fluid\"><div class=\"container\"><div class=\"row\"><div class=\"wpb_column vc_column_container vc_col-sm-12\"><div class=\"vc_column-inner\"><div class=\"wpb_wrapper\"><div class=\"supro-empty-space\" style=\"\"><div class=\"supro_empty_space_lg\"  style=\"height: 150px\"><\/div><div class=\"supro_empty_space_md\"  style=\"height: 100px\"><\/div><div class=\"supro_empty_space_xs\"  style=\"height: 50px\"><\/div><\/div><\/div><\/div><\/div><\/div><\/div><\/div><div class=\"vc_row wpb_row vc_row-fluid\"><div class=\"container\"><div class=\"row\"><div class=\"wpb_column vc_column_container vc_col-sm-12 vc_col-lg-6 vc_col-md-6\"><div class=\"vc_column-inner\"><div class=\"wpb_wrapper\"><div class=\"supro-empty-space\" style=\"\"><div class=\"supro_empty_space_lg\"  style=\"height: 30px\"><\/div><div class=\"supro_empty_space_md\"  style=\"height: 30px\"><\/div><div class=\"supro_empty_space_xs\"  style=\"height: 30px\"><\/div><\/div><h5 style=\"font-size: 14px;text-align: left;letter-spacing:1px;\" class=\"vc_custom_heading primary-color supro-vc_custom_heading__1 vc_custom_1615102331964\" >ABOUT US<\/h5><style type=\"text\/css\">@media( max-width: 1024px ) {.supro-vc_custom_heading__2 { font-size : 36px !important; }}<\/style><h1 style=\"font-size: 48px;text-align: left\" class=\"vc_custom_heading remove_br_tag supro-vc_custom_heading__2 vc_custom_1628696607680\" >LAMA is a quality and design<br \/>\nclothes for breastfeeding mothers<\/h1><div class=\"supro-empty-space\" style=\"\"><div class=\"supro_empty_space_lg\"  style=\"height: 60px\"><\/div><div class=\"supro_empty_space_md\"  style=\"height: 60px\"><\/div><div class=\"supro_empty_space_xs\"  style=\"height: 60px\"><\/div><\/div><div class=\"vc_row wpb_row vc_inner vc_row-fluid\"><div class=\"wpb_column vc_column_container vc_col-sm-12 vc_col-lg-2 vc_hidden-md vc_hidden-sm vc_hidden-xs\"><div class=\"vc_column-inner\"><div class=\"wpb_wrapper\">\n\t<div class=\"wpb_text_column wpb_content_element\" >\n\t\t<div class=\"wpb_wrapper\">\n\t\t\t<div style=\"background-color: #eaeaea; width: 50px; height: 2px; margin-left: 15px;\"><\/div>\n\n\t\t<\/div>\n\t<\/div>\n<\/div><\/div><\/div><div class=\"wpb_column vc_column_container vc_col-sm-12 vc_col-lg-10 vc_col-md-12\"><div class=\"vc_column-inner\"><div class=\"wpb_wrapper\">\n\t<div class=\"wpb_text_column wpb_content_element vc_custom_1615102408828 remove_br_tag\" >\n\t\t<div class=\"wpb_wrapper\">\n\t\t\t<div style=\"line-height: 1.9;\">Slovak brand , which we founded in 2018 with the vision to support local production. Since its inception, we have been working hard every day to bring you new and quality products.<\/div>\n\n\t\t<\/div>\n\t<\/div>\n<\/div><\/div><\/div><\/div><div class=\"supro-empty-space\" style=\"\"><div class=\"supro_empty_space_lg\"  style=\"height: 0px\"><\/div><div class=\"supro_empty_space_md\"  style=\"height: 0px\"><\/div><div class=\"supro_empty_space_xs\"  style=\"height: 60px\"><\/div><\/div><\/div><\/div><\/div><div class=\"wpb_column vc_column_container vc_col-sm-12 vc_col-lg-6 vc_col-md-6\"><div class=\"vc_column-inner\"><div class=\"wpb_wrapper\"><div class=\"supro-single-image supro-photo-swipe supro-right-offset  text-right\"><a href=\"https:\/\/www.lama-bfc.sk\/wp-content\/uploads\/2021\/03\/Onas_mikce.jpg\" class=\"photoswipe\" data-width=\"845\" data-height=\"500\"><img decoding=\"async\" class=\"\" src=\"https:\/\/www.lama-bfc.sk\/wp-content\/uploads\/2021\/03\/Onas_mikce.jpg\" width=\"845\" height=\"500\" alt=\"Onas_mikce\" title=\"Onas_mikce\" loading=\"lazy\" \/><\/a><\/div><\/div><\/div><\/div><\/div><\/div><\/div><div class=\"vc_row wpb_row vc_row-fluid\"><div class=\"container\"><div class=\"row\"><div class=\"wpb_column vc_column_container vc_col-sm-12\"><div class=\"vc_column-inner\"><div class=\"wpb_wrapper\"><div class=\"supro-empty-space\" style=\"\"><div class=\"supro_empty_space_lg\"  style=\"height: 150px\"><\/div><div class=\"supro_empty_space_md\"  style=\"height: 100px\"><\/div><div class=\"supro_empty_space_xs\"  style=\"height: 50px\"><\/div><\/div><\/div><\/div><\/div><\/div><\/div><\/div><div class=\"vc_row wpb_row vc_row-fluid\"><div class=\"container\"><div class=\"row\"><div class=\"wpb_column vc_column_container vc_col-sm-12 vc_col-lg-5 vc_col-md-6\"><div class=\"vc_column-inner\"><div class=\"wpb_wrapper\"><div class=\"supro-single-image supro-photo-swipe   text-left\"><a href=\"https:\/\/www.lama-bfc.sk\/wp-content\/uploads\/2021\/03\/Ada.jpg\" class=\"photoswipe\" data-width=\"470\" data-height=\"500\"><img decoding=\"async\" class=\"\" src=\"https:\/\/www.lama-bfc.sk\/wp-content\/uploads\/2021\/03\/Ada.jpg\" width=\"470\" height=\"500\" alt=\"Ada\" title=\"Ada\" loading=\"lazy\" \/><\/a><\/div><div class=\"supro-empty-space\" style=\"\"><div class=\"supro_empty_space_lg\"  style=\"height: 150px\"><\/div><div class=\"supro_empty_space_md\"  style=\"height: 100px\"><\/div><div class=\"supro_empty_space_xs\"  style=\"height: 50px\"><\/div><\/div><div class=\"supro-empty-space\" style=\"\"><div class=\"supro_empty_space_lg\"  style=\"height: 40px\"><\/div><div class=\"supro_empty_space_md\"  style=\"height: 40px\"><\/div><div class=\"supro_empty_space_xs\"  style=\"height: 40px\"><\/div><\/div><\/div><\/div><\/div><div class=\"wpb_column vc_column_container vc_col-sm-12 vc_col-lg-1 vc_col-md-12\"><div class=\"vc_column-inner\"><div class=\"wpb_wrapper\"><\/div><\/div><\/div><div class=\"wpb_column vc_column_container vc_col-sm-12 vc_col-lg-6 vc_col-md-6\"><div class=\"vc_column-inner\"><div class=\"wpb_wrapper\">\n\t<div class=\"wpb_text_column wpb_content_element\" >\n\t\t<div class=\"wpb_wrapper\">\n\t\t\t<blockquote><p>\n<cite>ADA<\/cite><span class=\"job\">Founder of<\/span>\n<\/p><\/blockquote>\n\n\t\t<\/div>\n\t<\/div>\n<div class=\"supro-empty-space\" style=\"\"><div class=\"supro_empty_space_lg\"  style=\"height: 17px\"><\/div><div class=\"supro_empty_space_md\"  style=\"height: 17px\"><\/div><div class=\"supro_empty_space_xs\"  style=\"height: 17px\"><\/div><\/div>\n\t<div class=\"wpb_text_column wpb_content_element remove_br_tag\" >\n\t\t<div class=\"wpb_wrapper\">\n\t\t\t<div style=\"line-height: 1.9;\">Hi, the whole idea of Llama came about with the birth of my son Timon. By breastfeeding my son myself, I was looking for the most comfortable solution for myself and for him. I never thought before that there is some special clothing that can help moms breastfeed comfortably, quickly and discreetly. Since the brands that were available in the market at that time were not quite to my taste, I got the idea to try designing some sweatshirts for myself. However, it didn't just stay with trying and so together with my younger sister Lea, I started the brand Lama.<\/div>\n\n\t\t<\/div>\n\t<\/div>\n<div class=\"supro-empty-space\" style=\"\"><div class=\"supro_empty_space_lg\"  style=\"height: 40px\"><\/div><div class=\"supro_empty_space_md\"  style=\"height: 40px\"><\/div><div class=\"supro_empty_space_xs\"  style=\"height: 40px\"><\/div><\/div>\n\t<div class=\"wpb_text_column wpb_content_element\" >\n\t\t<div class=\"wpb_wrapper\">\n\t\t\t<div style=\"background-color: #eaeaea; width: 50px; height: 2px;\"><\/div>\n\n\t\t<\/div>\n\t<\/div>\n<div class=\"supro-empty-space\" style=\"\"><div class=\"supro_empty_space_lg\"  style=\"height: 40px\"><\/div><div class=\"supro_empty_space_md\"  style=\"height: 40px\"><\/div><div class=\"supro_empty_space_xs\"  style=\"height: 40px\"><\/div><\/div><\/div><\/div><\/div><\/div><\/div><\/div><div class=\"vc_row wpb_row vc_row-fluid\"><div class=\"container\"><div class=\"row\"><div class=\"wpb_column vc_column_container vc_col-sm-12 vc_col-lg-5 vc_col-md-6\"><div class=\"vc_column-inner\"><div class=\"wpb_wrapper\">\n\t<div class=\"wpb_text_column wpb_content_element\" >\n\t\t<div class=\"wpb_wrapper\">\n\t\t\t<blockquote><p>\n<cite>Lea<\/cite>Co-founder of\n<\/p><\/blockquote>\n\n\t\t<\/div>\n\t<\/div>\n<div class=\"supro-empty-space\" style=\"\"><div class=\"supro_empty_space_lg\"  style=\"height: 17px\"><\/div><div class=\"supro_empty_space_md\"  style=\"height: 17px\"><\/div><div class=\"supro_empty_space_xs\"  style=\"height: 17px\"><\/div><\/div>\n\t<div class=\"wpb_text_column wpb_content_element remove_br_tag\" >\n\t\t<div class=\"wpb_wrapper\">\n\t\t\t<div style=\"line-height: 1.9;\">Wow, I'm not a mom yet, but since I'm a pretty creative soul and I liked the idea of designing clothes according to my own style, which I will use in the future, I embarked on this adventure with my sister. Our brand mirrors our style of clothing that we like to wear. It's mostly comfortable, loose, street wear.<\/div>\n\n\t\t<\/div>\n\t<\/div>\n<div class=\"supro-empty-space\" style=\"\"><div class=\"supro_empty_space_lg\"  style=\"height: 40px\"><\/div><div class=\"supro_empty_space_md\"  style=\"height: 40px\"><\/div><div class=\"supro_empty_space_xs\"  style=\"height: 40px\"><\/div><\/div>\n\t<div class=\"wpb_text_column wpb_content_element\" >\n\t\t<div class=\"wpb_wrapper\">\n\t\t\t<div style=\"background-color: #eaeaea; width: 50px; height: 2px;\"><\/div>\n\n\t\t<\/div>\n\t<\/div>\n<div class=\"supro-empty-space\" style=\"\"><div class=\"supro_empty_space_lg\"  style=\"height: 40px\"><\/div><div class=\"supro_empty_space_md\"  style=\"height: 40px\"><\/div><div class=\"supro_empty_space_xs\"  style=\"height: 40px\"><\/div><\/div><\/div><\/div><\/div><div class=\"wpb_column vc_column_container vc_col-sm-12 vc_col-lg-1 vc_col-md-12\"><div class=\"vc_column-inner\"><div class=\"wpb_wrapper\"><\/div><\/div><\/div><div class=\"wpb_column vc_column_container vc_col-sm-12 vc_col-lg-6 vc_col-md-6\"><div class=\"vc_column-inner\"><div class=\"wpb_wrapper\"><div class=\"supro-single-image supro-photo-swipe   text-left\"><a href=\"https:\/\/www.lama-bfc.sk\/wp-content\/uploads\/2021\/07\/LAMA-24.jpg\" class=\"photoswipe\" data-width=\"1024\" data-height=\"1536\"><img decoding=\"async\" class=\"\" src=\"https:\/\/www.lama-bfc.sk\/wp-content\/uploads\/2021\/07\/LAMA-24-470x500.jpg\" width=\"470\" height=\"500\" alt=\"LAMA-24\" title=\"LAMA-24\" loading=\"lazy\" \/><\/a><\/div><div class=\"supro-empty-space\" style=\"\"><div class=\"supro_empty_space_lg\"  style=\"height: 40px\"><\/div><div class=\"supro_empty_space_md\"  style=\"height: 40px\"><\/div><div class=\"supro_empty_space_xs\"  style=\"height: 40px\"><\/div><\/div><\/div><\/div><\/div><\/div><\/div><\/div><div class=\"vc_row wpb_row vc_row-fluid\"><div class=\"container\"><div class=\"row\"><div class=\"wpb_column vc_column_container vc_col-sm-12\"><div class=\"vc_column-inner\"><div class=\"wpb_wrapper\"><div class=\"supro-empty-space\" style=\"\"><div class=\"supro_empty_space_lg\"  style=\"height: 95px\"><\/div><div class=\"supro_empty_space_md\"  style=\"height: 60px\"><\/div><div class=\"supro_empty_space_xs\"  style=\"height: 20px\"><\/div><\/div><\/div><\/div><\/div><\/div><\/div><\/div><div class=\"vc_row wpb_row vc_row-fluid\"><div class=\"container\"><div class=\"row\"><div class=\"wpb_column vc_column_container vc_col-sm-12 vc_col-lg-6 vc_col-md-6\"><div class=\"vc_column-inner\"><div class=\"wpb_wrapper\"><style type=\"text\/css\">@media( max-width: 1024px ) {.supro-vc_custom_heading__3 { font-size : 36px !important; }}<\/style><h2 style=\"font-size: 48px;text-align: left\" class=\"vc_custom_heading supro-vc_custom_heading__3 vc_custom_1615107300906\" >Responsible Lama<\/h2>\n\t<div class=\"wpb_text_column wpb_content_element remove_br_tag\" >\n\t\t<div class=\"wpb_wrapper\">\n\t\t\t<div style=\"line-height: 1.9;\">\n<p>At Lama, we care a lot about nature and that's why we try to lead the whole brand in an eco-friendly way. Anyone who works in the clothing industry knows very well that such production cannot be done without waste, but we try to use all resources and materials as much as possible and our e-shop is also completely plastic-free.<\/p>\n<p>We strive to support local production, which is why all our products are sewn in Slovakia. We choose our fabrics carefully, we try to buy natural and sustainable materials that do not have a big impact on the environment.<\/p>\n<\/div>\n\n\t\t<\/div>\n\t<\/div>\n<div class=\"supro-empty-space\" style=\"\"><div class=\"supro_empty_space_lg\"  style=\"height: 45px\"><\/div><div class=\"supro_empty_space_md\"  style=\"height: 45px\"><\/div><div class=\"supro_empty_space_xs\"  style=\"height: 45px\"><\/div><\/div>\n\t<div class=\"wpb_text_column wpb_content_element\" >\n\t\t<div class=\"wpb_wrapper\">\n\t\t\t<div style=\"background-color: #eaeaea; width: 50px; height: 2px;\"><\/div>\n\n\t\t<\/div>\n\t<\/div>\n<\/div><\/div><\/div><div class=\"wpb_column vc_column_container vc_col-sm-12 vc_col-lg-6 vc_col-md-6\"><div class=\"vc_column-inner\"><div class=\"wpb_wrapper\"><div class=\"vc_row wpb_row vc_inner vc_row-fluid\"><div class=\"wpb_column vc_column_container vc_col-sm-12 vc_col-lg-6 vc_col-md-12\"><div class=\"vc_column-inner\"><div class=\"wpb_wrapper\"><div class=\"supro-empty-space\" style=\"\"><div class=\"supro_empty_space_lg\"  style=\"height: 25px\"><\/div><div class=\"supro_empty_space_md\"  style=\"height: 10px\"><\/div><div class=\"supro_empty_space_xs\"  style=\"height: 10px\"><\/div><\/div>\n\t<div  class=\"wpb_single_image wpb_content_element vc_align_center wpb_content_element\">\n\t\t\n\t\t<figure class=\"wpb_wrapper vc_figure\">\n\t\t\t<div class=\"vc_single_image-wrapper   vc_box_border_grey\"><img decoding=\"async\" class=\"vc_single_image-img\" src=\"https:\/\/www.lama-bfc.sk\/wp-content\/uploads\/2021\/03\/eco_plastAsset-6@2x-130x130.png\" width=\"130\" height=\"130\" alt=\"eco_plastAsset 6@2x\" title=\"eco_plastAsset 6@2x\" loading=\"lazy\" \/><\/div>\n\t\t<\/figure>\n\t<\/div>\n\n\t<div class=\"wpb_text_column wpb_content_element\" >\n\t\t<div class=\"wpb_wrapper\">\n\t\t\t<p style=\"text-align: center;\"><strong>Responsible<\/strong><\/p>\n\n\t\t<\/div>\n\t<\/div>\n<div class=\"supro-empty-space\" style=\"\"><div class=\"supro_empty_space_lg\"  style=\"height: 25px\"><\/div><div class=\"supro_empty_space_md\"  style=\"height: 10px\"><\/div><div class=\"supro_empty_space_xs\"  style=\"height: 10px\"><\/div><\/div>\n\t<div  class=\"wpb_single_image wpb_content_element vc_align_center wpb_content_element\">\n\t\t\n\t\t<figure class=\"wpb_wrapper vc_figure\">\n\t\t\t<div class=\"vc_single_image-wrapper   vc_box_border_grey\"><img decoding=\"async\" class=\"vc_single_image-img\" src=\"https:\/\/www.lama-bfc.sk\/wp-content\/uploads\/2021\/03\/eco_friendlyAsset-2@2x-130x130.png\" width=\"130\" height=\"130\" alt=\"eco_friendlyAsset 2@2x\" title=\"eco_friendlyAsset 2@2x\" loading=\"lazy\" \/><\/div>\n\t\t<\/figure>\n\t<\/div>\n\n\t<div class=\"wpb_text_column wpb_content_element\" >\n\t\t<div class=\"wpb_wrapper\">\n\t\t\t<p style=\"text-align: center;\"><strong>Environmentally<\/strong><\/p>\n\n\t\t<\/div>\n\t<\/div>\n<\/div><\/div><\/div><div class=\"wpb_column vc_column_container vc_col-sm-12 vc_col-lg-6 vc_col-md-12\"><div class=\"vc_column-inner\"><div class=\"wpb_wrapper\"><div class=\"supro-empty-space\" style=\"\"><div class=\"supro_empty_space_lg\"  style=\"height: 25px\"><\/div><div class=\"supro_empty_space_md\"  style=\"height: 10px\"><\/div><div class=\"supro_empty_space_xs\"  style=\"height: 10px\"><\/div><\/div>\n\t<div  class=\"wpb_single_image wpb_content_element vc_align_center wpb_content_element\">\n\t\t\n\t\t<figure class=\"wpb_wrapper vc_figure\">\n\t\t\t<div class=\"vc_single_image-wrapper   vc_box_border_grey\"><img decoding=\"async\" class=\"vc_single_image-img\" src=\"https:\/\/www.lama-bfc.sk\/wp-content\/uploads\/2021\/03\/eco_slowAsset-5@2x-130x130.png\" width=\"130\" height=\"130\" alt=\"eco_slowAsset 5@2x\" title=\"eco_slowAsset 5@2x\" loading=\"lazy\" \/><\/div>\n\t\t<\/figure>\n\t<\/div>\n\n\t<div class=\"wpb_text_column wpb_content_element\" >\n\t\t<div class=\"wpb_wrapper\">\n\t\t\t<p style=\"text-align: center;\"><strong>To last<\/strong><\/p>\n\n\t\t<\/div>\n\t<\/div>\n<div class=\"supro-empty-space\" style=\"\"><div class=\"supro_empty_space_lg\"  style=\"height: 25px\"><\/div><div class=\"supro_empty_space_md\"  style=\"height: 10px\"><\/div><div class=\"supro_empty_space_xs\"  style=\"height: 10px\"><\/div><\/div>\n\t<div  class=\"wpb_single_image wpb_content_element vc_align_center wpb_content_element\">\n\t\t\n\t\t<figure class=\"wpb_wrapper vc_figure\">\n\t\t\t<div class=\"vc_single_image-wrapper   vc_box_border_grey\"><img decoding=\"async\" class=\"vc_single_image-img\" src=\"https:\/\/www.lama-bfc.sk\/wp-content\/uploads\/2021\/03\/eco_localAsset-4@2x-130x130.png\" width=\"130\" height=\"130\" alt=\"eco_localAsset 4@2x\" title=\"eco_localAsset 4@2x\" loading=\"lazy\" \/><\/div>\n\t\t<\/figure>\n\t<\/div>\n\n\t<div class=\"wpb_text_column wpb_content_element\" >\n\t\t<div class=\"wpb_wrapper\">\n\t\t\t<p style=\"text-align: center;\"><strong>Locally<\/strong><\/p>\n\n\t\t<\/div>\n\t<\/div>\n<\/div><\/div><\/div><\/div><div class=\"supro-empty-space\" style=\"\"><div class=\"supro_empty_space_lg\"  style=\"height: 50px\"><\/div><div class=\"supro_empty_space_md\"  style=\"height: 0px\"><\/div><div class=\"supro_empty_space_xs\"  style=\"height: 0px\"><\/div><\/div><\/div><\/div><\/div><\/div><\/div><\/div><div class=\"vc_row wpb_row vc_row-fluid\"><div class=\"container\"><div class=\"row\"><div class=\"wpb_column vc_column_container vc_col-sm-12\"><div class=\"vc_column-inner\"><div class=\"wpb_wrapper\"><div class=\"supro-empty-space\" style=\"\"><div class=\"supro_empty_space_lg\"  style=\"height: 50px\"><\/div><div class=\"supro_empty_space_md\"  style=\"height: 50px\"><\/div><div class=\"supro_empty_space_xs\"  style=\"height: 50px\"><\/div><\/div><style type=\"text\/css\">@media( max-width: 1024px ) {.supro-vc_custom_heading__4 { line-height : 1.3 !important; }}<\/style><h2 style=\"font-size: 30px;line-height: 1.6;text-align: center;font-weight:600;\" class=\"vc_custom_heading remove_br_tag supro-vc_custom_heading__4 vc_custom_1615103897668\" >And we want to thank you that our brand didn't just stay with the first prototype and that thanks to you we can continue to grow.<\/p>\n<p>Your L-A-MA<\/h2><\/div><\/div><\/div><\/div><\/div><\/div><div class=\"vc_row wpb_row vc_row-fluid\"><div class=\"container\"><div class=\"row\"><div class=\"wpb_column vc_column_container vc_col-sm-12\"><div class=\"vc_column-inner\"><div class=\"wpb_wrapper\"><div class=\"supro-empty-space\" style=\"\"><div class=\"supro_empty_space_lg\"  style=\"height: 50px\"><\/div><div class=\"supro_empty_space_md\"  style=\"height: 50px\"><\/div><div class=\"supro_empty_space_xs\"  style=\"height: 50px\"><\/div><\/div><\/div><\/div><\/div><\/div><\/div><\/div>\n<\/div>","protected":false},"excerpt":{"rendered":"O N\u00c1SLAMA je kvalitn\u00e9 a dizajnov\u00e9 oble\u010denie pre doj\u010diace mami\u010dky Slovensk\u00e1 zna\u010dka , ktor\u00fa sme v roku 2018\u00a0zalo\u017eili s\u00a0v\u00edziou podpori\u0165 lok\u00e1lnu v\u00fdrobu. Od jej zalo\u017eenia ka\u017ed\u00fd de\u0148 tvrdo pracujeme na tom, aby sme v\u00e1m prin\u00e1\u0161ali nov\u00e9 a\u00a0kvalitn\u00e9 produkty. A\u010eAZakladate\u013eka Ahojte, cel\u00e1 idea Lamy vznikla naroden\u00edm m\u00f4jho syna Timona. T\u00fdm, \u017ee som sama syna doj\u010dila, h\u013eadala [...]","protected":false},"author":24,"featured_media":0,"parent":0,"menu_order":0,"comment_status":"closed","ping_status":"closed","template":"template-fullwidth.php","meta":{"footnotes":""},"class_list":["post-311","page","type-page","status-publish","hentry","no-thumb"],"jetpack_sharing_enabled":true,"_links":{"self":[{"href":"https:\/\/www.lama-bfc.sk\/en\/wp-json\/wp\/v2\/pages\/311","targetHints":{"allow":["GET"]}}],"collection":[{"href":"https:\/\/www.lama-bfc.sk\/en\/wp-json\/wp\/v2\/pages"}],"about":[{"href":"https:\/\/www.lama-bfc.sk\/en\/wp-json\/wp\/v2\/types\/page"}],"author":[{"embeddable":true,"href":"https:\/\/www.lama-bfc.sk\/en\/wp-json\/wp\/v2\/users\/24"}],"replies":[{"embeddable":true,"href":"https:\/\/www.lama-bfc.sk\/en\/wp-json\/wp\/v2\/comments?post=311"}],"version-history":[{"count":17,"href":"https:\/\/www.lama-bfc.sk\/en\/wp-json\/wp\/v2\/pages\/311\/revisions"}],"predecessor-version":[{"id":2836,"href":"https:\/\/www.lama-bfc.sk\/en\/wp-json\/wp\/v2\/pages\/311\/revisions\/2836"}],"wp:attachment":[{"href":"https:\/\/www.lama-bfc.sk\/en\/wp-json\/wp\/v2\/media?parent=311"}],"curies":[{"name":"wp","href":"https:\/\/api.w.org\/{rel}","templated":true}]}}