{"id":1223,"date":"2021-03-04T12:10:04","date_gmt":"2021-03-04T11:10:04","guid":{"rendered":"https:\/\/www2.lama-bfc.sk\/?page_id=1223"},"modified":"2024-11-26T14:47:09","modified_gmt":"2024-11-26T13:47:09","slug":"zasady-ochrany-osobnych-udajov","status":"publish","type":"page","link":"https:\/\/www.lama-bfc.sk\/en\/rules-on-the-protection-of-personal-data\/","title":{"rendered":"Privacy Policy"},"content":{"rendered":"<h2><span style=\"font-size: 18pt;\">Who we are<\/span><\/h2>\n<span style=\"font-size: 14pt;\"><!-- \/wp:post-content --><!-- wp:paragraph --><\/span>\n\n<span style=\"font-size: 14pt;\">E-shop https:\/\/www.lama-bfc.sk is operated by LAMA (Ing. Andrea Saynykov\u00e1, Obi\u0161ovce 54, 044 81 Ko\u0161ice.ID:47985984, registered in the Trade Licensing Department Komensk\u00e9ho 52, 041 26 Ko\u0161ice).<\/span>\n\n<span style=\"font-size: 14pt;\">- We only process your personal data in a lawful, professional and sensitive manner.<\/span>\n<span style=\"font-size: 14pt;\">- Your personal data is stored in a secure information system with SSL encrypted access and a firewall on our website<\/span>\n<span style=\"font-size: 14pt;\">- All persons who come into contact with your personal data on the part of the controller are duly instructed on the lawful treatment of your personal data and are bound by confidentiality obligations (the sender of the parcel and the e-shop administrator).<\/span>\n\n<span style=\"font-size: 14pt;\">- We only collect from you the data that is necessary to fulfil the purpose for which you contacted us<\/span>\n<span style=\"font-size: 14pt;\">&#8211; m\u00f4\u017eete n\u00e1s kedyko\u013evek po\u017eiada\u0165 o zmazanie hist\u00f3rie na\u0161ej e-mailovej komunik\u00e1cie, datab\u00e1ze objedn\u00e1vok \u010di kompletn\u00e9ho \u00fa\u010dtu z n\u00e1\u0161ho syst\u00e9mu a to emailom na adresu lamabfc@gmail.com<\/span>\n<h2><span style=\"font-size: 18pt;\">What personal data we collect and why we collect it<\/span><\/h2>\n<span style=\"font-size: 14pt;\"><!-- \/wp:paragraph --><!-- wp:heading \/--><!-- wp:heading {\"level\":3} --><\/span>\n\n<strong><span style=\"font-size: 14pt;\">Comments<\/span><\/strong>\n\n<span style=\"font-size: 14pt;\"><!-- \/wp:heading --><!-- wp:paragraph --><\/span>\n\n<span style=\"font-size: 14pt;\">When site visitors leave comments on the site, we collect the data that is displayed in the comment form as well as the users' IP address and browser user-agent to protect against spam.<\/span>\n\n<span style=\"font-size: 14pt;\"><!-- \/wp:paragraph --><!-- wp:paragraph --><\/span>\n\n<span style=\"font-size: 14pt;\">An anonymised string created from your email address (also called a hash) may be provided to Gravatar to verify that you are using it. Gravatar's privacy policy can be found at: https:\/\/automattic.com\/privacy\/. Once your comment has been approved, your profile photo will be publicly displayed along with the content of your comment.<\/span>\n\n<span style=\"font-size: 14pt;\"><!-- \/wp:paragraph --><!-- wp:heading {\"level\":3} --><\/span>\n<h3><span style=\"font-size: 14pt;\">Multimedia<\/span><\/h3>\n<span style=\"font-size: 14pt;\"><!-- \/wp:heading --><!-- wp:paragraph --><\/span>\n\n<span style=\"font-size: 14pt;\">When uploading images to a website, you should avoid uploading images with EXIF GPS location data. Visitors to the site can download and view any location data from the images.<\/span>\n\n<span style=\"font-size: 14pt;\"><!-- \/wp:paragraph --><!-- wp:heading {\"level\":3} --><\/span>\n<h3><span style=\"font-size: 14pt;\">Contact forms<\/span><\/h3>\n<span style=\"font-size: 14pt;\">When site visitors leave a message on the site, we collect the data that is submitted in the form as well as the IP address of the user and the user-agent of the browser to protect against spam.<\/span>\n\n<span style=\"font-size: 14pt;\"><!-- \/wp:heading --><!-- wp:heading {\"level\":3} --><\/span>\n\n<strong><span style=\"font-size: 14pt;\">Cookies<\/span><\/strong>\n\n<span style=\"font-size: 14pt;\"><!-- \/wp:heading --><!-- wp:paragraph --><\/span>\n\n<span style=\"font-size: 14pt;\">If you post a comment on our site, you may consent to the storage of your name, email address and website in cookies. This is for your convenience so that you do not have to re-fill your details again when you post your next comment. These cookies are valid for one year.<\/span>\n\n<span style=\"font-size: 14pt;\"><!-- \/wp:paragraph --><!-- wp:paragraph --><\/span>\n\n<span style=\"font-size: 14pt;\">If you have an account on our website and log in, we will store temporary cookies to determine whether your browser accepts cookies. These cookies do not contain any personal information and are discarded when you close your browser.<\/span>\n\n<span style=\"font-size: 14pt;\"><!-- \/wp:paragraph --><!-- wp:paragraph --><\/span>\n\n<span style=\"font-size: 14pt;\">When you log in, we set a number of cookies to store your login details and display settings. Login cookies are valid for two days and display settings for one year. If you choose the \"remember\" option, your login will be valid for two weeks. When you log out of your account, the cookies are deleted.<\/span>\n\n<span style=\"font-size: 14pt;\"><!-- \/wp:paragraph --><!-- wp:paragraph --><\/span>\n\n<span style=\"font-size: 14pt;\">When you edit or publish an article, additional cookies will be stored in your browser. These cookies do not contain any personal data and only refer to the ID of the article you have edited. The files are valid for 1 day.<\/span>\n\n<span style=\"font-size: 14pt;\"><!-- \/wp:paragraph --><!-- wp:heading {\"level\":3} --><\/span>\n\n<strong><span style=\"font-size: 14pt;\">Embedded content from other websites<\/span><\/strong>\n\n<span style=\"font-size: 14pt;\"><!-- \/wp:heading --><!-- wp:paragraph --><\/span>\n\n<span style=\"font-size: 14pt;\">Articles on this website may contain embedded content (e.g. videos, images, articles, etc.). Embedded content from other sites behaves the same as if the visitor had visited another website.<\/span>\n\n<span style=\"font-size: 14pt;\"><!-- \/wp:paragraph --><!-- wp:paragraph --><\/span>\n\n<span style=\"font-size: 14pt;\">These websites may collect personal information about you, use cookies, embed third-party tracking, and monitor your interaction with embedded content, including tracking your interaction with embedded content if you have an account and are logged in to that website.<\/span>\n\n<span style=\"font-size: 14pt;\"><!-- \/wp:paragraph --><!-- wp:heading {\"level\":3} --><\/span>\n\n<strong><span style=\"font-size: 14pt;\">Analytics<\/span><\/strong>\n<div><span style=\"font-size: 14pt;\">When you browse the site, we collect data such as IP address, location and user-agent for analytical purposes.<\/span><\/div>\n<div><\/div>\n<span style=\"font-size: 14pt;\"><!-- \/wp:heading --><!-- wp:heading --><\/span>\n<h2><span style=\"font-size: 18pt;\">Who we share your data with<\/span><\/h2>\n<span style=\"font-size: 14pt;\">\u00a0We do not provide data to third parties. We store user accounts on our website, your orders, messages on our own server and never provide them to third parties.<\/span>\n\n<span style=\"font-size: 14pt;\"><!-- \/wp:heading --><!-- wp:heading --><\/span>\n<h2><span style=\"font-size: 18pt;\">How long we keep your data<\/span><\/h2>\n<span style=\"font-size: 14pt;\"><!-- \/wp:heading --><!-- wp:paragraph --><\/span>\n\n<span style=\"font-size: 14pt;\">When adding a comment, the comment and its meta data are kept separate. This allows us to automatically recognize and approve any related comments without having to put them on hold for moderation.<\/span>\n\n<span style=\"font-size: 14pt;\"><!-- \/wp:paragraph --><!-- wp:paragraph --><\/span>\n\n<span style=\"font-size: 14pt;\">For users who register on our website (if any), we also store the personal data they provide in their user profile. All users can view, edit or delete their personal information (except for user changes) at any time. Website administrators may also view and edit this information.<\/span>\n\n<span style=\"font-size: 14pt;\"><!-- \/wp:paragraph --><!-- wp:heading --><\/span>\n<h2><span style=\"font-size: 18pt;\">What rights you have over your data<\/span><\/h2>\n<span style=\"font-size: 14pt;\"><!-- \/wp:heading --><!-- wp:paragraph --><\/span>\n\n<span style=\"font-size: 14pt;\">If you have an account on this website or have posted a comment here, you can request an export of the personal data we store about you, including the data you have provided to us. You can also request that your personal data be deleted. However, this does not apply to data that we need to keep about you for administrative, legal or security reasons.<\/span>\n\n<span style=\"font-size: 14pt;\"><!-- \/wp:paragraph --><!-- wp:heading --><\/span>\n<h2><span style=\"font-size: 18pt;\">Where we send your data<\/span><\/h2>\n<span style=\"font-size: 14pt;\"><!-- \/wp:heading --><!-- wp:paragraph --><\/span>\n\n<span style=\"font-size: 14pt;\">Visitor comments can be checked by an automated spam detection service.<\/span>\n\n<span style=\"font-size: 14pt;\"><!-- \/wp:paragraph --><!-- wp:heading --><\/span>\n<h2><span style=\"font-size: 18pt;\">Your contact information<\/span><\/h2>\n<span style=\"font-size: 14pt;\">E-shop www.lama-bfc.sk stores your personal data in case you are our customer and you have registered via the online shop.<\/span>\n\n<span style=\"font-size: 14pt;\">We store the following information about registered users, which is mandatory if you are a customer of our shop:<\/span>\n<ul>\n \t<li><span style=\"font-size: 14pt;\">Name and surname<\/span><\/li>\n \t<li><span style=\"font-size: 14pt;\">Email<\/span><\/li>\n \t<li><span style=\"font-size: 14pt;\">Customer's billing address<\/span>\n<ul>\n \t<li><span style=\"font-size: 14pt;\">first name<\/span><\/li>\n \t<li><span style=\"font-size: 14pt;\">last name<\/span><\/li>\n \t<li><span style=\"font-size: 14pt;\">company name<\/span><\/li>\n \t<li><span style=\"font-size: 14pt;\">address<\/span><\/li>\n \t<li><span style=\"font-size: 14pt;\">City<\/span><\/li>\n \t<li><span style=\"font-size: 14pt;\">POSTCODE<\/span><\/li>\n \t<li><span style=\"font-size: 14pt;\">Phone<\/span><\/li>\n<\/ul>\n<\/li>\n \t<li><span style=\"font-size: 14pt;\">Customer's delivery address<\/span>\n<ul>\n \t<li><span style=\"font-size: 14pt;\">first name<\/span><\/li>\n \t<li><span style=\"font-size: 14pt;\">last name<\/span><\/li>\n \t<li><span style=\"font-size: 14pt;\">company name<\/span><\/li>\n \t<li><span style=\"font-size: 14pt;\">address<\/span><\/li>\n \t<li><span style=\"font-size: 14pt;\">City<\/span><\/li>\n \t<li><span style=\"font-size: 14pt;\">POSTCODE<\/span><\/li>\n<\/ul>\n<\/li>\n \t<li><span style=\"font-size: 14pt;\">These data are stored in electronic form. If you wish to delete your data after the end of the cooperation, please ask us by email or online <a href=\"https:\/\/www.lama-bfc.sk\/en\/formular-na-zrusenie-spracovania-osobnych-udajov\/?wmc-currency=GBP\">online form<\/a>. Your data will be irreversibly deleted.<\/span><\/li>\n<\/ul>\n<span style=\"font-size: 14pt;\"><!-- \/wp:heading --><!-- wp:heading --><\/span>\n<h2><span style=\"font-size: 18pt;\">How we protect your data<\/span><\/h2>\n<span style=\"font-size: 14pt;\">Data transmission is secured by encryption. The data is stored in a secure database with the need for authorized access, which we protect against damage, destruction, loss or misuse. All our staff who come into contact with the data have been properly instructed in the correct handling of the data. We do not share, disclose or provide your personal data to third parties. Exceptions may be cases exhaustively specified by law - government authorities for the purposes of investigation and inspection.<\/span>\n<h2><span style=\"font-size: 18pt;\">What are our processes for data leaks<\/span><\/h2>\n<span style=\"font-size: 14pt;\">In the event that we become aware that personal data has been leaked from our website, we will report the leakage of such personal data to the Data Protection Authority using the notification form on the Authority's website: <a href=\"https:\/\/dataprotection.gov.sk\/uoou\/sk\/dp\/dp-breach\">https:\/\/dataprotection.gov.sk\/uoou\/sk\/dp\/dp-breach<\/a><\/span>\n<h2><span style=\"font-size: 18pt;\">Security of payment transactions<\/span><\/h2>\n<span style=\"font-size: 14pt;\">When placing an order, please do not enter any information directly related to the handling of money in your accounts when making a bank transfer. All payments are made according to your preference - cash on delivery or cashless internet banking. We do not come into contact with your payment details when you pay by internet banking.<\/span>","protected":false},"excerpt":{"rendered":"<p>Kto sme E-shop https:\/\/www.lama-bfc.sk je prev\u00e1dzkovan\u00fd spolo\u010dnos\u0165ou LAMA (Ing. Andrea Saynykov\u00e1, Obi\u0161ovce 54, 044 81 Ko\u0161ice.I\u010cO:47985984, zap\u00edsanou v odbore \u017eivnostensk\u00e9ho podnikania Komensk\u00e9ho 52, 041 26 Ko\u0161ice). &#8211; K sprac\u00favaniu Va\u0161ich osobn\u00fdch \u00fadajov pristupujeme len z\u00e1konn\u00fdm sp\u00f4sobom, profesion\u00e1lne a citlivo &#8211; Va\u0161e osobn\u00e9 \u00fadaje s\u00fa ulo\u017een\u00e9 v zabezpe\u010denom informa\u010dnom syst\u00e9me s SSL \u0161ifrovan\u00fdm pr\u00edstupom a firewallom [&hellip;]<\/p>","protected":false},"author":24,"featured_media":0,"parent":0,"menu_order":0,"comment_status":"closed","ping_status":"closed","template":"","meta":{"footnotes":""},"class_list":["post-1223","page","type-page","status-publish","hentry","no-thumb"],"jetpack_sharing_enabled":true,"_links":{"self":[{"href":"https:\/\/www.lama-bfc.sk\/en\/wp-json\/wp\/v2\/pages\/1223","targetHints":{"allow":["GET"]}}],"collection":[{"href":"https:\/\/www.lama-bfc.sk\/en\/wp-json\/wp\/v2\/pages"}],"about":[{"href":"https:\/\/www.lama-bfc.sk\/en\/wp-json\/wp\/v2\/types\/page"}],"author":[{"embeddable":true,"href":"https:\/\/www.lama-bfc.sk\/en\/wp-json\/wp\/v2\/users\/24"}],"replies":[{"embeddable":true,"href":"https:\/\/www.lama-bfc.sk\/en\/wp-json\/wp\/v2\/comments?post=1223"}],"version-history":[{"count":4,"href":"https:\/\/www.lama-bfc.sk\/en\/wp-json\/wp\/v2\/pages\/1223\/revisions"}],"predecessor-version":[{"id":4314,"href":"https:\/\/www.lama-bfc.sk\/en\/wp-json\/wp\/v2\/pages\/1223\/revisions\/4314"}],"wp:attachment":[{"href":"https:\/\/www.lama-bfc.sk\/en\/wp-json\/wp\/v2\/media?parent=1223"}],"curies":[{"name":"wp","href":"https:\/\/api.w.org\/{rel}","templated":true}]}}