{"id":4219,"date":"2024-05-30T13:53:32","date_gmt":"2024-05-30T11:53:32","guid":{"rendered":"https:\/\/www.lama-bfc.sk\/?post_type=product&#038;p=4219"},"modified":"2025-10-01T10:56:14","modified_gmt":"2025-10-01T08:56:14","slug":"hana-coral","status":"publish","type":"product","link":"https:\/\/www.lama-bfc.sk\/de\/produkt\/hana-koralle\/","title":{"rendered":"Hana-Koralle"},"content":{"rendered":"","protected":false},"excerpt":{"rendered":"<p class=\"p1\"><span class=\"s1\">Ich habe mich auf den ersten Blick in dieses Kleid verliebt. Ich hoffe, es gibt mehr von uns. Lockerer, l\u00e4nglicher Schnitt des Kleides, ausgefallene R\u00fcschen an den \u00c4rmeln, hergestellt aus einem einzigartigen Material in einer Kombination aus Musselin und Bambus. Sie werden Sie umschmeicheln und umarmen. \u263a\ufe0f<\/span><\/p>\n<p class=\"p1\"><span class=\"s1\">Bequemes und diskretes Stillen wird durch zwei vertikale Rei\u00dfverschl\u00fcsse auf der Vorderseite des Kleides gew\u00e4hrleistet. Und da dieses Kleid nicht nur sch\u00f6n, sondern auch super praktisch ist, d\u00fcrfen Taschen nicht fehlen. <\/span><\/p>\n<p class=\"p1\"><span class=\"s1\">Also kommen Sie und verlieben Sie sich auch.<\/span><\/p>","protected":false},"featured_media":4188,"template":"","meta":[],"product_brand":[],"product_cat":[151,62],"product_tag":[149],"class_list":{"0":"post-4219","1":"product","2":"type-product","3":"status-publish","4":"has-post-thumbnail","6":"product_cat-rozkvitnuta","7":"product_cat-saty","8":"product_tag-muselinbambus","9":"","11":"first","12":"outofstock","13":"sale","14":"shipping-taxable","15":"purchasable","16":"product-type-variable"},"jetpack_sharing_enabled":true,"_links":{"self":[{"href":"https:\/\/www.lama-bfc.sk\/de\/wp-json\/wp\/v2\/product\/4219","targetHints":{"allow":["GET"]}}],"collection":[{"href":"https:\/\/www.lama-bfc.sk\/de\/wp-json\/wp\/v2\/product"}],"about":[{"href":"https:\/\/www.lama-bfc.sk\/de\/wp-json\/wp\/v2\/types\/product"}],"wp:featuredmedia":[{"embeddable":true,"href":"https:\/\/www.lama-bfc.sk\/de\/wp-json\/wp\/v2\/media\/4188"}],"wp:attachment":[{"href":"https:\/\/www.lama-bfc.sk\/de\/wp-json\/wp\/v2\/media?parent=4219"}],"wp:term":[{"taxonomy":"product_brand","embeddable":true,"href":"https:\/\/www.lama-bfc.sk\/de\/wp-json\/wp\/v2\/product_brand?post=4219"},{"taxonomy":"product_cat","embeddable":true,"href":"https:\/\/www.lama-bfc.sk\/de\/wp-json\/wp\/v2\/product_cat?post=4219"},{"taxonomy":"product_tag","embeddable":true,"href":"https:\/\/www.lama-bfc.sk\/de\/wp-json\/wp\/v2\/product_tag?post=4219"}],"curies":[{"name":"wp","href":"https:\/\/api.w.org\/{rel}","templated":true}]}}