{"id":4112,"date":"2024-05-26T21:57:59","date_gmt":"2024-05-26T19:57:59","guid":{"rendered":"https:\/\/www.lama-bfc.sk\/?post_type=product&#038;p=4112"},"modified":"2026-02-17T12:10:20","modified_gmt":"2026-02-17T11:10:20","slug":"penelope-rose","status":"publish","type":"product","link":"https:\/\/www.lama-bfc.sk\/de\/produkt\/penelope-rose\/","title":{"rendered":"Penelope Rose"},"content":{"rendered":"<blockquote><p>&nbsp;<\/p><\/blockquote>","protected":false},"excerpt":{"rendered":"<p class=\"p1\"><span class=\"s1\">Au\u00dfergew\u00f6hnliches Wickelkleid aus unserer Werkstatt. Es ist auf d\u00fcnnen Tr\u00e4gern, also absolut gro\u00dfartig f\u00fcr hei\u00dfe Sommertage, an denen Sie es wirklich sch\u00e4tzen werden. Das Stillen wird durch den ausreichend tiefen Ausschnitt des Kleides und den Wickelrock, der bei Bedarf leicht gelockert werden kann, gew\u00e4hrleistet. Der Schnitt des Kleides Penelope wird Ihre Weiblichkeit und Sch\u00f6nheit unterstreichen. Hergestellt aus einem einzigartigen Stoff in einer Kombination aus Musselin und Bambus. <\/span><\/p>\n<p class=\"p1\"><span class=\"s1\">Entworfen und hergestellt in der Slowakei.\u00a0<\/span><\/p>","protected":false},"featured_media":4185,"template":"","meta":[],"product_brand":[],"product_cat":[151,62],"product_tag":[149],"class_list":{"0":"post-4112","1":"product","2":"type-product","3":"status-publish","4":"has-post-thumbnail","6":"product_cat-rozkvitnuta","7":"product_cat-saty","8":"product_tag-muselinbambus","9":"","11":"first","12":"instock","13":"sale","14":"shipping-taxable","15":"purchasable","16":"product-type-variable"},"jetpack_sharing_enabled":true,"_links":{"self":[{"href":"https:\/\/www.lama-bfc.sk\/de\/wp-json\/wp\/v2\/product\/4112","targetHints":{"allow":["GET"]}}],"collection":[{"href":"https:\/\/www.lama-bfc.sk\/de\/wp-json\/wp\/v2\/product"}],"about":[{"href":"https:\/\/www.lama-bfc.sk\/de\/wp-json\/wp\/v2\/types\/product"}],"wp:featuredmedia":[{"embeddable":true,"href":"https:\/\/www.lama-bfc.sk\/de\/wp-json\/wp\/v2\/media\/4185"}],"wp:attachment":[{"href":"https:\/\/www.lama-bfc.sk\/de\/wp-json\/wp\/v2\/media?parent=4112"}],"wp:term":[{"taxonomy":"product_brand","embeddable":true,"href":"https:\/\/www.lama-bfc.sk\/de\/wp-json\/wp\/v2\/product_brand?post=4112"},{"taxonomy":"product_cat","embeddable":true,"href":"https:\/\/www.lama-bfc.sk\/de\/wp-json\/wp\/v2\/product_cat?post=4112"},{"taxonomy":"product_tag","embeddable":true,"href":"https:\/\/www.lama-bfc.sk\/de\/wp-json\/wp\/v2\/product_tag?post=4112"}],"curies":[{"name":"wp","href":"https:\/\/api.w.org\/{rel}","templated":true}]}}