{"id":4108,"date":"2024-05-26T13:52:56","date_gmt":"2024-05-26T11:52:56","guid":{"rendered":"https:\/\/www.lama-bfc.sk\/?post_type=product&#038;p=4108"},"modified":"2026-04-22T20:18:31","modified_gmt":"2026-04-22T18:18:31","slug":"hana-meadow","status":"publish","type":"product","link":"https:\/\/www.lama-bfc.sk\/de\/produkt\/hana-wiese\/","title":{"rendered":"Hana-Wiese"},"content":{"rendered":"","protected":false},"excerpt":{"rendered":"<p class=\"p1\">Ich habe mich auf den ersten Blick in dieses Kleid verliebt. Ich hoffe, dass es noch mehr von uns geben wird. Lockerer, l\u00e4nglicher Schnitt des Kleides, ausgefallene R\u00fcschen an den \u00c4rmeln, gen\u00e4ht in einem wundersch\u00f6nen und einzigartigen Blumenmuster aus feinster Viskose. Sie werden Sie umschmeicheln und umarmen. \u263a\ufe0f<\/p>\n<p class=\"p1\">Bequemes und diskretes Stillen wird durch zwei vertikale Rei\u00dfverschl\u00fcsse auf der Vorderseite des Kleides gew\u00e4hrleistet. Und da dieses Kleid nicht nur sch\u00f6n, sondern auch super praktisch ist, d\u00fcrfen Taschen nicht fehlen.<\/p>\n<p class=\"p1\"><span class=\"s1\">Also kommen Sie und verlieben Sie sich auch. <\/span><\/p>\n<p class=\"p1\"><span class=\"s1\">Entworfen und hergestellt in der Slowakei.<\/span><\/p>","protected":false},"featured_media":4204,"template":"","meta":[],"product_brand":[],"product_cat":[151,62],"product_tag":[142],"class_list":{"0":"post-4108","1":"product","2":"type-product","3":"status-publish","4":"has-post-thumbnail","6":"product_cat-rozkvitnuta","7":"product_cat-saty","8":"product_tag-viscose","9":"","11":"first","12":"instock","13":"sale","14":"shipping-taxable","15":"purchasable","16":"product-type-variable"},"jetpack_sharing_enabled":true,"_links":{"self":[{"href":"https:\/\/www.lama-bfc.sk\/de\/wp-json\/wp\/v2\/product\/4108","targetHints":{"allow":["GET"]}}],"collection":[{"href":"https:\/\/www.lama-bfc.sk\/de\/wp-json\/wp\/v2\/product"}],"about":[{"href":"https:\/\/www.lama-bfc.sk\/de\/wp-json\/wp\/v2\/types\/product"}],"wp:featuredmedia":[{"embeddable":true,"href":"https:\/\/www.lama-bfc.sk\/de\/wp-json\/wp\/v2\/media\/4204"}],"wp:attachment":[{"href":"https:\/\/www.lama-bfc.sk\/de\/wp-json\/wp\/v2\/media?parent=4108"}],"wp:term":[{"taxonomy":"product_brand","embeddable":true,"href":"https:\/\/www.lama-bfc.sk\/de\/wp-json\/wp\/v2\/product_brand?post=4108"},{"taxonomy":"product_cat","embeddable":true,"href":"https:\/\/www.lama-bfc.sk\/de\/wp-json\/wp\/v2\/product_cat?post=4108"},{"taxonomy":"product_tag","embeddable":true,"href":"https:\/\/www.lama-bfc.sk\/de\/wp-json\/wp\/v2\/product_tag?post=4108"}],"curies":[{"name":"wp","href":"https:\/\/api.w.org\/{rel}","templated":true}]}}